{"id":10954,"date":"2023-04-26T09:05:21","date_gmt":"2023-04-26T09:05:21","guid":{"rendered":"https:\/\/modale.com\/cac-dieu-khoan-va-dieu-kien\/"},"modified":"2023-08-02T05:54:08","modified_gmt":"2023-08-02T05:54:08","slug":"cac-dieu-khoan-va-dieu-kien","status":"publish","type":"page","link":"https:\/\/modale.com\/vi\/cac-dieu-khoan-va-dieu-kien\/","title":{"rendered":"\u0110I\u1ec0U KI\u1ec6N &amp; \u0110I\u1ec0U KHO\u1ea2N"},"content":{"rendered":"\t\t<div data-elementor-type=\"wp-page\" data-elementor-id=\"10954\" class=\"elementor elementor-10954 elementor-9876\" data-elementor-post-type=\"page\">\n\t\t\t\t\t\t<section class=\"elementor-section elementor-top-section elementor-element elementor-element-b076eb2 elementor-section-boxed elementor-section-height-default elementor-section-height-default\" data-id=\"b076eb2\" data-element_type=\"section\" data-settings=\"{&quot;jet_parallax_layout_list&quot;:[]}\">\n\t\t\t\t\t\t<div class=\"elementor-container elementor-column-gap-default\">\n\t\t\t\t\t<div class=\"elementor-column elementor-col-100 elementor-top-column elementor-element elementor-element-56a69db\" data-id=\"56a69db\" data-element_type=\"column\">\n\t\t\t<div class=\"elementor-widget-wrap elementor-element-populated\">\n\t\t\t\t\t\t<section class=\"elementor-section elementor-inner-section elementor-element elementor-element-3cac057 elementor-section-height-min-height elementor-section-content-middle elementor-section-boxed elementor-section-height-default elementor-invisible\" data-id=\"3cac057\" data-element_type=\"section\" data-settings=\"{&quot;jet_parallax_layout_list&quot;:[],&quot;animation&quot;:&quot;fadeInUp&quot;}\">\n\t\t\t\t\t\t<div class=\"elementor-container elementor-column-gap-default\">\n\t\t\t\t\t<div class=\"elementor-column elementor-col-100 elementor-inner-column elementor-element elementor-element-86f17d7\" data-id=\"86f17d7\" data-element_type=\"column\">\n\t\t\t<div class=\"elementor-widget-wrap elementor-element-populated\">\n\t\t\t\t\t\t<div class=\"elementor-element elementor-element-8b97dad elementor-widget elementor-widget-html\" data-id=\"8b97dad\" data-element_type=\"widget\" data-widget_type=\"html.default\">\n\t\t\t\t<div class=\"elementor-widget-container\">\n\t\t\t<script>jQuery(document).ready(function(){\n        jQuery(\".MenuIc svg rect\").attr(\"fill\",\"#131313\")\n    })\n<\/script>\t\t<\/div>\n\t\t\t\t<\/div>\n\t\t\t\t<div class=\"elementor-element elementor-element-1fdb8d3 elementor-widget elementor-widget-heading\" data-id=\"1fdb8d3\" data-element_type=\"widget\" data-widget_type=\"heading.default\">\n\t\t\t\t<div class=\"elementor-widget-container\">\n\t\t\t<style>\/*! elementor - v3.21.0 - 30-04-2024 *\/\n.elementor-heading-title{padding:0;margin:0;line-height:1}.elementor-widget-heading .elementor-heading-title[class*=elementor-size-]>a{color:inherit;font-size:inherit;line-height:inherit}.elementor-widget-heading .elementor-heading-title.elementor-size-small{font-size:15px}.elementor-widget-heading .elementor-heading-title.elementor-size-medium{font-size:19px}.elementor-widget-heading .elementor-heading-title.elementor-size-large{font-size:29px}.elementor-widget-heading .elementor-heading-title.elementor-size-xl{font-size:39px}.elementor-widget-heading .elementor-heading-title.elementor-size-xxl{font-size:59px}<\/style><h2 class=\"elementor-heading-title elementor-size-default\">\u0110I\u1ec0U KI\u1ec6N & \u0110I\u1ec0U KHO\u1ea2N<\/h2>\t\t<\/div>\n\t\t\t\t<\/div>\n\t\t\t\t<div class=\"elementor-element elementor-element-ca8b28f elementor-widget__width-inherit elementor-widget elementor-widget-heading\" data-id=\"ca8b28f\" data-element_type=\"widget\" data-widget_type=\"heading.default\">\n\t\t\t\t<div class=\"elementor-widget-container\">\n\t\t\t<p class=\"elementor-heading-title elementor-size-default\">Ch\u00e0o m\u1eebng kh\u00e1ch h\u00e0ng \u0111\u1ebfn v\u1edbi <strong>Modale<\/strong>. Trang web c\u1ee7a ch\u00fang t\u00f4i cung c\u1ea5p th\u00f4ng tin v\u1ec1 s\u1ea3n ph\u1ea9m v\u00e0 d\u1ecbch v\u1ee5 c\u1ee7a ch\u00fang t\u00f4i. Qu\u00fd kh\u00e1ch h\u00e0ng vui l\u00f2ng \u0111\u1ecdc k\u1ef9 c\u00e1c \u0110i\u1ec1u kho\u1ea3n v\u00e0 \u0110i\u1ec1u ki\u1ec7n n\u00e0y tr\u01b0\u1edbc khi s\u1eed d\u1ee5ng trang web c\u1ee7a ch\u00fang t\u00f4i. B\u1eb1ng vi\u1ec7c truy c\u1eadp v\u00e0 s\u1eed d\u1ee5ng trang web c\u1ee7a ch\u00fang t\u00f4i, kh\u00e1ch h\u00e0ng \u0111\u1ed3ng \u00fd ch\u1ecbu r\u00e0ng bu\u1ed9c b\u1edfi c\u00e1c \u0110i\u1ec1u kho\u1ea3n v\u00e0 \u0110i\u1ec1u ki\u1ec7n n\u00e0y.\n<br><br>\n\n<strong>S\u1edf h\u1eefu tr\u00ed tu\u1ec7:<\/strong>\nT\u1ea5t c\u1ea3 n\u1ed9i dung tr\u00ean trang web c\u1ee7a ch\u00fang t\u00f4i, bao g\u1ed3m nh\u01b0ng kh\u00f4ng gi\u1edbi h\u1ea1n, v\u0103n b\u1ea3n, h\u00ecnh \u1ea3nh, \u0111\u1ed3 h\u1ecda, logo v\u00e0 ph\u1ea7n m\u1ec1m, l\u00e0 t\u00e0i s\u1ea3n c\u1ee7a Modale v\u00e0 c\u00e1c \u0111\u1ed1i t\u00e1c c\u1ee7a ch\u00fang t\u00f4i ho\u1eb7c ng\u01b0\u1eddi \u0111\u01b0\u1ee3c c\u1ea5p ph\u00e9p c\u1ee7a Modale, v\u00e0 \u0111\u01b0\u1ee3c b\u1ea3o v\u1ec7 b\u1edfi lu\u1eadt b\u1ea3n quy\u1ec1n, lu\u1eadt th\u01b0\u01a1ng hi\u1ec7u v\u00e0 c\u00e1c lu\u1eadt s\u1edf h\u1eefu tr\u00ed tu\u1ec7 kh\u00e1c. Kh\u00e1ch h\u00e0ng kh\u00f4ng \u0111\u01b0\u1ee3c sao ch\u00e9p, ph\u00e2n ph\u1ed1i ho\u1eb7c s\u1eeda \u0111\u1ed5i b\u1ea5t k\u1ef3 n\u1ed9i dung n\u00e0o tr\u00ean trang web c\u1ee7a ch\u00fang t\u00f4i m\u00e0 ch\u01b0a \u0111\u01b0\u1ee3c ch\u00fang t\u00f4i \u0111\u1ed3ng thu\u1eadn tr\u01b0\u1edbc b\u1eb1ng v\u0103n b\u1ea3n.\n<br><br>\n\n<strong>Tuy\u00ean b\u1ed1 t\u1eeb ch\u1ed1i tr\u00e1ch nhi\u1ec7m ph\u00e1p l\u00fd:<\/strong>\nTrang web c\u1ee7a ch\u00fang t\u00f4i ch\u1ec9 \u0111\u01b0\u1ee3c t\u1ea1o ra cho m\u1ee5c \u0111\u00edch cung c\u1ea5p th\u00f4ng tin. Ch\u00fang t\u00f4i kh\u00f4ng \u0111\u1ea3m b\u1ea3o ho\u1eb7c \u0111\u1ea1i di\u1ec7n v\u1ec1 t\u00ednh ch\u00ednh x\u00e1c, \u0111\u1ea7y \u0111\u1ee7 ho\u1eb7c \u0111\u1ed9 tin c\u1eady c\u1ee7a b\u1ea5t k\u1ef3 th\u00f4ng tin n\u00e0o tr\u00ean trang web c\u1ee7a ch\u00fang t\u00f4i. Ch\u00fang t\u00f4i s\u1ebd kh\u00f4ng ch\u1ecbu tr\u00e1ch nhi\u1ec7m ph\u00e1p l\u00fd v\u1ec1 b\u1ea5t k\u1ef3 thi\u1ec7t h\u1ea1i tr\u1ef1c ti\u1ebfp, gi\u00e1n ti\u1ebfp, \u0111\u1eb7c bi\u1ec7t ho\u1eb7c h\u1eadu qu\u1ea3 ph\u00e1t sinh ho\u1eb7c li\u00ean quan t\u1eeb vi\u1ec7c kh\u00e1ch h\u00e0ng s\u1eed d\u1ee5ng trang web c\u1ee7a ch\u00fang t\u00f4i.\n<br><br>\n\n<strong>Ch\u00ednh s\u00e1ch b\u1ea3o h\u00e0nh:<\/strong> vi\u1ec7c b\u1ea3o h\u00e0nh cho H\u00e0ng H\u00f3a cung c\u1ea5p qua trang web c\u1ee7a ch\u00fang t\u00f4i s\u1ebd theo ch\u00ednh s\u00e1ch b\u1ea3o h\u00e0nh \u0111\u01b0\u1ee3c nh\u00e0 s\u1ea3n xu\u1ea5t c\u00f4ng b\u1ed1 v\u00e0 \u0111i\u1ec1u ch\u1ec9nh v\u00e0o t\u1eebng th\u1eddi \u0111i\u1ec3m.\n<br><br>\n\n<strong>Ch\u00ednh s\u00e1ch \u0111\u1ed5i tr\u1ea3 h\u00e0ng h\u00f3a:<\/strong> v\u00e0o th\u1eddi \u0111i\u1ec3m ti\u1ebfp nh\u1eadn H\u00e0ng Ho\u00e1, Kh\u00e1ch h\u00e0ng s\u1ebd ki\u1ec3m tra k\u1ef9 l\u01b0\u1ee1ng t\u00ecnh tr\u1ea1ng H\u00e0ng H\u00f3a v\u00e0 k\u00fd v\u00e0o Phi\u1ebfu Giao Nh\u1eadn H\u00e0ng. N\u1ebfu ph\u00e1t hi\u1ec7n H\u00e0ng Ho\u00e1 c\u00f3 b\u1ea5t k\u1ef3 h\u01b0 h\u1ecfng r\u00f5 r\u1ec7t n\u00e0o, th\u00ec Kh\u00e1ch h\u00e0ng s\u1ebd ghi r\u00f5 c\u00e1c v\u1ea5n \u0111\u1ec1 n\u00e0y v\u00e0o Phi\u1ebfu Giao Nh\u1eadn H\u00e0ng, c\u00f3 \u0111\u00ednh k\u00e8m h\u00ecnh ch\u1ee5p v\u00e0 video c\u1ee7a H\u00e0ng H\u00f3a b\u1ecb h\u01b0 h\u1ecfng r\u00f5 rang \u0111\u00f3. N\u1ebfu Kh\u00e1ch h\u00e0ng kh\u00f4ng th\u1ef1c hi\u1ec7n quy \u0111\u1ecbnh n\u00e0y v\u00e0o th\u1eddi \u0111i\u1ec3m ti\u1ebfp nh\u1eadn H\u00e0ng H\u00f3a th\u00ec Modale s\u1ebd kh\u00f4ng cung c\u1ea5p H\u00e0ng H\u00f3a thay th\u1ebf.\n<br><br>\n\n<strong>Gi\u00e1 c\u1ea3 h\u00e0ng h\u00f3a & Thu\u1ebf VAT:<\/strong> gi\u00e1 c\u1ea3 h\u00e0ng h\u00f3a \u0111\u01b0\u1ee3c th\u1ec3 hi\u1ec7n tr\u00ean trang web c\u1ee7a ch\u00fang t\u00f4i l\u00e0 gi\u00e1 \u0111\u00e3 bao g\u1ed3m thu\u1ebf VAT theo quy \u0111\u1ecbnh c\u1ee7a ph\u00e1p lu\u1eadt Vi\u1ec7t Nam. Gi\u00e1 h\u00e0ng h\u00f3a s\u1ebd thay \u0111\u1ed5i theo \u0111\u1ec1 xu\u1ea5t c\u1ee7a Nh\u00e0 cung c\u1ea5p.\n<br><br>\n\n<strong>Giao H\u00e0ng h\u00f3a & Ch\u1ee9ng t\u1eeb:<\/strong> ch\u00fang t\u00f4i s\u1ebd giao H\u00e0ng h\u00f3a & Ch\u1ee9ng t\u1eeb cho Kh\u00e1ch h\u00e0ng theo quy \u0111\u1ecbnh c\u1ee7a H\u1ee3p \u0110\u1ed3ng Mua B\u00e1n k\u00fd gi\u1eefa Hai B\u00ean.\n<br><br>\n\n<strong>Li\u00ean k\u1ebft \u0111\u1ebfn trang web c\u1ee7a b\u00ean th\u1ee9 ba:<\/strong>\nTrang web c\u1ee7a ch\u00fang t\u00f4i c\u00f3 th\u1ec3 ch\u1ee9a c\u00e1c li\u00ean k\u1ebft \u0111\u1ebfn c\u00e1c trang web c\u1ee7a b\u00ean th\u1ee9 ba m\u00e0 kh\u00f4ng \u0111\u01b0\u1ee3c modale s\u1edf h\u1eefu ho\u1eb7c ki\u1ec3m so\u00e1t. ch\u00fang t\u00f4i kh\u00f4ng x\u00e1c nh\u1eadn ho\u1eb7c ch\u1ecbu tr\u00e1ch nhi\u1ec7m m\u1ecdi v\u1ea5n \u0111\u1ec1 v\u1ec1 n\u1ed9i dung ho\u1eb7c th\u1ef1c ti\u1ec5n c\u1ee7a b\u1ea5t k\u1ef3 trang web b\u00ean th\u1ee9 ba n\u00e0o. kh\u00e1ch h\u00e0ng t\u1ef1 ch\u1ecbu tr\u00e1ch nhi\u1ec7m cho m\u1ecdi truy c\u1eadp t\u1edbi c\u00e1c trang web c\u1ee7a b\u00ean th\u1ee9 ba.\n<br><br>\n\n<strong>S\u1eeda \u0111\u1ed5i \u0111\u1ed1i v\u1edbi c\u00e1c \u0111i\u1ec1u kho\u1ea3n v\u00e0 \u0111i\u1ec1u ki\u1ec7n n\u00e0y:<\/strong>\nCh\u00fang t\u00f4i c\u00f3 th\u1ec3 s\u1eeda \u0111\u1ed5i c\u00e1c \u0111i\u1ec1u kho\u1ea3n v\u00e0 \u0111i\u1ec1u ki\u1ec7n n\u00e0y theo th\u1eddi gian b\u1eb1ng c\u00e1ch \u0111\u0103ng b\u1ea3n c\u1eadp nh\u1eadt tr\u00ean trang web. vi\u1ec7c kh\u00e1ch h\u00e0ng ti\u1ebfp t\u1ee5c s\u1eed d\u1ee5ng trang web c\u1ee7a ch\u00fang t\u00f4i sau nh\u1eefng s\u1eeda \u0111\u1ed5i \u0111\u00f3 s\u1ebd \u0111\u1ed3ng ngh\u0129a v\u1edbi s\u1ef1 ch\u1ea5p thu\u1eadn c\u1ee7a kh\u00e1ch h\u00e0ng v\u1edbi c\u00e1c \u0111i\u1ec1u kho\u1ea3n v\u00e0 \u0111i\u1ec1u ki\u1ec7n \u0111\u01b0\u1ee3c c\u1eadp nh\u1eadt.\n<br><br>\n\n<strong>Li\u00ean h\u1ec7 ch\u00fang t\u00f4i:<\/strong>\nN\u1ebfu kh\u00e1ch h\u00e0ng c\u00f3 b\u1ea5t k\u1ef3 c\u00e2u h\u1ecfi ho\u1eb7c th\u1eafc m\u1eafc v\u1ec1 nh\u1eefng \u0111i\u1ec1u kho\u1ea3n v\u00e0 \u0111i\u1ec1u ki\u1ec7n n\u00e0y ho\u1eb7c trang web, vui l\u00f2ng li\u00ean h\u1ec7 v\u1edbi ch\u00fang t\u00f4i qua email: info@modale.com.\n<br><br>\n\nB\u1eb1ng vi\u1ec7c truy c\u1eadp v\u00e0 s\u1eed d\u1ee5ng trang web c\u1ee7a ch\u00fang t\u00f4i, kh\u00e1ch h\u00e0ng \u0111\u1ed3ng \u00fd ch\u1ecbu r\u00e0ng bu\u1ed9c b\u1edfi c\u00e1c \u0110i\u1ec1u kho\u1ea3n v\u00e0 \u0110i\u1ec1u ki\u1ec7n n\u00e0y (bao g\u1ed3m c\u1ea3 b\u1ea5t k\u1ef3 s\u1eeda \u0111\u1ed5i b\u1ed5 sung n\u00e0o sau \u0111\u00f3). N\u1ebfu kh\u00e1ch h\u00e0ng kh\u00f4ng \u0111\u1ed3ng \u00fd v\u1edbi b\u1ea5t k\u1ef3 n\u1ed9i dung n\u00e0o c\u1ee7a c\u00e1c \u0110i\u1ec1u ki\u1ec7n & \u0110i\u1ec1u kho\u1ea3n n\u00e0y (bao g\u1ed3m c\u1ea3 b\u1ea5t k\u1ef3 s\u1eeda \u0111\u1ed5i b\u1ed5 sung n\u00e0o sau \u0111\u00f3), kh\u00e1ch h\u00e0ng vui l\u00f2ng kh\u00f4ng s\u1eed d\u1ee5ng trang web c\u1ee7a ch\u00fang t\u00f4i.<\/p>\t\t<\/div>\n\t\t\t\t<\/div>\n\t\t\t\t\t<\/div>\n\t\t<\/div>\n\t\t\t\t\t<\/div>\n\t\t<\/section>\n\t\t\t\t\t<\/div>\n\t\t<\/div>\n\t\t\t\t\t<\/div>\n\t\t<\/section>\n\t\t\t\t<\/div>\n\t\t","protected":false},"excerpt":{"rendered":"<p>\u0110I\u1ec0U KI\u1ec6N &#038; \u0110I\u1ec0U KHO\u1ea2N Ch\u00e0o m\u1eebng kh\u00e1ch h\u00e0ng \u0111\u1ebfn v\u1edbi Modale. Trang web c\u1ee7a ch\u00fang t\u00f4i cung c\u1ea5p th\u00f4ng tin v\u1ec1 s\u1ea3n ph\u1ea9m v\u00e0 d\u1ecbch v\u1ee5 c\u1ee7a ch\u00fang t\u00f4i. Qu\u00fd kh\u00e1ch h\u00e0ng vui l\u00f2ng \u0111\u1ecdc k\u1ef9 c\u00e1c \u0110i\u1ec1u kho\u1ea3n v\u00e0 \u0110i\u1ec1u ki\u1ec7n n\u00e0y tr\u01b0\u1edbc khi s\u1eed d\u1ee5ng trang web c\u1ee7a ch\u00fang t\u00f4i. B\u1eb1ng vi\u1ec7c [&hellip;]<\/p>\n","protected":false},"author":1,"featured_media":0,"parent":0,"menu_order":0,"comment_status":"closed","ping_status":"closed","template":"elementor_header_footer","meta":{"footnotes":""},"class_list":["post-10954","page","type-page","status-publish","hentry"],"_links":{"self":[{"href":"https:\/\/modale.com\/vi\/wp-json\/wp\/v2\/pages\/10954","targetHints":{"allow":["GET"]}}],"collection":[{"href":"https:\/\/modale.com\/vi\/wp-json\/wp\/v2\/pages"}],"about":[{"href":"https:\/\/modale.com\/vi\/wp-json\/wp\/v2\/types\/page"}],"author":[{"embeddable":true,"href":"https:\/\/modale.com\/vi\/wp-json\/wp\/v2\/users\/1"}],"replies":[{"embeddable":true,"href":"https:\/\/modale.com\/vi\/wp-json\/wp\/v2\/comments?post=10954"}],"version-history":[{"count":0,"href":"https:\/\/modale.com\/vi\/wp-json\/wp\/v2\/pages\/10954\/revisions"}],"wp:attachment":[{"href":"https:\/\/modale.com\/vi\/wp-json\/wp\/v2\/media?parent=10954"}],"curies":[{"name":"wp","href":"https:\/\/api.w.org\/{rel}","templated":true}]}}