{"id":13453,"date":"2023-06-29T10:18:04","date_gmt":"2023-06-29T10:18:04","guid":{"rendered":"https:\/\/modale.com\/gioi-thieu\/"},"modified":"2024-09-06T08:13:48","modified_gmt":"2024-09-06T08:13:48","slug":"gioi-thieu","status":"publish","type":"page","link":"https:\/\/modale.com\/vi\/gioi-thieu\/","title":{"rendered":"GI\u1edaI THI\u1ec6U"},"content":{"rendered":"\t\t<div data-elementor-type=\"wp-page\" data-elementor-id=\"13453\" class=\"elementor elementor-13453 elementor-13424\" data-elementor-post-type=\"page\">\n\t\t\t\t\t\t<section class=\"elementor-section elementor-top-section elementor-element elementor-element-64a5d7c9 elementor-section-boxed elementor-section-height-default elementor-section-height-default\" data-id=\"64a5d7c9\" data-element_type=\"section\" data-settings=\"{&quot;jet_parallax_layout_list&quot;:[]}\">\n\t\t\t\t\t\t<div class=\"elementor-container elementor-column-gap-default\">\n\t\t\t\t\t<div class=\"elementor-column elementor-col-100 elementor-top-column elementor-element elementor-element-49c105dc\" data-id=\"49c105dc\" data-element_type=\"column\">\n\t\t\t<div class=\"elementor-widget-wrap elementor-element-populated\">\n\t\t\t\t\t\t<section class=\"elementor-section elementor-inner-section elementor-element elementor-element-32cf88f3 elementor-section-height-min-height elementor-section-content-middle elementor-section-boxed elementor-section-height-default elementor-invisible\" data-id=\"32cf88f3\" data-element_type=\"section\" data-settings=\"{&quot;jet_parallax_layout_list&quot;:[],&quot;animation&quot;:&quot;fadeInUp&quot;}\">\n\t\t\t\t\t\t<div class=\"elementor-container elementor-column-gap-default\">\n\t\t\t\t\t<div class=\"elementor-column elementor-col-100 elementor-inner-column elementor-element elementor-element-44dfe5a2\" data-id=\"44dfe5a2\" data-element_type=\"column\">\n\t\t\t<div class=\"elementor-widget-wrap elementor-element-populated\">\n\t\t\t\t\t\t<div class=\"elementor-element elementor-element-826c2e9 elementor-widget elementor-widget-image\" data-id=\"826c2e9\" data-element_type=\"widget\" data-widget_type=\"image.default\">\n\t\t\t\t<div class=\"elementor-widget-container\">\n\t\t\t<style>\/*! elementor - v3.21.0 - 30-04-2024 *\/\n.elementor-widget-image{text-align:center}.elementor-widget-image a{display:inline-block}.elementor-widget-image a img[src$=\".svg\"]{width:48px}.elementor-widget-image img{vertical-align:middle;display:inline-block}<\/style>\t\t\t\t\t\t\t\t\t\t<img fetchpriority=\"high\" decoding=\"async\" width=\"1600\" height=\"826\" src=\"https:\/\/modale.com\/wp-content\/uploads\/2023\/12\/WhatsApp-Image-2023-12-18-at-12.18.59.jpeg\" class=\"attachment-full size-full wp-image-14389\" alt=\"\" srcset=\"https:\/\/modale.com\/wp-content\/uploads\/2023\/12\/WhatsApp-Image-2023-12-18-at-12.18.59.jpeg 1600w, https:\/\/modale.com\/wp-content\/uploads\/2023\/12\/WhatsApp-Image-2023-12-18-at-12.18.59-300x155.jpeg 300w, https:\/\/modale.com\/wp-content\/uploads\/2023\/12\/WhatsApp-Image-2023-12-18-at-12.18.59-1024x529.jpeg 1024w, https:\/\/modale.com\/wp-content\/uploads\/2023\/12\/WhatsApp-Image-2023-12-18-at-12.18.59-768x396.jpeg 768w, https:\/\/modale.com\/wp-content\/uploads\/2023\/12\/WhatsApp-Image-2023-12-18-at-12.18.59-1536x793.jpeg 1536w, https:\/\/modale.com\/wp-content\/uploads\/2023\/12\/WhatsApp-Image-2023-12-18-at-12.18.59-600x310.jpeg 600w\" sizes=\"(max-width: 1600px) 100vw, 1600px\" \/>\t\t\t\t\t\t\t\t\t\t\t\t\t<\/div>\n\t\t\t\t<\/div>\n\t\t\t\t<div class=\"elementor-element elementor-element-59d10afa elementor-widget elementor-widget-html\" data-id=\"59d10afa\" data-element_type=\"widget\" data-widget_type=\"html.default\">\n\t\t\t\t<div class=\"elementor-widget-container\">\n\t\t\t<script>jQuery(document).ready(function(){\n        jQuery(\".MenuIc svg rect\").attr(\"fill\",\"#131313\")\n    })\n<\/script>\t\t<\/div>\n\t\t\t\t<\/div>\n\t\t\t\t<div class=\"elementor-element elementor-element-643f93fa elementor-widget elementor-widget-heading\" data-id=\"643f93fa\" data-element_type=\"widget\" data-widget_type=\"heading.default\">\n\t\t\t\t<div class=\"elementor-widget-container\">\n\t\t\t<style>\/*! elementor - v3.21.0 - 30-04-2024 *\/\n.elementor-heading-title{padding:0;margin:0;line-height:1}.elementor-widget-heading .elementor-heading-title[class*=elementor-size-]>a{color:inherit;font-size:inherit;line-height:inherit}.elementor-widget-heading .elementor-heading-title.elementor-size-small{font-size:15px}.elementor-widget-heading .elementor-heading-title.elementor-size-medium{font-size:19px}.elementor-widget-heading .elementor-heading-title.elementor-size-large{font-size:29px}.elementor-widget-heading .elementor-heading-title.elementor-size-xl{font-size:39px}.elementor-widget-heading .elementor-heading-title.elementor-size-xxl{font-size:59px}<\/style><h2 class=\"elementor-heading-title elementor-size-default\">GI\u1edaI THI\u1ec6U<\/h2>\t\t<\/div>\n\t\t\t\t<\/div>\n\t\t\t\t<div class=\"elementor-element elementor-element-5d309a6 elementor-widget__width-inherit elementor-widget elementor-widget-heading\" data-id=\"5d309a6\" data-element_type=\"widget\" data-widget_type=\"heading.default\">\n\t\t\t\t<div class=\"elementor-widget-container\">\n\t\t\t<p class=\"elementor-heading-title elementor-size-default\"><strong>MODALE<\/strong> Nh\u00e0 ph\u00e2n ph\u1ed1i n\u1ed9i th\u1ea5t Ch\u00e2u \u00c2u cao c\u1ea5p - n\u01a1i Qu\u00fd Kh\u00e1ch h\u00e0ng c\u00f3 th\u1ec3 t\u00ecm th\u1ea5y nh\u1eefng th\u01b0\u01a1ng hi\u1ec7u \u0111\u1eb3ng c\u1ea5p n\u1ed5i ti\u1ebfng h\u00e0ng \u0111\u1ea7u th\u1ebf gi\u1edbi nh\u01b0: Elie Saab, Dolce Gabbana Casa, Armani Casa, Desir\u00e9e, Alga By Paulo Antunes, Angel Cerda,...Ngo\u00e0i ra, Modale c\u00f2n cung c\u1ea5p c\u00e1c d\u1ecbch v\u1ee5 n\u1ed5i b\u1eadt nh\u01b0 l\u00e0: d\u1ecbch v\u1ee5 thi\u1ebft k\u1ebf n\u1ed9i th\u1ea5t \u0111\u1ebfn t\u1eeb \u0111\u1ed9i ng\u0169 chuy\u00ean nghi\u1ec7p \u1edf Ch\u00e2u \u00c2u, d\u1ecbch v\u1ee5 thi c\u00f4ng l\u1eafp \u0111\u1eb7t n\u1ed9i th\u1ea5t. <br><br>\n\n<strong>Showroom MODALE<\/strong> c\u00f3 di\u1ec7n t\u00edch g\u1ea7n 2000 m2 (bao g\u1ed3m di\u1ec7n t\u00edch khu n\u1ed9i th\u1ea5t premium g\u1ea7n 1100 m2, khu n\u1ed9i th\u1ea5t fashion brand v\u1edbi g\u1ea7n 700 m2 v\u00e0 kh\u00f4ng gian c\u00e0 ph\u00ea 200 m2), t\u1ecda l\u1ea1c t\u1ea1i The Global City, trung t\u00e2m th\u00e0nh ph\u1ed1 m\u1edbi c\u1ee7a TP Th\u1ee7 \u0110\u1ee9c, TP.HCM, Vi\u1ec7t Nam.<\/p>\t\t<\/div>\n\t\t\t\t<\/div>\n\t\t\t\t<div class=\"elementor-element elementor-element-548827b elementor-widget elementor-widget-heading\" data-id=\"548827b\" data-element_type=\"widget\" data-widget_type=\"heading.default\">\n\t\t\t\t<div class=\"elementor-widget-container\">\n\t\t\t<h2 class=\"elementor-heading-title elementor-size-default\">T\u1ea6M NH\u00ccN<\/h2>\t\t<\/div>\n\t\t\t\t<\/div>\n\t\t\t\t<div class=\"elementor-element elementor-element-c36327b elementor-widget__width-inherit elementor-widget elementor-widget-heading\" data-id=\"c36327b\" data-element_type=\"widget\" data-widget_type=\"heading.default\">\n\t\t\t\t<div class=\"elementor-widget-container\">\n\t\t\t<p class=\"elementor-heading-title elementor-size-default\"><strong>MODALE - <\/strong>Mang \u0111\u1ebfn c\u00e1c th\u01b0\u01a1ng hi\u1ec7u n\u1ed9i th\u1ea5t cao c\u1ea5p h\u00e0ng \u0111\u1ea7u t\u1eeb Ch\u00e2u \u00c2u\nModale mang \u0111\u1ebfn cho kh\u00e1ch h\u00e0ng 2 ph\u00e2n kh\u00fac s\u1ea3n ph\u1ea9m n\u1ed9i th\u1ea5t: Fashion Branded Furniture v\u00e0 Premium Furniture,...v\u1edbi h\u01a1n 35 th\u01b0\u01a1ng hi\u1ec7u n\u1ed9i th\u1ea5t h\u00e0ng \u0111\u1ea7u Ch\u00e2u \u00c2u.\n<\/p>\t\t<\/div>\n\t\t\t\t<\/div>\n\t\t\t\t<div class=\"elementor-element elementor-element-9fcd036 elementor-widget elementor-widget-heading\" data-id=\"9fcd036\" data-element_type=\"widget\" data-widget_type=\"heading.default\">\n\t\t\t\t<div class=\"elementor-widget-container\">\n\t\t\t<h2 class=\"elementor-heading-title elementor-size-default\">S\u1ee8 M\u1ec6NH<\/h2>\t\t<\/div>\n\t\t\t\t<\/div>\n\t\t\t\t<div class=\"elementor-element elementor-element-b8fd45d elementor-widget__width-inherit elementor-widget elementor-widget-heading\" data-id=\"b8fd45d\" data-element_type=\"widget\" data-widget_type=\"heading.default\">\n\t\t\t\t<div class=\"elementor-widget-container\">\n\t\t\t<p class=\"elementor-heading-title elementor-size-default\"><strong>Modale - <\/strong>Bring great designs from around the world to around the corner <BR>\nModale mong mu\u1ed1n mang nh\u1eefng thi\u1ebft k\u1ebf tinh hoa, \u0111\u1eb3ng c\u1ea5p t\u1eeb kh\u1eafp n\u01a1i tr\u00ean th\u1ebf gi\u1edbi \u0111\u1ebfn t\u1eebng kh\u00f4ng gian s\u1ed1ng c\u1ee7a kh\u00e1ch h\u00e0ng th\u00f4ng qua c\u00e1c d\u1ecbch v\u1ee5 t\u1eeb ph\u00e2n ph\u1ed1i n\u1ed9i th\u1ea5t cao c\u1ea5p, d\u1ecbch v\u1ee5 thi\u1ebft k\u1ebf n\u1ed9i th\u1ea5t \u0111\u1ebfn d\u1ecbch v\u1ee5 thi c\u00f4ng l\u1eafp \u0111\u1eb7t.\n<\/p>\t\t<\/div>\n\t\t\t\t<\/div>\n\t\t\t\t\t<\/div>\n\t\t<\/div>\n\t\t\t\t\t<\/div>\n\t\t<\/section>\n\t\t\t\t\t<\/div>\n\t\t<\/div>\n\t\t\t\t\t<\/div>\n\t\t<\/section>\n\t\t\t\t<section class=\"elementor-section elementor-top-section elementor-element elementor-element-6f0c030 elementor-hidden-desktop elementor-hidden-tablet elementor-hidden-mobile_extra elementor-hidden-mobile elementor-section-boxed elementor-section-height-default elementor-section-height-default\" data-id=\"6f0c030\" data-element_type=\"section\" data-settings=\"{&quot;jet_parallax_layout_list&quot;:[]}\">\n\t\t\t\t\t\t<div class=\"elementor-container elementor-column-gap-default\">\n\t\t\t\t\t<div class=\"elementor-column elementor-col-100 elementor-top-column elementor-element elementor-element-37d45d9\" data-id=\"37d45d9\" data-element_type=\"column\">\n\t\t\t<div class=\"elementor-widget-wrap elementor-element-populated\">\n\t\t\t\t\t\t<div class=\"elementor-element elementor-element-99813dc elementor-widget elementor-widget-heading\" data-id=\"99813dc\" data-element_type=\"widget\" data-widget_type=\"heading.default\">\n\t\t\t\t<div class=\"elementor-widget-container\">\n\t\t\t<h2 class=\"elementor-heading-title elementor-size-default\">\u0110\u1ed8I NG\u0168 L\u00c3NH \u0110\u1ea0O<\/h2>\t\t<\/div>\n\t\t\t\t<\/div>\n\t\t\t\t<section class=\"elementor-section elementor-inner-section elementor-element elementor-element-45640f0 elementor-section-boxed elementor-section-height-default elementor-section-height-default\" data-id=\"45640f0\" data-element_type=\"section\" data-settings=\"{&quot;jet_parallax_layout_list&quot;:[]}\">\n\t\t\t\t\t\t<div class=\"elementor-container elementor-column-gap-default\">\n\t\t\t\t\t<div class=\"elementor-column elementor-col-50 elementor-inner-column elementor-element elementor-element-4a4f45f\" data-id=\"4a4f45f\" data-element_type=\"column\">\n\t\t\t<div class=\"elementor-widget-wrap elementor-element-populated\">\n\t\t\t\t\t\t<div class=\"elementor-element elementor-element-c0d6fa6 elementor-widget elementor-widget-image\" data-id=\"c0d6fa6\" data-element_type=\"widget\" data-widget_type=\"image.default\">\n\t\t\t\t<div class=\"elementor-widget-container\">\n\t\t\t\t\t\t\t\t\t\t\t\t\t<img decoding=\"async\" src=\"https:\/\/modale.com\/wp-content\/uploads\/elementor\/thumbs\/Nuno-removebg-preview-qj2mnb7p38un9eif8vaz0y8e0jbhnuswsiwr724ln8.png\" title=\"Nuno-removebg-preview\" alt=\"Nuno-removebg-preview\" loading=\"lazy\" \/>\t\t\t\t\t\t\t\t\t\t\t\t\t<\/div>\n\t\t\t\t<\/div>\n\t\t\t\t\t<\/div>\n\t\t<\/div>\n\t\t\t\t<div class=\"elementor-column elementor-col-50 elementor-inner-column elementor-element elementor-element-3f0fe12\" data-id=\"3f0fe12\" data-element_type=\"column\">\n\t\t\t<div class=\"elementor-widget-wrap elementor-element-populated\">\n\t\t\t\t\t\t<div class=\"elementor-element elementor-element-52c8c60 elementor-widget elementor-widget-heading\" data-id=\"52c8c60\" data-element_type=\"widget\" data-widget_type=\"heading.default\">\n\t\t\t\t<div class=\"elementor-widget-container\">\n\t\t\t<h1 class=\"elementor-heading-title elementor-size-default\">\u00d4ng Nuno Lopes <\/h1>\t\t<\/div>\n\t\t\t\t<\/div>\n\t\t\t\t<div class=\"elementor-element elementor-element-9808697 elementor-widget elementor-widget-heading\" data-id=\"9808697\" data-element_type=\"widget\" data-widget_type=\"heading.default\">\n\t\t\t\t<div class=\"elementor-widget-container\">\n\t\t\t<h2 class=\"elementor-heading-title elementor-size-default\">Gi\u00e1m \u0111\u1ed1c \u0111i\u1ec1u h\u00e0nh Modale<\/h2>\t\t<\/div>\n\t\t\t\t<\/div>\n\t\t\t\t<div class=\"elementor-element elementor-element-5fd755f elementor-widget elementor-widget-heading\" data-id=\"5fd755f\" data-element_type=\"widget\" data-widget_type=\"heading.default\">\n\t\t\t\t<div class=\"elementor-widget-container\">\n\t\t\t<p class=\"elementor-heading-title elementor-size-default\">\u00d4ng Nuno Lopes \u0111\u00e3 ho\u00e0n th\u00e0nh c\u00e1c kh\u00f3a h\u1ecdc v\u1ec1 Chi\u1ebfn l\u01b0\u1ee3c T\u01b0 duy Kinh doanh v\u00e0 L\u00e3nh \u0111\u1ea1o Ki\u1ebfn T\u1ea1o t\u1ea1i Vi\u1ec7n Qu\u1ea3n l\u00fd v\u00e0 Nghi\u00ean c\u1ee9u S.P Jain, Dubai, UAE, v\u00e0 kh\u00f3a h\u1ecdc Qu\u1ea3n tr\u1ecb Kinh doanh v\u00e0 Chi\u1ebfn l\u01b0\u1ee3c Nh\u00e2n s\u1ef1 t\u1ea1i \u0110\u1ea1i h\u1ecdc Lisbon Ch\u00e2u \u00c2u, B\u1ed3 \u0110\u00e0o Nha. V\u1edbi h\u01a1n 20 n\u0103m kinh nghi\u1ec7m chuy\u00ean s\u00e2u trong ng\u00e0nh n\u1ed9i th\u1ea5t, \u00f4ng Nuno n\u1ed5i b\u1eadt v\u1edbi kh\u1ea3 n\u0103ng qu\u1ea3n l\u00fd P&L, x\u00e2y d\u1ef1ng chi\u1ebfn l\u01b0\u1ee3c Omnichannel v\u00e0 k\u00eanh B2B, \u0111\u1ed3ng th\u1eddi ki\u1ec3m so\u00e1t logistics v\u00e0 ph\u00e1t tri\u1ec3n c\u00e1c chi\u1ebfn l\u01b0\u1ee3c b\u00e1n h\u00e0ng v\u00e0 \u0111i\u1ec1u ph\u1ed1i qu\u1ea3n l\u00fd \u0111a chi\u1ec1u v\u1ec1 c\u00e1c d\u1ef1 \u00e1n trong ng\u00e0nh b\u00e1n l\u1ebb \u1edf nhi\u1ec1u qu\u1ed1c gia kh\u00e1c nhau trong su\u1ed1t h\u01a1n 30 n\u0103m qua.<br><br>\n\n\u00d4ng Nuno \u0111\u00e3 \u0111\u1ea3m nh\u1eadn c\u00e1c v\u1ecb tr\u00ed quan tr\u1ecdng t\u1ea1i c\u00e1c t\u1eadp \u0111o\u00e0n l\u1edbn nh\u01b0 Auchan Group, Toys \"R\" US International, Benetton Group v\u00e0 Moviflor Group, v\u1edbi vai tr\u00f2 l\u00e0 Qu\u1ea3n l\u00fd D\u1ef1 \u00e1n, Qu\u1ea3n l\u00fd V\u1eadn H\u00e0nh v\u00e0 T\u1ed5ng gi\u00e1m \u0111\u1ed1c. Trong 4 n\u0103m g\u1ea7n \u0111\u00e2y, \u00f4ng Nuno \u0111\u00e3 gi\u1eef v\u1ecb tr\u00ed Qu\u1ea3n l\u00fd Logistics B\u00e1n l\u1ebb v\u00e0 Gi\u00e1m \u0110\u1ed1c \u0110i\u1ec1u H\u00e0nh To\u00e0n Qu\u1ed1c t\u1ea1i T\u1eadp \u0111o\u00e0n Landmark, c\u00f3 tr\u1ee5 s\u1edf t\u1ea1i Dubai, UAE, m\u1ed9t trong nh\u1eefng t\u1eadp \u0111o\u00e0n qu\u1ed1c t\u1ebf l\u1edbn nh\u1ea5t t\u1ea1i khu v\u1ef1c Trung \u0110\u00f4ng, Ch\u00e2u Phi v\u00e0 \u1ea4n \u0110\u1ed9.<br><br>\n\nHi\u1ec7n t\u1ea1i, \u00d4ng Nuno Lopes \u0111ang l\u00e0 Gi\u00e1m \u0111\u1ed1c \u0111i\u1ec1u h\u00e0nh c\u1ee7a MODALE, v\u1edbi m\u1ee5c ti\u00eau mang \u0111\u1ebfn c\u00e1c d\u00f2ng s\u1ea3n ph\u1ea9m n\u1ed9i th\u1ea5t cao c\u1ea5p \u0111\u1ebfn d\u00f2ng s\u1ea3n ph\u1ea9m n\u1ed9i th\u1ea5t h\u00e0ng hi\u1ec7u n\u1ed5i b\u1eadt c\u00f3 m\u1eb7t t\u1ea1i showroom Modale. \u00d4ng Nuno c\u0169ng \u0111\u00e3 s\u1eb5n s\u00e0ng c\u00f3 nh\u1eefng b\u01b0\u1edbc ti\u1ebfn n\u1ed5i b\u1eadt trong h\u00e0nh tr\u00ecnh s\u1ef1 nghi\u1ec7p c\u1ee7a m\u00ecnh t\u1ea1i Modale.<\/p>\t\t<\/div>\n\t\t\t\t<\/div>\n\t\t\t\t\t<\/div>\n\t\t<\/div>\n\t\t\t\t\t<\/div>\n\t\t<\/section>\n\t\t\t\t<section class=\"elementor-section elementor-inner-section elementor-element elementor-element-6fb763a elementor-section-boxed elementor-section-height-default elementor-section-height-default\" data-id=\"6fb763a\" data-element_type=\"section\" data-settings=\"{&quot;jet_parallax_layout_list&quot;:[]}\">\n\t\t\t\t\t\t<div class=\"elementor-container elementor-column-gap-default\">\n\t\t\t\t\t<div class=\"elementor-column elementor-col-50 elementor-inner-column elementor-element elementor-element-8822c42\" data-id=\"8822c42\" data-element_type=\"column\">\n\t\t\t<div class=\"elementor-widget-wrap elementor-element-populated\">\n\t\t\t\t\t\t<div class=\"elementor-element elementor-element-4a4ded5 elementor-widget elementor-widget-image\" data-id=\"4a4ded5\" data-element_type=\"widget\" data-widget_type=\"image.default\">\n\t\t\t\t<div class=\"elementor-widget-container\">\n\t\t\t\t\t\t\t\t\t\t\t\t\t<img decoding=\"async\" src=\"https:\/\/modale.com\/wp-content\/uploads\/elementor\/thumbs\/vanya-1-q96136ka29fdgw9j32hlxfihr0c7divvfv4xyzp2ms.jpeg\" title=\"Management Team\" alt=\"Management Team\" loading=\"lazy\" \/>\t\t\t\t\t\t\t\t\t\t\t\t\t<\/div>\n\t\t\t\t<\/div>\n\t\t\t\t\t<\/div>\n\t\t<\/div>\n\t\t\t\t<div class=\"elementor-column elementor-col-50 elementor-inner-column elementor-element elementor-element-2c6a7fd\" data-id=\"2c6a7fd\" data-element_type=\"column\">\n\t\t\t<div class=\"elementor-widget-wrap elementor-element-populated\">\n\t\t\t\t\t\t<div class=\"elementor-element elementor-element-e051c70 elementor-widget elementor-widget-heading\" data-id=\"e051c70\" data-element_type=\"widget\" data-widget_type=\"heading.default\">\n\t\t\t\t<div class=\"elementor-widget-container\">\n\t\t\t<h1 class=\"elementor-heading-title elementor-size-default\">Vanya V. Krasteva - Stoyanov<\/h1>\t\t<\/div>\n\t\t\t\t<\/div>\n\t\t\t\t<div class=\"elementor-element elementor-element-e9fd4a4 elementor-widget elementor-widget-heading\" data-id=\"e9fd4a4\" data-element_type=\"widget\" data-widget_type=\"heading.default\">\n\t\t\t\t<div class=\"elementor-widget-container\">\n\t\t\t<h2 class=\"elementor-heading-title elementor-size-default\">Gi\u00e1m \u0110\u1ed1c S\u00e1ng T\u1ea1o<\/h2>\t\t<\/div>\n\t\t\t\t<\/div>\n\t\t\t\t<div class=\"elementor-element elementor-element-0573381 elementor-widget elementor-widget-heading\" data-id=\"0573381\" data-element_type=\"widget\" data-widget_type=\"heading.default\">\n\t\t\t\t<div class=\"elementor-widget-container\">\n\t\t\t<p class=\"elementor-heading-title elementor-size-default\">C\u00f4 Vanya Krasteva-Stoyanov t\u1ed1t nghi\u1ec7p th\u1ea1c s\u0129 ng\u00e0nh Qu\u1ea3n l\u00fd Thi\u1ebft K\u1ebf t\u1ea1i Istituto Europeo di Design \u1edf Milan - \u00dd<br><br>\n\nC\u00f4 Vanya \u0111\u00e3 c\u00f3 kinh nghi\u1ec7m trong ng\u00e0nh thi\u1ebft k\u1ebf n\u1ed9i th\u1ea5t t\u1ea1i Milan v\u1edbi chuy\u00ean m\u00f4n cao v\u1ec1 thi\u1ebft k\u1ebf n\u1ed9i th\u1ea5t phong c\u00e1ch sang tr\u1ecdng (kh\u00e1ch s\u1ea1n, khu d\u00e2n c\u01b0, c\u0103n h\u1ed9), c\u00e1c d\u1ef1 \u00e1n c\u00f3 th\u01b0\u01a1ng hi\u1ec7u v\u00e0 \u0111\u1eb3ng c\u1ea5p.<br><br>\n\nC\u00f4 b\u1eaft \u0111\u1ea7u ng\u00e0nh thi\u1ebft k\u1ebf v\u1edbi Versace v\u00e0o n\u0103m 2008 v\u00e0 \u0111\u00e3 c\u00f3 h\u01a1n 12 n\u0103m l\u00e0m vi\u1ec7c, cung c\u1ea5p v\u00e0 trang tr\u00ed c\u00e1c d\u1ef1 \u00e1n nh\u00e0 \u1edf t\u01b0 nh\u00e2n cao c\u1ea5p, b\u1ea5t \u0111\u1ed9ng s\u1ea3n cao c\u1ea5p, kh\u00e1ch s\u1ea1n v\u00e0 nhi\u1ec1u d\u1ef1 \u00e1n kh\u00e1c. Kinh nghi\u1ec7m qu\u1ed1c t\u1ebf c\u1ee7a c\u00f4 l\u00e0 \u0111\u00e3 t\u1eebng c\u1ed9ng t\u00e1c v\u1edbi nhi\u1ec1u nh\u00e0 ph\u00e1t tri\u1ec3n b\u1ea5t \u0111\u1ed9ng s\u1ea3n uy t\u00edn th\u1ebf gi\u1edbi nh\u01b0 UAE, \u1ea2 R\u1eadp Saudi, \u1ea4n \u0110\u1ed9, Trung Qu\u1ed1c, Ma Cao, \u00dac, Philippines v\u00e0 Lebanon.  <\/p>\t\t<\/div>\n\t\t\t\t<\/div>\n\t\t\t\t\t<\/div>\n\t\t<\/div>\n\t\t\t\t\t<\/div>\n\t\t<\/section>\n\t\t\t\t<section class=\"elementor-section elementor-inner-section elementor-element elementor-element-d371bf9 elementor-section-boxed elementor-section-height-default elementor-section-height-default\" data-id=\"d371bf9\" data-element_type=\"section\" data-settings=\"{&quot;jet_parallax_layout_list&quot;:[]}\">\n\t\t\t\t\t\t<div class=\"elementor-container elementor-column-gap-default\">\n\t\t\t\t\t<div class=\"elementor-column elementor-col-50 elementor-inner-column elementor-element elementor-element-244a807\" data-id=\"244a807\" data-element_type=\"column\">\n\t\t\t<div class=\"elementor-widget-wrap elementor-element-populated\">\n\t\t\t\t\t\t<div class=\"elementor-element elementor-element-54aa9b4 elementor-widget elementor-widget-image\" data-id=\"54aa9b4\" data-element_type=\"widget\" data-widget_type=\"image.default\">\n\t\t\t\t<div class=\"elementor-widget-container\">\n\t\t\t\t\t\t\t\t\t\t\t\t\t<img decoding=\"async\" src=\"https:\/\/modale.com\/wp-content\/uploads\/elementor\/thumbs\/Julia-removebg-preview-qj2mph8auhtg11d3lb109wjnbimyeqemr92210wxas.png\" title=\"Julia-removebg-preview\" alt=\"Julia-removebg-preview\" loading=\"lazy\" \/>\t\t\t\t\t\t\t\t\t\t\t\t\t<\/div>\n\t\t\t\t<\/div>\n\t\t\t\t\t<\/div>\n\t\t<\/div>\n\t\t\t\t<div class=\"elementor-column elementor-col-50 elementor-inner-column elementor-element elementor-element-0f7ea6f\" data-id=\"0f7ea6f\" data-element_type=\"column\">\n\t\t\t<div class=\"elementor-widget-wrap elementor-element-populated\">\n\t\t\t\t\t\t<div class=\"elementor-element elementor-element-6e908a6 elementor-widget elementor-widget-heading\" data-id=\"6e908a6\" data-element_type=\"widget\" data-widget_type=\"heading.default\">\n\t\t\t\t<div class=\"elementor-widget-container\">\n\t\t\t<h1 class=\"elementor-heading-title elementor-size-default\">Julia ANH Meas<\/h1>\t\t<\/div>\n\t\t\t\t<\/div>\n\t\t\t\t<div class=\"elementor-element elementor-element-159e4ce elementor-widget elementor-widget-heading\" data-id=\"159e4ce\" data-element_type=\"widget\" data-widget_type=\"heading.default\">\n\t\t\t\t<div class=\"elementor-widget-container\">\n\t\t\t<h2 class=\"elementor-heading-title elementor-size-default\">Ph\u00f3 Gi\u00e1m \u0110\u1ed1c \u0110i\u1ec1u h\u00e0nh<\/h2>\t\t<\/div>\n\t\t\t\t<\/div>\n\t\t\t\t<div class=\"elementor-element elementor-element-6e96b82 elementor-widget elementor-widget-heading\" data-id=\"6e96b82\" data-element_type=\"widget\" data-widget_type=\"heading.default\">\n\t\t\t\t<div class=\"elementor-widget-container\">\n\t\t\t<p class=\"elementor-heading-title elementor-size-default\">Julia Meas \u0111\u00e3 l\u1edbn l\u00ean trong hai n\u1ec1n v\u0103n h\u00f3a \u0111a d\u1ea1ng Ph\u00e1p v\u00e0 Vi\u1ec7t Nam, Julia Meas \u0111\u00e3 t\u1ed1t nghi\u1ec7p C\u1eed nh\u00e2n Ngh\u1ec7 thu\u1eadt t\u1ea1i \u0110\u1ea1i h\u1ecdc La Sorbonne, Paris \u2013 Ph\u00e1p.<br><br>\n\nV\u1edbi 8 n\u0103m s\u1ed1ng t\u1ea1i Ch\u00e2u \u00c2u, \u0111\u1eb7c bi\u1ec7t l\u00e0 c\u00e1c th\u00e0nh ph\u1ed1 l\u1edbn Paris v\u00e0 Lisbon, Julia \u0111\u00e3 t\u00edch lu\u1ef9 \u0111\u01b0\u1ee3c nhi\u1ec1u n\u0103m kinh nghi\u1ec7m khi l\u00e0m vi\u1ec7c cho c\u00e1c t\u1eadp \u0111o\u00e0n qu\u1ed1c t\u1ebf l\u1edbn nh\u01b0 Superdry, Apple v\u00e0 Uber. M\u1ee5c ti\u00eau c\u1ee7a Julia l\u00e0 mang \u0111\u1ebfn nh\u1eefng tr\u1ea3i nghi\u1ec7m kh\u00e1ch h\u00e0ng tuy\u1ec7t v\u1eddi trong phong c\u00e1ch s\u1ed1ng n\u1ed9i th\u1ea5t trong vi\u1ec7c gi\u1edbi thi\u1ec7u c\u00e1c d\u00f2ng s\u1ea3n ph\u1ea9m n\u1ed9i th\u1ea5t cao c\u1ea5p \u0111\u1ebfn d\u00f2ng s\u1ea3n ph\u1ea9m n\u1ed9i th\u1ea5t h\u00e0ng hi\u1ec7u t\u1eeb MODALE cung c\u1ea5p.<br><br>\n\nV\u1edbi vai tr\u00f2 l\u00e0 Ph\u00f3 T\u1ed5ng Gi\u00e1m \u0110\u1ed1c t\u1ea1i MODALE, Julia \u0111\u00f3ng vai tr\u00f2 quan tr\u1ecdng trong vi\u1ec7c \u0111i\u1ec1u h\u00e0nh v\u00e0 \u0111\u1ecbnh h\u00ecnh chi\u1ebfn l\u01b0\u1ee3c t\u1ed5ng th\u1ec3 c\u1ee7a c\u00f4ng ty. S\u1ee9 m\u1ec7nh c\u1ee7a c\u00f4 \u1ea5y kh\u00f4ng ch\u1ec9 l\u00e0 gi\u1eef cho m\u1ecdi ho\u1ea1t \u0111\u1ed9ng di\u1ec5n ra su\u00f4n s\u1ebb m\u00e0 c\u00f2n \u0111\u1ea3m b\u1ea3o r\u1eb1ng t\u1ea5t c\u1ea3 nh\u00e2n vi\u00ean \u0111\u1ec1u tu\u00e2n th\u1ee7 ch\u1eb7t ch\u1ebd c\u00e1c ch\u00ednh s\u00e1ch v\u00e0 quy tr\u00ecnh c\u1ee7a c\u00f4ng ty, \u0111\u1ea3m b\u1ea3o c\u00e1c d\u1ef1 \u00e1n \u0111\u1ec1u ho\u00e0n th\u00e0nh \u0111\u00fang theo ng\u00e2n s\u00e1ch \u0111\u00e3 \u0111\u1ec1 ra. Ngo\u00e0i ra, c\u00f4 c\u00f2n \u0111\u00f3ng vai tr\u00f2 quan tr\u1ecdng trong vi\u1ec7c \u0111\u00e1nh gi\u00e1 v\u00e0 xem x\u00e9t hi\u1ec7u su\u1ea5t l\u00e0m vi\u1ec7c c\u1ee7a c\u00e1c qu\u1ea3n l\u00fd v\u00e0 nh\u00e2n vi\u00ean, x\u00e2y d\u1ef1ng ch\u00ednh s\u00e1ch v\u00e0 quy tr\u00ecnh \u0111\u1ec3 n\u00e2ng cao hi\u1ec7u su\u1ea5t l\u00e0m vi\u1ec7c c\u1ee7a c\u00e1c ph\u00f2ng ban, c\u0169ng nh\u01b0 x\u00e2y d\u1ef1ng m\u1ed9t m\u00f4i tr\u01b0\u1eddng l\u00e0m vi\u1ec7c t\u00edch c\u1ef1c v\u00e0 s\u00e1ng t\u1ea1o.<\/p>\t\t<\/div>\n\t\t\t\t<\/div>\n\t\t\t\t\t<\/div>\n\t\t<\/div>\n\t\t\t\t\t<\/div>\n\t\t<\/section>\n\t\t\t\t\t<\/div>\n\t\t<\/div>\n\t\t\t\t\t<\/div>\n\t\t<\/section>\n\t\t\t\t<\/div>\n\t\t","protected":false},"excerpt":{"rendered":"<p>GI\u1edaI THI\u1ec6U MODALE Nh\u00e0 ph\u00e2n ph\u1ed1i n\u1ed9i th\u1ea5t Ch\u00e2u \u00c2u cao c\u1ea5p &#8211; n\u01a1i Qu\u00fd Kh\u00e1ch h\u00e0ng c\u00f3 th\u1ec3 t\u00ecm th\u1ea5y nh\u1eefng th\u01b0\u01a1ng hi\u1ec7u \u0111\u1eb3ng c\u1ea5p n\u1ed5i ti\u1ebfng h\u00e0ng \u0111\u1ea7u th\u1ebf gi\u1edbi nh\u01b0: Elie Saab, Dolce Gabbana Casa, Armani Casa, Desir\u00e9e, Alga By Paulo Antunes, Angel Cerda,&#8230;Ngo\u00e0i ra, Modale c\u00f2n cung c\u1ea5p c\u00e1c d\u1ecbch v\u1ee5 [&hellip;]<\/p>\n","protected":false},"author":1,"featured_media":0,"parent":0,"menu_order":0,"comment_status":"closed","ping_status":"closed","template":"elementor_header_footer","meta":{"footnotes":""},"class_list":["post-13453","page","type-page","status-publish","hentry"],"_links":{"self":[{"href":"https:\/\/modale.com\/vi\/wp-json\/wp\/v2\/pages\/13453","targetHints":{"allow":["GET"]}}],"collection":[{"href":"https:\/\/modale.com\/vi\/wp-json\/wp\/v2\/pages"}],"about":[{"href":"https:\/\/modale.com\/vi\/wp-json\/wp\/v2\/types\/page"}],"author":[{"embeddable":true,"href":"https:\/\/modale.com\/vi\/wp-json\/wp\/v2\/users\/1"}],"replies":[{"embeddable":true,"href":"https:\/\/modale.com\/vi\/wp-json\/wp\/v2\/comments?post=13453"}],"version-history":[{"count":0,"href":"https:\/\/modale.com\/vi\/wp-json\/wp\/v2\/pages\/13453\/revisions"}],"wp:attachment":[{"href":"https:\/\/modale.com\/vi\/wp-json\/wp\/v2\/media?parent=13453"}],"curies":[{"name":"wp","href":"https:\/\/api.w.org\/{rel}","templated":true}]}}