{"id":11107,"date":"2023-04-27T13:19:16","date_gmt":"2023-04-27T13:19:16","guid":{"rendered":"https:\/\/modale.com\/product\/domkapaelba-armchair\/"},"modified":"2023-08-10T10:40:43","modified_gmt":"2023-08-10T10:40:43","slug":"domkapaelba-armchair","status":"publish","type":"product","link":"https:\/\/modale.com\/vi\/product\/domkapaelba-armchair\/","title":{"rendered":"<strong>DOMKAPA <\/strong><br>GH\u1ebe B\u00c0NH ELBA"},"content":{"rendered":"<p>GH\u1ebe B\u00c0NH ELBA L\u00c0 M\u1ed8T THI\u1ebeT K\u1ebe V\u00d4 TH\u1edcI H\u1ea0N! V\u1edaI H\u00ccNH D\u1ea0NG H\u00ccNH TR\u1ee8NG, M\u00d3N \u0110\u1ed2 N\u00c0Y KHOE NH\u1eeeNG H\u00ccNH D\u1ea0NG R\u1ed8NG R\u00c3I V\u00c0 M\u1ed8T DI\u1ec6N M\u1ea0O M\u01af\u1ee2T M\u00c0. GH\u1ebe NG\u1ed2I C\u00d3 TH\u00caM M\u1ed8T CHI\u1ebeC G\u1ed0I B\u1eccC B\u00caN TRONG C\u0168NG NH\u01af PH\u1ea6N T\u1ef0A L\u01afNG. HAI CHI\u1ebeC G\u1ed0I N\u00c0Y CUNG C\u1ea4P S\u1ef0 THO\u1ea2I M\u00c1I T\u1ed0I \u0110A. ELBA ARMCHAIR C\u00d3 M\u1ed8T T\u00cdNH N\u0102NG \u0110\u1eb6C BI\u1ec6T KH\u00d4NG TH\u1ec2 TIN \u0110\u01af\u1ee2C: KH\u00d4NG CH\u1ec8 CH\u00c2N GH\u1ebe C\u00d3 H\u00ccNH TAM GI\u00c1C \u0110\u01af\u1ee2C L\u00c0M TH\u1ee6 C\u00d4NG B\u1eb0NG TH\u00c9P KH\u00d4NG G\u1ec8 M\u00c0 N\u00d3 C\u00d2N XOAY 360\u00ba, V\u00cc V\u1eacY B\u1ea0N C\u00d3 TH\u1ec2 \u0110\u1eb6T \u1ede V\u1eca TR\u00cd B\u1ea0N MU\u1ed0N V\u00c0 CH\u01a0I XUNG QUANH. B\u1ea0N C\u00d3 TH\u1ec2 K\u1ebeT H\u1ee2P GH\u1ebe N\u00c0Y V\u1edaI GH\u1ebe B\u00c0NH ELBA, THU\u1ed8C C\u00d9NG B\u1ed8 S\u01afU T\u1eacP, \u0110\u1ec2 C\u00d3 TH\u00caM S\u1ef0 THO\u1ea2I M\u00c1I V\u00c0 H\u1ed6 TR\u1ee2.<\/p>\n","protected":false},"excerpt":{"rendered":"<p>GH\u1ebe B\u00c0NH ELBA L\u00c0 M\u1ed8T THI\u1ebeT K\u1ebe V\u00d4 TH\u1edcI H\u1ea0N! V\u1edaI H\u00ccNH D\u1ea0NG H\u00ccNH TR\u1ee8NG, M\u00d3N \u0110\u1ed2 N\u00c0Y KHOE NH\u1eeeNG H\u00ccNH D\u1ea0NG R\u1ed8NG R\u00c3I V\u00c0 M\u1ed8T DI\u1ec6N M\u1ea0O M\u01af\u1ee2T M\u00c0. GH\u1ebe NG\u1ed2I C\u00d3 TH\u00caM M\u1ed8T CHI\u1ebeC G\u1ed0I B\u1eccC B\u00caN TRONG C\u0168NG NH\u01af PH\u1ea6N T\u1ef0A L\u01afNG. HAI CHI\u1ebeC G\u1ed0I N\u00c0Y CUNG C\u1ea4P S\u1ef0 THO\u1ea2I M\u00c1I T\u1ed0I [&hellip;]<\/p>\n","protected":false},"featured_media":10141,"template":"","meta":[],"product_cat":[724],"product_tag":[703],"origin":[771],"designers":[],"collection":[710],"brands":[118],"class_list":{"0":"post-11107","1":"product","2":"type-product","3":"status-publish","4":"has-post-thumbnail","6":"product_cat-armchairs-vi","7":"product_tag-living-vi-2","8":"origin-chau-au","9":"collection-elba","10":"brands-domkapa","12":"first","13":"instock","14":"shipping-taxable","15":"purchasable","16":"product-type-simple"},"_links":{"self":[{"href":"https:\/\/modale.com\/vi\/wp-json\/wp\/v2\/product\/11107","targetHints":{"allow":["GET"]}}],"collection":[{"href":"https:\/\/modale.com\/vi\/wp-json\/wp\/v2\/product"}],"about":[{"href":"https:\/\/modale.com\/vi\/wp-json\/wp\/v2\/types\/product"}],"wp:featuredmedia":[{"embeddable":true,"href":"https:\/\/modale.com\/vi\/wp-json\/wp\/v2\/media\/10141"}],"wp:attachment":[{"href":"https:\/\/modale.com\/vi\/wp-json\/wp\/v2\/media?parent=11107"}],"wp:term":[{"taxonomy":"product_cat","embeddable":true,"href":"https:\/\/modale.com\/vi\/wp-json\/wp\/v2\/product_cat?post=11107"},{"taxonomy":"product_tag","embeddable":true,"href":"https:\/\/modale.com\/vi\/wp-json\/wp\/v2\/product_tag?post=11107"},{"taxonomy":"origin","embeddable":true,"href":"https:\/\/modale.com\/vi\/wp-json\/wp\/v2\/origin?post=11107"},{"taxonomy":"designers","embeddable":true,"href":"https:\/\/modale.com\/vi\/wp-json\/wp\/v2\/designers?post=11107"},{"taxonomy":"collection","embeddable":true,"href":"https:\/\/modale.com\/vi\/wp-json\/wp\/v2\/collection?post=11107"},{"taxonomy":"brands","embeddable":true,"href":"https:\/\/modale.com\/vi\/wp-json\/wp\/v2\/brands?post=11107"}],"curies":[{"name":"wp","href":"https:\/\/api.w.org\/{rel}","templated":true}]}}