{"id":11109,"date":"2023-04-27T09:36:19","date_gmt":"2023-04-27T09:36:19","guid":{"rendered":"https:\/\/modale.com\/product\/domkapagrant-pouf-large\/"},"modified":"2023-08-10T10:40:44","modified_gmt":"2023-08-10T10:40:44","slug":"domkapagrant-pouf-large","status":"publish","type":"product","link":"https:\/\/modale.com\/vi\/product\/domkapagrant-pouf-large\/","title":{"rendered":"<strong>DOMKAPA <\/strong><br>GH\u1ebe \u0110\u00d4N (L\u1edaN) GRANT"},"content":{"rendered":"<p>C\u1ea4U TR\u00daC C\u1ee6A POUF GRANT T\u00c0I N\u0102NG K\u1ebeT H\u1ee2P T\u00cdNH TH\u1ea8M M\u1ef8 V\u00c0 NGUY\u00caN L\u00dd SINH H\u1eccC \u0110\u1ec2 T\u1ea0O N\u00caN GI\u1ea2I PH\u00c1P T\u1ed0I \u01afU CHO M\u1ed6I D\u1ef0 \u00c1N THI\u1ebeT K\u1ebe. \u0110\u01af\u1ee2C THI\u1ebeT K\u1ebe CHO C\u00c1C CH\u1ee8C N\u0102NG KH\u00c1C NHAU, GRANT C\u00d3 S\u1eb4N BA K\u00cdCH TH\u01af\u1edaC KH\u00c1C NHAU \u0110\u1ec2 \u0110\u1ea0T \u0110\u01af\u1ee2C C\u00c1I NH\u00ccN CU\u1ed0I C\u00d9NG M\u00c0 B\u1ea0N LU\u00d4N M\u01a0 \u01af\u1edaC. N\u00d3 C\u00d3 \u0110\u01af\u1edcNG VI\u1ec0N TINH T\u1ebe \u1ede M\u1ed6I G\u00d3C C\u1ee6A M\u00d3N \u0110\u1ed2, \u01af\u1edaM M\u1ed8T C\u00c1CH DUY\u00caN D\u00c1NG V\u1edaI HAI VI\u1ec0N \u0110\u01af\u1edcNG K\u00c9O D\u00c0I C\u1ea8N TH\u1eacN \u00d4M TR\u00ccNH T\u1eeaNG PH\u1ea6N C\u1ee6A POUF. POUF GRANT C\u00d3 H\u00ccNH D\u1ea0NG C\u1ed4 \u0110I\u1ec2N V\u00c0 THANH L\u1ecaCH M\u00c0 KH\u00d4NG \u0110\u1ec2 M\u1ea4T S\u1ef0 THO\u1ea2I M\u00c1I SINH H\u1eccC.<\/p>\n","protected":false},"excerpt":{"rendered":"<p>C\u1ea4U TR\u00daC C\u1ee6A POUF GRANT T\u00c0I N\u0102NG K\u1ebeT H\u1ee2P T\u00cdNH TH\u1ea8M M\u1ef8 V\u00c0 NGUY\u00caN L\u00dd SINH H\u1eccC \u0110\u1ec2 T\u1ea0O N\u00caN GI\u1ea2I PH\u00c1P T\u1ed0I \u01afU CHO M\u1ed6I D\u1ef0 \u00c1N THI\u1ebeT K\u1ebe. \u0110\u01af\u1ee2C THI\u1ebeT K\u1ebe CHO C\u00c1C CH\u1ee8C N\u0102NG KH\u00c1C NHAU, GRANT C\u00d3 S\u1eb4N BA K\u00cdCH TH\u01af\u1edaC KH\u00c1C NHAU \u0110\u1ec2 \u0110\u1ea0T \u0110\u01af\u1ee2C C\u00c1I NH\u00ccN CU\u1ed0I C\u00d9NG M\u00c0 [&hellip;]<\/p>\n","protected":false},"featured_media":9988,"template":"","meta":[],"product_cat":[748],"product_tag":[699],"origin":[771],"designers":[],"collection":[459],"brands":[118],"class_list":{"0":"post-11109","1":"product","2":"type-product","3":"status-publish","4":"has-post-thumbnail","6":"product_cat-stools-poufs-vi","7":"product_tag-bedroom-vi-2","8":"origin-chau-au","9":"collection-grant","10":"brands-domkapa","12":"first","13":"instock","14":"shipping-taxable","15":"purchasable","16":"product-type-simple"},"_links":{"self":[{"href":"https:\/\/modale.com\/vi\/wp-json\/wp\/v2\/product\/11109","targetHints":{"allow":["GET"]}}],"collection":[{"href":"https:\/\/modale.com\/vi\/wp-json\/wp\/v2\/product"}],"about":[{"href":"https:\/\/modale.com\/vi\/wp-json\/wp\/v2\/types\/product"}],"wp:featuredmedia":[{"embeddable":true,"href":"https:\/\/modale.com\/vi\/wp-json\/wp\/v2\/media\/9988"}],"wp:attachment":[{"href":"https:\/\/modale.com\/vi\/wp-json\/wp\/v2\/media?parent=11109"}],"wp:term":[{"taxonomy":"product_cat","embeddable":true,"href":"https:\/\/modale.com\/vi\/wp-json\/wp\/v2\/product_cat?post=11109"},{"taxonomy":"product_tag","embeddable":true,"href":"https:\/\/modale.com\/vi\/wp-json\/wp\/v2\/product_tag?post=11109"},{"taxonomy":"origin","embeddable":true,"href":"https:\/\/modale.com\/vi\/wp-json\/wp\/v2\/origin?post=11109"},{"taxonomy":"designers","embeddable":true,"href":"https:\/\/modale.com\/vi\/wp-json\/wp\/v2\/designers?post=11109"},{"taxonomy":"collection","embeddable":true,"href":"https:\/\/modale.com\/vi\/wp-json\/wp\/v2\/collection?post=11109"},{"taxonomy":"brands","embeddable":true,"href":"https:\/\/modale.com\/vi\/wp-json\/wp\/v2\/brands?post=11109"}],"curies":[{"name":"wp","href":"https:\/\/api.w.org\/{rel}","templated":true}]}}