{"id":11112,"date":"2023-04-27T07:15:46","date_gmt":"2023-04-27T07:15:46","guid":{"rendered":"https:\/\/modale.com\/product\/domkapataylor-tall-dressers\/"},"modified":"2023-08-10T10:40:44","modified_gmt":"2023-08-10T10:40:44","slug":"domkapataylor-tall-dressers","status":"publish","type":"product","link":"https:\/\/modale.com\/vi\/product\/domkapataylor-tall-dressers\/","title":{"rendered":"<strong>DOMKAPA <\/strong><br>T\u1ee6 QU\u1ea6N \u00c1O TAYLOR"},"content":{"rendered":"<p>TAYLOR L\u00c0 B\u1ed8 S\u1ea2N PH\u1ea8M N\u1ed8I TH\u1ea4T G\u1ed2M BA PH\u00d2NG NG\u1ee6 CHO KH\u00d4NG GIAN TRANG TR\u00cd \u1ea4M C\u00daNG. G\u1ed2M M\u1ed8T B\u00c0N \u0110\u1ea6U GI\u01af\u1edcNG, M\u1ed8T T\u1ee6 K\u00c9O CAO V\u00c0 M\u1ed8T T\u1ee6 \u0110\u1ef0NG QU\u1ea6N \u00c1O, C\u1ea4U TR\u00daC CH\u1ee6 Y\u1ebeU \u0110\u01af\u1ee2C L\u00c0M B\u1eb0NG G\u1ed6 NH\u01afNG \u0110I\u1ec2M NH\u1ea4N \u0110\u1ebeN M\u1ed8T B\u00caN. B\u00caN N\u00c0Y \u0110\u01af\u1ee2C B\u1eccC V\u1ea2I THEO L\u1ef0A CH\u1eccN C\u1ee6A B\u1ea0N, N\u00c2NG C\u1ea4P K\u1ebeT QU\u1ea2 CU\u1ed0I C\u00d9NG TH\u00c0NH M\u1ed8T S\u1ef0 K\u1ebeT H\u1ee2P GI\u1eeeA GU V\u1eca TUY\u1ec6T V\u1edcI V\u00c0 CH\u1ea4T LI\u1ec6U TINH T\u1ebe. GI\u1ed0NG NH\u01af T\u1ea4T C\u1ea2 C\u00c1C THI\u1ebeT K\u1ebe C\u1ee6A DOMKAPA, PH\u00d2NG NG\u1ee6 TAYLOR C\u00d3 TH\u1ec2 \u0110\u01af\u1ee2C T\u00d9Y CH\u1ec8NH C\u0168NG NH\u01af \u0110\u01af\u1ee2C B\u00c1N RI\u00caNG L\u1eba.<\/p>\n","protected":false},"excerpt":{"rendered":"<p>TAYLOR L\u00c0 B\u1ed8 S\u1ea2N PH\u1ea8M N\u1ed8I TH\u1ea4T G\u1ed2M BA PH\u00d2NG NG\u1ee6 CHO KH\u00d4NG GIAN TRANG TR\u00cd \u1ea4M C\u00daNG. G\u1ed2M M\u1ed8T B\u00c0N \u0110\u1ea6U GI\u01af\u1edcNG, M\u1ed8T T\u1ee6 K\u00c9O CAO V\u00c0 M\u1ed8T T\u1ee6 \u0110\u1ef0NG QU\u1ea6N \u00c1O, C\u1ea4U TR\u00daC CH\u1ee6 Y\u1ebeU \u0110\u01af\u1ee2C L\u00c0M B\u1eb0NG G\u1ed6 NH\u01afNG \u0110I\u1ec2M NH\u1ea4N \u0110\u1ebeN M\u1ed8T B\u00caN. B\u00caN N\u00c0Y \u0110\u01af\u1ee2C B\u1eccC V\u1ea2I THEO L\u1ef0A CH\u1eccN [&hellip;]<\/p>\n","protected":false},"featured_media":9925,"template":"","meta":[],"product_cat":[733],"product_tag":[699],"origin":[771],"designers":[],"collection":[323],"brands":[118],"class_list":{"0":"post-11112","1":"product","2":"type-product","3":"status-publish","4":"has-post-thumbnail","6":"product_cat-chests-dressers-vi","7":"product_tag-bedroom-vi-2","8":"origin-chau-au","9":"collection-taylor","10":"brands-domkapa","12":"first","13":"instock","14":"shipping-taxable","15":"purchasable","16":"product-type-simple"},"_links":{"self":[{"href":"https:\/\/modale.com\/vi\/wp-json\/wp\/v2\/product\/11112","targetHints":{"allow":["GET"]}}],"collection":[{"href":"https:\/\/modale.com\/vi\/wp-json\/wp\/v2\/product"}],"about":[{"href":"https:\/\/modale.com\/vi\/wp-json\/wp\/v2\/types\/product"}],"wp:featuredmedia":[{"embeddable":true,"href":"https:\/\/modale.com\/vi\/wp-json\/wp\/v2\/media\/9925"}],"wp:attachment":[{"href":"https:\/\/modale.com\/vi\/wp-json\/wp\/v2\/media?parent=11112"}],"wp:term":[{"taxonomy":"product_cat","embeddable":true,"href":"https:\/\/modale.com\/vi\/wp-json\/wp\/v2\/product_cat?post=11112"},{"taxonomy":"product_tag","embeddable":true,"href":"https:\/\/modale.com\/vi\/wp-json\/wp\/v2\/product_tag?post=11112"},{"taxonomy":"origin","embeddable":true,"href":"https:\/\/modale.com\/vi\/wp-json\/wp\/v2\/origin?post=11112"},{"taxonomy":"designers","embeddable":true,"href":"https:\/\/modale.com\/vi\/wp-json\/wp\/v2\/designers?post=11112"},{"taxonomy":"collection","embeddable":true,"href":"https:\/\/modale.com\/vi\/wp-json\/wp\/v2\/collection?post=11112"},{"taxonomy":"brands","embeddable":true,"href":"https:\/\/modale.com\/vi\/wp-json\/wp\/v2\/brands?post=11112"}],"curies":[{"name":"wp","href":"https:\/\/api.w.org\/{rel}","templated":true}]}}