{"id":11115,"date":"2023-04-26T06:23:40","date_gmt":"2023-04-26T06:23:40","guid":{"rendered":"https:\/\/modale.com\/product\/laskasasjean-side-table-high\/"},"modified":"2023-08-10T10:40:45","modified_gmt":"2023-08-10T10:40:45","slug":"laskasasjean-side-table-high","status":"publish","type":"product","link":"https:\/\/modale.com\/vi\/product\/laskasasjean-side-table-high\/","title":{"rendered":"<strong>ALGA <\/strong><br>B\u00c0N TRANG TR\u00cd (CAO) JEAN"},"content":{"rendered":"<p>\u0110\u01af\u1ee2C L\u00c0M T\u1eea VENEER S\u1ed2I V\u00c0 C\u00d3 M\u1eb6T TR\u00caN \u0110\u00c1 TRAVERTINE, B\u00c0N JEAN MANG L\u1ea0I CHO CH\u00daNG TA M\u1ed8T C\u1ea2M GI\u00c1C K\u1ef2 L\u1ea0 C\u1ee6A S\u1ef0 NH\u1eb8 NH\u00c0NG. V\u1edaI M\u1eb6T TR\u00d2N \u0110\u00c1 TR\u1eaeNG B\u00d3NG, N\u00d3 HO\u00c0N H\u1ea2O PH\u00d9 H\u1ee2P V\u1edaI NH\u1eeeNG CH\u00c2N L\u1ea4Y C\u1ea2M H\u1ee8NG T\u1eea GH\u1ebe C\u00d9NG T\u00caN.<\/p>\n","protected":false},"excerpt":{"rendered":"<p>\u0110\u01af\u1ee2C L\u00c0M T\u1eea VENEER S\u1ed2I V\u00c0 C\u00d3 M\u1eb6T TR\u00caN \u0110\u00c1 TRAVERTINE, B\u00c0N JEAN MANG L\u1ea0I CHO CH\u00daNG TA M\u1ed8T C\u1ea2M GI\u00c1C K\u1ef2 L\u1ea0 C\u1ee6A S\u1ef0 NH\u1eb8 NH\u00c0NG. V\u1edaI M\u1eb6T TR\u00d2N \u0110\u00c1 TR\u1eaeNG B\u00d3NG, N\u00d3 HO\u00c0N H\u1ea2O PH\u00d9 H\u1ee2P V\u1edaI NH\u1eeeNG CH\u00c2N L\u1ea4Y C\u1ea2M H\u1ee8NG T\u1eea GH\u1ebe C\u00d9NG T\u00caN.<\/p>\n","protected":false},"featured_media":9835,"template":"","meta":[],"product_cat":[746],"product_tag":[703],"origin":[771],"designers":[],"collection":[357],"brands":[65],"class_list":{"0":"post-11115","1":"product","2":"type-product","3":"status-publish","4":"has-post-thumbnail","6":"product_cat-side-tables-vi","7":"product_tag-living-vi-2","8":"origin-chau-au","9":"collection-jean","10":"brands-alga-by-paulo-antunes","12":"first","13":"instock","14":"shipping-taxable","15":"purchasable","16":"product-type-simple"},"_links":{"self":[{"href":"https:\/\/modale.com\/vi\/wp-json\/wp\/v2\/product\/11115","targetHints":{"allow":["GET"]}}],"collection":[{"href":"https:\/\/modale.com\/vi\/wp-json\/wp\/v2\/product"}],"about":[{"href":"https:\/\/modale.com\/vi\/wp-json\/wp\/v2\/types\/product"}],"wp:featuredmedia":[{"embeddable":true,"href":"https:\/\/modale.com\/vi\/wp-json\/wp\/v2\/media\/9835"}],"wp:attachment":[{"href":"https:\/\/modale.com\/vi\/wp-json\/wp\/v2\/media?parent=11115"}],"wp:term":[{"taxonomy":"product_cat","embeddable":true,"href":"https:\/\/modale.com\/vi\/wp-json\/wp\/v2\/product_cat?post=11115"},{"taxonomy":"product_tag","embeddable":true,"href":"https:\/\/modale.com\/vi\/wp-json\/wp\/v2\/product_tag?post=11115"},{"taxonomy":"origin","embeddable":true,"href":"https:\/\/modale.com\/vi\/wp-json\/wp\/v2\/origin?post=11115"},{"taxonomy":"designers","embeddable":true,"href":"https:\/\/modale.com\/vi\/wp-json\/wp\/v2\/designers?post=11115"},{"taxonomy":"collection","embeddable":true,"href":"https:\/\/modale.com\/vi\/wp-json\/wp\/v2\/collection?post=11115"},{"taxonomy":"brands","embeddable":true,"href":"https:\/\/modale.com\/vi\/wp-json\/wp\/v2\/brands?post=11115"}],"curies":[{"name":"wp","href":"https:\/\/api.w.org\/{rel}","templated":true}]}}