{"id":11117,"date":"2023-04-26T05:48:23","date_gmt":"2023-04-26T05:48:23","guid":{"rendered":"https:\/\/modale.com\/product\/algaalfama-armchair\/"},"modified":"2023-08-10T10:40:46","modified_gmt":"2023-08-10T10:40:46","slug":"algaalfama-armchair","status":"publish","type":"product","link":"https:\/\/modale.com\/vi\/product\/algaalfama-armchair\/","title":{"rendered":"<strong>ALGA <\/strong><br>GH\u1ebe B\u00c0NH ALFAMA"},"content":{"rendered":"<p>\u0110\u01af\u1ee2C L\u1ea4Y C\u1ea2M H\u1ee8NG T\u1eea NH\u1eeeNG C\u00c1I KH\u0102N X\u1ebeP \u0110\u1ea6U C\u1ee6A C\u00c1C CA S\u0128 FADO, ALFAMA L\u00c0 M\u1ed8T M\u00d3N \u0110\u1ed2 \u1ea4N T\u01af\u1ee2NG \u0110\u01af\u1ee2C THI\u1ebeT K\u1ebe CHO S\u1ef0 THO\u1ea2I M\u00c1I T\u1ed0I \u0110A V\u00c0 SANG TR\u1eccNG. \u0110\u01af\u1ee2C B\u1eccC B\u1eb0NG DA V\u00c0 C\u00d3 CH\u00c2N \u0110\u01af\u1ee2C M\u1ea0 \u0110\u1ed2NG B\u1eccC V\u00c0 B\u1eccC S\u01a0N OXIDIZED, GH\u1ebe SOFA N\u00c0Y L\u00c0 S\u1ef0 PH\u1ea2N \u00c1NH CH\u00c2N TH\u1ef0C C\u1ee6A TH\u01af\u01a0NG HI\u1ec6U PAULO ANTUNES. \u0110\u01af\u1ee2C CH\u1ebe T\u00c1C T\u1eeaNG CHI TI\u1ebeT M\u1ed8T B\u1eb0NG TAY, N\u00d3 TR\u01afNG B\u00c0Y \u0110AM M\u00ca C\u1ee6A TH\u01af\u01a0NG HI\u1ec6U V\u00c0 S\u1ef0 CAM K\u1ebeT S\u1eec D\u1ee4NG CH\u1ec8 NH\u1eeeNG V\u1eacT LI\u1ec6U V\u00c0 HO\u00c0N THI\u1ec6N T\u1ed0T NH\u1ea4T.<\/p>\n","protected":false},"excerpt":{"rendered":"<p>\u0110\u01af\u1ee2C L\u1ea4Y C\u1ea2M H\u1ee8NG T\u1eea NH\u1eeeNG C\u00c1I KH\u0102N X\u1ebeP \u0110\u1ea6U C\u1ee6A C\u00c1C CA S\u0128 FADO, ALFAMA L\u00c0 M\u1ed8T M\u00d3N \u0110\u1ed2 \u1ea4N T\u01af\u1ee2NG \u0110\u01af\u1ee2C THI\u1ebeT K\u1ebe CHO S\u1ef0 THO\u1ea2I M\u00c1I T\u1ed0I \u0110A V\u00c0 SANG TR\u1eccNG. \u0110\u01af\u1ee2C B\u1eccC B\u1eb0NG DA V\u00c0 C\u00d3 CH\u00c2N \u0110\u01af\u1ee2C M\u1ea0 \u0110\u1ed2NG B\u1eccC V\u00c0 B\u1eccC S\u01a0N OXIDIZED, GH\u1ebe SOFA N\u00c0Y L\u00c0 S\u1ef0 PH\u1ea2N [&hellip;]<\/p>\n","protected":false},"featured_media":9813,"template":"","meta":[],"product_cat":[724],"product_tag":[703],"origin":[771],"designers":[],"collection":[705],"brands":[65],"class_list":{"0":"post-11117","1":"product","2":"type-product","3":"status-publish","4":"has-post-thumbnail","6":"product_cat-armchairs-vi","7":"product_tag-living-vi-2","8":"origin-chau-au","9":"collection-alfama","10":"brands-alga-by-paulo-antunes","12":"first","13":"instock","14":"shipping-taxable","15":"purchasable","16":"product-type-simple"},"_links":{"self":[{"href":"https:\/\/modale.com\/vi\/wp-json\/wp\/v2\/product\/11117","targetHints":{"allow":["GET"]}}],"collection":[{"href":"https:\/\/modale.com\/vi\/wp-json\/wp\/v2\/product"}],"about":[{"href":"https:\/\/modale.com\/vi\/wp-json\/wp\/v2\/types\/product"}],"wp:featuredmedia":[{"embeddable":true,"href":"https:\/\/modale.com\/vi\/wp-json\/wp\/v2\/media\/9813"}],"wp:attachment":[{"href":"https:\/\/modale.com\/vi\/wp-json\/wp\/v2\/media?parent=11117"}],"wp:term":[{"taxonomy":"product_cat","embeddable":true,"href":"https:\/\/modale.com\/vi\/wp-json\/wp\/v2\/product_cat?post=11117"},{"taxonomy":"product_tag","embeddable":true,"href":"https:\/\/modale.com\/vi\/wp-json\/wp\/v2\/product_tag?post=11117"},{"taxonomy":"origin","embeddable":true,"href":"https:\/\/modale.com\/vi\/wp-json\/wp\/v2\/origin?post=11117"},{"taxonomy":"designers","embeddable":true,"href":"https:\/\/modale.com\/vi\/wp-json\/wp\/v2\/designers?post=11117"},{"taxonomy":"collection","embeddable":true,"href":"https:\/\/modale.com\/vi\/wp-json\/wp\/v2\/collection?post=11117"},{"taxonomy":"brands","embeddable":true,"href":"https:\/\/modale.com\/vi\/wp-json\/wp\/v2\/brands?post=11117"}],"curies":[{"name":"wp","href":"https:\/\/api.w.org\/{rel}","templated":true}]}}