{"id":11128,"date":"2023-04-10T18:04:34","date_gmt":"2023-04-10T18:04:34","guid":{"rendered":"https:\/\/modale.com\/product\/pelechair\/"},"modified":"2023-08-10T10:40:48","modified_gmt":"2023-08-10T10:40:48","slug":"pelechair","status":"publish","type":"product","link":"https:\/\/modale.com\/vi\/product\/pelechair\/","title":{"rendered":"<strong>MINIFORMS <\/strong><br>GH\u1ebe PELE"},"content":{"rendered":"<p>GH\u1ebe PELE \u0110\u01af\u1ee2C B\u1eccC \u0110\u1ec6M TO\u00c0N B\u1ed8 T\u1eea T\u1ef0A L\u01afNG \u0110\u1ebeN CH\u00c2N. V\u1edaI \u0110\u1ec6M KH\u00cd BOURGEOIS V\u00c0 H\u00ccNH D\u1ea0NG TR\u00d2N, N\u00d3 C\u1ef0C K\u1ef2 LINH HO\u1ea0T V\u00c0 PH\u00d9 H\u1ee2P TRONG B\u1ea4T K\u1ef2 M\u00d4I TR\u01af\u1edcNG N\u00c0O.<\/p>\n","protected":false},"excerpt":{"rendered":"<p>GH\u1ebe PELE \u0110\u01af\u1ee2C B\u1eccC \u0110\u1ec6M TO\u00c0N B\u1ed8 T\u1eea T\u1ef0A L\u01afNG \u0110\u1ebeN CH\u00c2N. V\u1edaI \u0110\u1ec6M KH\u00cd BOURGEOIS V\u00c0 H\u00ccNH D\u1ea0NG TR\u00d2N, N\u00d3 C\u1ef0C K\u1ef2 LINH HO\u1ea0T V\u00c0 PH\u00d9 H\u1ee2P TRONG B\u1ea4T K\u1ef2 M\u00d4I TR\u01af\u1edcNG N\u00c0O.<\/p>\n","protected":false},"featured_media":9669,"template":"","meta":[],"product_cat":[731],"product_tag":[700],"origin":[770],"designers":[],"collection":[572],"brands":[117],"class_list":{"0":"post-11128","1":"product","2":"type-product","3":"status-publish","4":"has-post-thumbnail","6":"product_cat-chairs-vi","7":"product_tag-dining-vi-2","8":"origin-european","9":"collection-pele","10":"brands-miniforms","12":"first","13":"instock","14":"shipping-taxable","15":"purchasable","16":"product-type-simple"},"_links":{"self":[{"href":"https:\/\/modale.com\/vi\/wp-json\/wp\/v2\/product\/11128","targetHints":{"allow":["GET"]}}],"collection":[{"href":"https:\/\/modale.com\/vi\/wp-json\/wp\/v2\/product"}],"about":[{"href":"https:\/\/modale.com\/vi\/wp-json\/wp\/v2\/types\/product"}],"wp:featuredmedia":[{"embeddable":true,"href":"https:\/\/modale.com\/vi\/wp-json\/wp\/v2\/media\/9669"}],"wp:attachment":[{"href":"https:\/\/modale.com\/vi\/wp-json\/wp\/v2\/media?parent=11128"}],"wp:term":[{"taxonomy":"product_cat","embeddable":true,"href":"https:\/\/modale.com\/vi\/wp-json\/wp\/v2\/product_cat?post=11128"},{"taxonomy":"product_tag","embeddable":true,"href":"https:\/\/modale.com\/vi\/wp-json\/wp\/v2\/product_tag?post=11128"},{"taxonomy":"origin","embeddable":true,"href":"https:\/\/modale.com\/vi\/wp-json\/wp\/v2\/origin?post=11128"},{"taxonomy":"designers","embeddable":true,"href":"https:\/\/modale.com\/vi\/wp-json\/wp\/v2\/designers?post=11128"},{"taxonomy":"collection","embeddable":true,"href":"https:\/\/modale.com\/vi\/wp-json\/wp\/v2\/collection?post=11128"},{"taxonomy":"brands","embeddable":true,"href":"https:\/\/modale.com\/vi\/wp-json\/wp\/v2\/brands?post=11128"}],"curies":[{"name":"wp","href":"https:\/\/api.w.org\/{rel}","templated":true}]}}