{"id":11167,"date":"2023-04-10T17:58:10","date_gmt":"2023-04-10T17:58:10","guid":{"rendered":"https:\/\/modale.com\/product\/tamiarmchair\/"},"modified":"2023-08-10T10:40:56","modified_gmt":"2023-08-10T10:40:56","slug":"tamiarmchair","status":"publish","type":"product","link":"https:\/\/modale.com\/vi\/product\/tamiarmchair\/","title":{"rendered":"<strong>EMU <\/strong><br>GH\u1ebe B\u00c0NH TAMI"},"content":{"rendered":"<p>GH\u1ebe B\u00c0NH TAMI \u0110\u01af\u1ee2C L\u00c0M T\u1eea H\u1ee2P KIM NH\u00d4M \u0110\u1eb6C BI\u1ec6T 6060 V\u00c0 TH\u00c9P KH\u00d4NG G\u1ec8 AISI316. GI\u00c1T GH\u1ebe \u0110\u01af\u1ee2C L\u00c0M T\u1eea TRE\/WPC, M\u1ed8T V\u1eacT LI\u1ec6U T\u00c1I CH\u1ebe T\u1eea TRE V\u00c0 S\u1ee2I TRE TH\u00c2N THI\u1ec6N V\u1edaI M\u00d4I TR\u01af\u1edcNG. C\u00c1C B\u1ed8 PH\u1eacN NH\u1ef0A \u0110\u00daC \u0110\u01af\u1ee2C S\u1eec D\u1ee4NG \u0110\u1ec2 L\u1eaeP R\u00c1P L\u01afNG V\u00c0 TAY V\u1ecaN \u0110\u01af\u1ee2C L\u00c0M T\u1eea \u1ed0NG D28 V\u00c0 T\u1ea4M 30 X 8 B\u1eb0NG H\u1ee2P KIM NH\u00d4M 6060, GI\u00daP T\u0102NG C\u01af\u1edcNG \u0110\u1ed8 B\u1ec0N C\u1ee6A GH\u1ebe.<\/p>\n","protected":false},"excerpt":{"rendered":"<p>GH\u1ebe B\u00c0NH TAMI \u0110\u01af\u1ee2C L\u00c0M T\u1eea H\u1ee2P KIM NH\u00d4M \u0110\u1eb6C BI\u1ec6T 6060 V\u00c0 TH\u00c9P KH\u00d4NG G\u1ec8 AISI316. GI\u00c1T GH\u1ebe \u0110\u01af\u1ee2C L\u00c0M T\u1eea TRE\/WPC, M\u1ed8T V\u1eacT LI\u1ec6U T\u00c1I CH\u1ebe T\u1eea TRE V\u00c0 S\u1ee2I TRE TH\u00c2N THI\u1ec6N V\u1edaI M\u00d4I TR\u01af\u1edcNG. C\u00c1C B\u1ed8 PH\u1eacN NH\u1ef0A \u0110\u00daC \u0110\u01af\u1ee2C S\u1eec D\u1ee4NG \u0110\u1ec2 L\u1eaeP R\u00c1P L\u01afNG V\u00c0 TAY V\u1ecaN \u0110\u01af\u1ee2C L\u00c0M [&hellip;]<\/p>\n","protected":false},"featured_media":9524,"template":"","meta":[],"product_cat":[744],"product_tag":[704],"origin":[770],"designers":[546],"collection":[547],"brands":[125],"class_list":{"0":"post-11167","1":"product","2":"type-product","3":"status-publish","4":"has-post-thumbnail","6":"product_cat-outdoor-lounge-vi","7":"product_tag-outdoor-vi-2","8":"origin-european","9":"designers-jean-marie-massaud","10":"collection-tami","11":"brands-emu","13":"first","14":"instock","15":"shipping-taxable","16":"purchasable","17":"product-type-simple"},"_links":{"self":[{"href":"https:\/\/modale.com\/vi\/wp-json\/wp\/v2\/product\/11167","targetHints":{"allow":["GET"]}}],"collection":[{"href":"https:\/\/modale.com\/vi\/wp-json\/wp\/v2\/product"}],"about":[{"href":"https:\/\/modale.com\/vi\/wp-json\/wp\/v2\/types\/product"}],"wp:featuredmedia":[{"embeddable":true,"href":"https:\/\/modale.com\/vi\/wp-json\/wp\/v2\/media\/9524"}],"wp:attachment":[{"href":"https:\/\/modale.com\/vi\/wp-json\/wp\/v2\/media?parent=11167"}],"wp:term":[{"taxonomy":"product_cat","embeddable":true,"href":"https:\/\/modale.com\/vi\/wp-json\/wp\/v2\/product_cat?post=11167"},{"taxonomy":"product_tag","embeddable":true,"href":"https:\/\/modale.com\/vi\/wp-json\/wp\/v2\/product_tag?post=11167"},{"taxonomy":"origin","embeddable":true,"href":"https:\/\/modale.com\/vi\/wp-json\/wp\/v2\/origin?post=11167"},{"taxonomy":"designers","embeddable":true,"href":"https:\/\/modale.com\/vi\/wp-json\/wp\/v2\/designers?post=11167"},{"taxonomy":"collection","embeddable":true,"href":"https:\/\/modale.com\/vi\/wp-json\/wp\/v2\/collection?post=11167"},{"taxonomy":"brands","embeddable":true,"href":"https:\/\/modale.com\/vi\/wp-json\/wp\/v2\/brands?post=11167"}],"curies":[{"name":"wp","href":"https:\/\/api.w.org\/{rel}","templated":true}]}}