{"id":11196,"date":"2023-04-10T17:56:24","date_gmt":"2023-04-10T17:56:24","guid":{"rendered":"https:\/\/modale.com\/product\/cannolright-terminal-module\/"},"modified":"2023-08-10T10:41:04","modified_gmt":"2023-08-10T10:41:04","slug":"cannolright-terminal-module","status":"publish","type":"product","link":"https:\/\/modale.com\/vi\/product\/cannolright-terminal-module\/","title":{"rendered":"<strong>EMU <\/strong><br>GH\u1ebe MODULE BO G\u00d3C B\u00caN PH\u1ea2I CANNOLE"},"content":{"rendered":"<p>B\u1ed8 S\u01afU T\u1eacP GH\u1ebe NG\u1ed2I CANNOLE C\u1ee6A ANTON CRISTELL V\u00c0 EMANUEL GARGANO \u0110\u01af\u1ee2C L\u00c0M T\u1eea C\u00c1C \u1ed0NG TH\u00c9P M\u1ea0 K\u1ebcM B\u00caN TRONG V\u00c0 B\u00caN NGO\u00c0I. GH\u1ebe NG\u1ed2I C\u00d3 L\u01af\u1edaI THANH M\u1ea0 K\u1ebcM V\u00c0 CH\u00c2N GH\u1ebe L\u00c0M B\u1eb0NG TH\u00c9P \u1ed0NG PH\u1ee6 S\u01a0N T\u0128NH \u0110I\u1ec6N POLYESTER. \u0110\u1ec6M GH\u1ebe CANNOLE \u0110\u01af\u1ee2C L\u00c0M B\u1eb0NG CAO SU POLYURETHANE V\u00c0 C\u00d3 L\u00d5I NH\u1ef0A S\u1ee2I POLYESTER. B\u1ed8 S\u01afU T\u1eacP C\u00d3 NHI\u1ec0U S\u1ea2N PH\u1ea8M KH\u00c1C NHAU.<\/p>\n","protected":false},"excerpt":{"rendered":"<p>B\u1ed8 S\u01afU T\u1eacP GH\u1ebe NG\u1ed2I CANNOLE C\u1ee6A ANTON CRISTELL V\u00c0 EMANUEL GARGANO \u0110\u01af\u1ee2C L\u00c0M T\u1eea C\u00c1C \u1ed0NG TH\u00c9P M\u1ea0 K\u1ebcM B\u00caN TRONG V\u00c0 B\u00caN NGO\u00c0I. GH\u1ebe NG\u1ed2I C\u00d3 L\u01af\u1edaI THANH M\u1ea0 K\u1ebcM V\u00c0 CH\u00c2N GH\u1ebe L\u00c0M B\u1eb0NG TH\u00c9P \u1ed0NG PH\u1ee6 S\u01a0N T\u0128NH \u0110I\u1ec6N POLYESTER. \u0110\u1ec6M GH\u1ebe CANNOLE \u0110\u01af\u1ee2C L\u00c0M B\u1eb0NG CAO SU POLYURETHANE V\u00c0 C\u00d3 [&hellip;]<\/p>\n","protected":false},"featured_media":9426,"template":"","meta":[],"product_cat":[744],"product_tag":[704],"origin":[770],"designers":[],"collection":[537],"brands":[125],"class_list":{"0":"post-11196","1":"product","2":"type-product","3":"status-publish","4":"has-post-thumbnail","6":"product_cat-outdoor-lounge-vi","7":"product_tag-outdoor-vi-2","8":"origin-european","9":"collection-cannole","10":"brands-emu","12":"first","13":"instock","14":"shipping-taxable","15":"purchasable","16":"product-type-simple"},"_links":{"self":[{"href":"https:\/\/modale.com\/vi\/wp-json\/wp\/v2\/product\/11196","targetHints":{"allow":["GET"]}}],"collection":[{"href":"https:\/\/modale.com\/vi\/wp-json\/wp\/v2\/product"}],"about":[{"href":"https:\/\/modale.com\/vi\/wp-json\/wp\/v2\/types\/product"}],"wp:featuredmedia":[{"embeddable":true,"href":"https:\/\/modale.com\/vi\/wp-json\/wp\/v2\/media\/9426"}],"wp:attachment":[{"href":"https:\/\/modale.com\/vi\/wp-json\/wp\/v2\/media?parent=11196"}],"wp:term":[{"taxonomy":"product_cat","embeddable":true,"href":"https:\/\/modale.com\/vi\/wp-json\/wp\/v2\/product_cat?post=11196"},{"taxonomy":"product_tag","embeddable":true,"href":"https:\/\/modale.com\/vi\/wp-json\/wp\/v2\/product_tag?post=11196"},{"taxonomy":"origin","embeddable":true,"href":"https:\/\/modale.com\/vi\/wp-json\/wp\/v2\/origin?post=11196"},{"taxonomy":"designers","embeddable":true,"href":"https:\/\/modale.com\/vi\/wp-json\/wp\/v2\/designers?post=11196"},{"taxonomy":"collection","embeddable":true,"href":"https:\/\/modale.com\/vi\/wp-json\/wp\/v2\/collection?post=11196"},{"taxonomy":"brands","embeddable":true,"href":"https:\/\/modale.com\/vi\/wp-json\/wp\/v2\/brands?post=11196"}],"curies":[{"name":"wp","href":"https:\/\/api.w.org\/{rel}","templated":true}]}}