{"id":11199,"date":"2023-04-10T17:56:12","date_gmt":"2023-04-10T17:56:12","guid":{"rendered":"https:\/\/modale.com\/product\/line-eva-roundceiling-lamp\/"},"modified":"2023-08-10T10:41:05","modified_gmt":"2023-08-10T10:41:05","slug":"line-eva-roundceiling-lamp","status":"publish","type":"product","link":"https:\/\/modale.com\/vi\/product\/line-eva-roundceiling-lamp\/","title":{"rendered":"<strong>K-LIGHTING <\/strong><br>\u0110\u00c8N TH\u1ea2 TR\u1ea6N TR\u00d2N LINE EVA"},"content":{"rendered":"<p>\u0110\u00c8N TR\u1ea6N LINE EVA TR\u00d2N B\u1eb0NG TH\u00c9P KH\u00d4NG G\u1ec8, PHA L\u00ca nB\u00d3NG \u0110\u00c8N: E14 8X40W<\/p>\n","protected":false},"excerpt":{"rendered":"<p>\u0110\u00c8N TR\u1ea6N LINE EVA TR\u00d2N B\u1eb0NG TH\u00c9P KH\u00d4NG G\u1ec8, PHA L\u00ca nB\u00d3NG \u0110\u00c8N: E14 8X40W<\/p>\n","protected":false},"featured_media":9416,"template":"","meta":[],"product_cat":[730],"product_tag":[702],"origin":[770],"designers":[],"collection":[536],"brands":[124],"class_list":{"0":"post-11199","1":"product","2":"type-product","3":"status-publish","4":"has-post-thumbnail","6":"product_cat-ceiling-lamps-vi","7":"product_tag-lighting-vi-2","8":"origin-european","9":"collection-line-eva-round","10":"brands-k-lighting","12":"first","13":"instock","14":"shipping-taxable","15":"purchasable","16":"product-type-simple"},"_links":{"self":[{"href":"https:\/\/modale.com\/vi\/wp-json\/wp\/v2\/product\/11199","targetHints":{"allow":["GET"]}}],"collection":[{"href":"https:\/\/modale.com\/vi\/wp-json\/wp\/v2\/product"}],"about":[{"href":"https:\/\/modale.com\/vi\/wp-json\/wp\/v2\/types\/product"}],"wp:featuredmedia":[{"embeddable":true,"href":"https:\/\/modale.com\/vi\/wp-json\/wp\/v2\/media\/9416"}],"wp:attachment":[{"href":"https:\/\/modale.com\/vi\/wp-json\/wp\/v2\/media?parent=11199"}],"wp:term":[{"taxonomy":"product_cat","embeddable":true,"href":"https:\/\/modale.com\/vi\/wp-json\/wp\/v2\/product_cat?post=11199"},{"taxonomy":"product_tag","embeddable":true,"href":"https:\/\/modale.com\/vi\/wp-json\/wp\/v2\/product_tag?post=11199"},{"taxonomy":"origin","embeddable":true,"href":"https:\/\/modale.com\/vi\/wp-json\/wp\/v2\/origin?post=11199"},{"taxonomy":"designers","embeddable":true,"href":"https:\/\/modale.com\/vi\/wp-json\/wp\/v2\/designers?post=11199"},{"taxonomy":"collection","embeddable":true,"href":"https:\/\/modale.com\/vi\/wp-json\/wp\/v2\/collection?post=11199"},{"taxonomy":"brands","embeddable":true,"href":"https:\/\/modale.com\/vi\/wp-json\/wp\/v2\/brands?post=11199"}],"curies":[{"name":"wp","href":"https:\/\/api.w.org\/{rel}","templated":true}]}}