{"id":11206,"date":"2023-04-10T17:55:57","date_gmt":"2023-04-10T17:55:57","guid":{"rendered":"https:\/\/modale.com\/product\/line-metaniratable-lamp\/"},"modified":"2023-08-10T10:41:07","modified_gmt":"2023-08-10T10:41:07","slug":"line-metaniratable-lamp","status":"publish","type":"product","link":"https:\/\/modale.com\/vi\/product\/line-metaniratable-lamp\/","title":{"rendered":"<strong>K-LIGHTING <\/strong><br>\u0110\u00c8N B\u00c0N LINE METANIRA"},"content":{"rendered":"<p>\u0110\u00c8N B\u00c0N LINE METANIRA B\u1eb0NG TH\u00c9P KH\u00d4NG G\u1ec8, PHA L\u00ca &#038; V\u1ea2I nB\u00d3NG \u0110\u00c8N: E27 1X60W<\/p>\n","protected":false},"excerpt":{"rendered":"<p>\u0110\u00c8N B\u00c0N LINE METANIRA B\u1eb0NG TH\u00c9P KH\u00d4NG G\u1ec8, PHA L\u00ca &#038; V\u1ea2I nB\u00d3NG \u0110\u00c8N: E27 1X60W<\/p>\n","protected":false},"featured_media":9401,"template":"","meta":[],"product_cat":[750],"product_tag":[702],"origin":[770],"designers":[],"collection":[531],"brands":[124],"class_list":{"0":"post-11206","1":"product","2":"type-product","3":"status-publish","4":"has-post-thumbnail","6":"product_cat-table-lamps-vi","7":"product_tag-lighting-vi-2","8":"origin-european","9":"collection-line-metanira","10":"brands-k-lighting","12":"first","13":"instock","14":"shipping-taxable","15":"purchasable","16":"product-type-simple"},"_links":{"self":[{"href":"https:\/\/modale.com\/vi\/wp-json\/wp\/v2\/product\/11206","targetHints":{"allow":["GET"]}}],"collection":[{"href":"https:\/\/modale.com\/vi\/wp-json\/wp\/v2\/product"}],"about":[{"href":"https:\/\/modale.com\/vi\/wp-json\/wp\/v2\/types\/product"}],"wp:featuredmedia":[{"embeddable":true,"href":"https:\/\/modale.com\/vi\/wp-json\/wp\/v2\/media\/9401"}],"wp:attachment":[{"href":"https:\/\/modale.com\/vi\/wp-json\/wp\/v2\/media?parent=11206"}],"wp:term":[{"taxonomy":"product_cat","embeddable":true,"href":"https:\/\/modale.com\/vi\/wp-json\/wp\/v2\/product_cat?post=11206"},{"taxonomy":"product_tag","embeddable":true,"href":"https:\/\/modale.com\/vi\/wp-json\/wp\/v2\/product_tag?post=11206"},{"taxonomy":"origin","embeddable":true,"href":"https:\/\/modale.com\/vi\/wp-json\/wp\/v2\/origin?post=11206"},{"taxonomy":"designers","embeddable":true,"href":"https:\/\/modale.com\/vi\/wp-json\/wp\/v2\/designers?post=11206"},{"taxonomy":"collection","embeddable":true,"href":"https:\/\/modale.com\/vi\/wp-json\/wp\/v2\/collection?post=11206"},{"taxonomy":"brands","embeddable":true,"href":"https:\/\/modale.com\/vi\/wp-json\/wp\/v2\/brands?post=11206"}],"curies":[{"name":"wp","href":"https:\/\/api.w.org\/{rel}","templated":true}]}}