{"id":11211,"date":"2023-04-10T17:55:39","date_gmt":"2023-04-10T17:55:39","guid":{"rendered":"https:\/\/modale.com\/product\/line-brillatable-lamp\/"},"modified":"2023-08-10T10:41:08","modified_gmt":"2023-08-10T10:41:08","slug":"line-brillatable-lamp","status":"publish","type":"product","link":"https:\/\/modale.com\/vi\/product\/line-brillatable-lamp\/","title":{"rendered":"<strong>K-LIGHTING <\/strong><br>\u0110\u00c8N B\u00c0N LINE BRILLA"},"content":{"rendered":"<p>\u0110\u00c8N B\u00c0N LINE BRILLA B\u1eb0NG TH\u00c9P KH\u00d4NG G\u1ec8, PHA L\u00ca &#038; V\u1ea2I nB\u00d3NG \u0110\u00c8N TH\u1ee6Y TINH: E14 1X40W<\/p>\n","protected":false},"excerpt":{"rendered":"<p>\u0110\u00c8N B\u00c0N LINE BRILLA B\u1eb0NG TH\u00c9P KH\u00d4NG G\u1ec8, PHA L\u00ca &#038; V\u1ea2I nB\u00d3NG \u0110\u00c8N TH\u1ee6Y TINH: E14 1X40W<\/p>\n","protected":false},"featured_media":9387,"template":"","meta":[],"product_cat":[750],"product_tag":[702],"origin":[770],"designers":[],"collection":[528],"brands":[124],"class_list":{"0":"post-11211","1":"product","2":"type-product","3":"status-publish","4":"has-post-thumbnail","6":"product_cat-table-lamps-vi","7":"product_tag-lighting-vi-2","8":"origin-european","9":"collection-line-brilla","10":"brands-k-lighting","12":"first","13":"instock","14":"shipping-taxable","15":"purchasable","16":"product-type-simple"},"_links":{"self":[{"href":"https:\/\/modale.com\/vi\/wp-json\/wp\/v2\/product\/11211","targetHints":{"allow":["GET"]}}],"collection":[{"href":"https:\/\/modale.com\/vi\/wp-json\/wp\/v2\/product"}],"about":[{"href":"https:\/\/modale.com\/vi\/wp-json\/wp\/v2\/types\/product"}],"wp:featuredmedia":[{"embeddable":true,"href":"https:\/\/modale.com\/vi\/wp-json\/wp\/v2\/media\/9387"}],"wp:attachment":[{"href":"https:\/\/modale.com\/vi\/wp-json\/wp\/v2\/media?parent=11211"}],"wp:term":[{"taxonomy":"product_cat","embeddable":true,"href":"https:\/\/modale.com\/vi\/wp-json\/wp\/v2\/product_cat?post=11211"},{"taxonomy":"product_tag","embeddable":true,"href":"https:\/\/modale.com\/vi\/wp-json\/wp\/v2\/product_tag?post=11211"},{"taxonomy":"origin","embeddable":true,"href":"https:\/\/modale.com\/vi\/wp-json\/wp\/v2\/origin?post=11211"},{"taxonomy":"designers","embeddable":true,"href":"https:\/\/modale.com\/vi\/wp-json\/wp\/v2\/designers?post=11211"},{"taxonomy":"collection","embeddable":true,"href":"https:\/\/modale.com\/vi\/wp-json\/wp\/v2\/collection?post=11211"},{"taxonomy":"brands","embeddable":true,"href":"https:\/\/modale.com\/vi\/wp-json\/wp\/v2\/brands?post=11211"}],"curies":[{"name":"wp","href":"https:\/\/api.w.org\/{rel}","templated":true}]}}