{"id":11235,"date":"2023-04-10T17:54:53","date_gmt":"2023-04-10T17:54:53","guid":{"rendered":"https:\/\/modale.com\/product\/siciliatable-lamp\/"},"modified":"2023-08-10T10:41:18","modified_gmt":"2023-08-10T10:41:18","slug":"siciliatable-lamp","status":"publish","type":"product","link":"https:\/\/modale.com\/vi\/product\/siciliatable-lamp\/","title":{"rendered":"<strong>VILLA LUMI <\/strong><br>\u0110\u00c8N B\u00c0N SICILIA"},"content":{"rendered":"<p>\u0110\u00c8N B\u00c0N SICILIA CAO 66 X D\u00c0I 40 CMnB\u1eb0NG TH\u1ee6Y TINH\/ \u0110\u1ed2NG THAU | NIKEN | 1 \u0110\u00c8N E27 MAX. 40W<\/p>\n","protected":false},"excerpt":{"rendered":"<p>\u0110\u00c8N B\u00c0N SICILIA CAO 66 X D\u00c0I 40 CMnB\u1eb0NG TH\u1ee6Y TINH\/ \u0110\u1ed2NG THAU | NIKEN | 1 \u0110\u00c8N E27 MAX. 40W<\/p>\n","protected":false},"featured_media":9348,"template":"","meta":[],"product_cat":[750],"product_tag":[702],"origin":[770],"designers":[],"collection":[510],"brands":[123],"class_list":{"0":"post-11235","1":"product","2":"type-product","3":"status-publish","4":"has-post-thumbnail","6":"product_cat-table-lamps-vi","7":"product_tag-lighting-vi-2","8":"origin-european","9":"collection-sicilia","10":"brands-villa-lumi","12":"first","13":"instock","14":"shipping-taxable","15":"purchasable","16":"product-type-simple"},"_links":{"self":[{"href":"https:\/\/modale.com\/vi\/wp-json\/wp\/v2\/product\/11235","targetHints":{"allow":["GET"]}}],"collection":[{"href":"https:\/\/modale.com\/vi\/wp-json\/wp\/v2\/product"}],"about":[{"href":"https:\/\/modale.com\/vi\/wp-json\/wp\/v2\/types\/product"}],"wp:featuredmedia":[{"embeddable":true,"href":"https:\/\/modale.com\/vi\/wp-json\/wp\/v2\/media\/9348"}],"wp:attachment":[{"href":"https:\/\/modale.com\/vi\/wp-json\/wp\/v2\/media?parent=11235"}],"wp:term":[{"taxonomy":"product_cat","embeddable":true,"href":"https:\/\/modale.com\/vi\/wp-json\/wp\/v2\/product_cat?post=11235"},{"taxonomy":"product_tag","embeddable":true,"href":"https:\/\/modale.com\/vi\/wp-json\/wp\/v2\/product_tag?post=11235"},{"taxonomy":"origin","embeddable":true,"href":"https:\/\/modale.com\/vi\/wp-json\/wp\/v2\/origin?post=11235"},{"taxonomy":"designers","embeddable":true,"href":"https:\/\/modale.com\/vi\/wp-json\/wp\/v2\/designers?post=11235"},{"taxonomy":"collection","embeddable":true,"href":"https:\/\/modale.com\/vi\/wp-json\/wp\/v2\/collection?post=11235"},{"taxonomy":"brands","embeddable":true,"href":"https:\/\/modale.com\/vi\/wp-json\/wp\/v2\/brands?post=11235"}],"curies":[{"name":"wp","href":"https:\/\/api.w.org\/{rel}","templated":true}]}}