{"id":11240,"date":"2023-04-10T17:54:46","date_gmt":"2023-04-10T17:54:46","guid":{"rendered":"https:\/\/modale.com\/product\/bolognatable-lamp\/"},"modified":"2023-08-10T10:41:19","modified_gmt":"2023-08-10T10:41:19","slug":"bolognatable-lamp","status":"publish","type":"product","link":"https:\/\/modale.com\/vi\/product\/bolognatable-lamp\/","title":{"rendered":"<strong>VILLA LUMI <\/strong><br>\u0110\u00c8N B\u00c0N BOLOGNA"},"content":{"rendered":"<p>\u0110\u00c8N B\u00c0N BOLOGNA CAO 87 X D\u00c0I 34 CMnB\u1eb0NG \u0110\u1ed2NG | V\u00c0NG L\u00cc | 1 \u0110\u00c8N E27 MAX. 40W<\/p>\n","protected":false},"excerpt":{"rendered":"<p>\u0110\u00c8N B\u00c0N BOLOGNA CAO 87 X D\u00c0I 34 CMnB\u1eb0NG \u0110\u1ed2NG | V\u00c0NG L\u00cc | 1 \u0110\u00c8N E27 MAX. 40W<\/p>\n","protected":false},"featured_media":9343,"template":"","meta":[],"product_cat":[750],"product_tag":[702],"origin":[770],"designers":[],"collection":[505],"brands":[123],"class_list":{"0":"post-11240","1":"product","2":"type-product","3":"status-publish","4":"has-post-thumbnail","6":"product_cat-table-lamps-vi","7":"product_tag-lighting-vi-2","8":"origin-european","9":"collection-bologna","10":"brands-villa-lumi","12":"first","13":"instock","14":"shipping-taxable","15":"purchasable","16":"product-type-simple"},"_links":{"self":[{"href":"https:\/\/modale.com\/vi\/wp-json\/wp\/v2\/product\/11240","targetHints":{"allow":["GET"]}}],"collection":[{"href":"https:\/\/modale.com\/vi\/wp-json\/wp\/v2\/product"}],"about":[{"href":"https:\/\/modale.com\/vi\/wp-json\/wp\/v2\/types\/product"}],"wp:featuredmedia":[{"embeddable":true,"href":"https:\/\/modale.com\/vi\/wp-json\/wp\/v2\/media\/9343"}],"wp:attachment":[{"href":"https:\/\/modale.com\/vi\/wp-json\/wp\/v2\/media?parent=11240"}],"wp:term":[{"taxonomy":"product_cat","embeddable":true,"href":"https:\/\/modale.com\/vi\/wp-json\/wp\/v2\/product_cat?post=11240"},{"taxonomy":"product_tag","embeddable":true,"href":"https:\/\/modale.com\/vi\/wp-json\/wp\/v2\/product_tag?post=11240"},{"taxonomy":"origin","embeddable":true,"href":"https:\/\/modale.com\/vi\/wp-json\/wp\/v2\/origin?post=11240"},{"taxonomy":"designers","embeddable":true,"href":"https:\/\/modale.com\/vi\/wp-json\/wp\/v2\/designers?post=11240"},{"taxonomy":"collection","embeddable":true,"href":"https:\/\/modale.com\/vi\/wp-json\/wp\/v2\/collection?post=11240"},{"taxonomy":"brands","embeddable":true,"href":"https:\/\/modale.com\/vi\/wp-json\/wp\/v2\/brands?post=11240"}],"curies":[{"name":"wp","href":"https:\/\/api.w.org\/{rel}","templated":true}]}}