{"id":11243,"date":"2023-04-10T17:54:41","date_gmt":"2023-04-10T17:54:41","guid":{"rendered":"https:\/\/modale.com\/product\/lisbon-to-casablancatable-lamp\/"},"modified":"2023-08-10T10:41:20","modified_gmt":"2023-08-10T10:41:20","slug":"lisbon-to-casablancatable-lamp","status":"publish","type":"product","link":"https:\/\/modale.com\/vi\/product\/lisbon-to-casablancatable-lamp\/","title":{"rendered":"<strong>VILLA LUMI <\/strong><br>\u0110\u00c8N B\u00c0N LISBON TO CASABLANCA"},"content":{"rendered":"<p>\u0110\u00c8N B\u00c0N LISBON TO CASABLANCA \u0110\u01af\u1ee2C L\u1ea4Y C\u1ea2M H\u1ee8NG T\u1eea TH\u00c0NH PH\u1ed0 CASABLANCA, M\u1eb6T K\u00cdNH B\u00caN NGO\u00c0I C\u00d3 H\u00ccNH D\u00c1NG C\u1ed4 \u0110I\u1ec2N.<\/p>\n","protected":false},"excerpt":{"rendered":"<p>\u0110\u00c8N B\u00c0N LISBON TO CASABLANCA \u0110\u01af\u1ee2C L\u1ea4Y C\u1ea2M H\u1ee8NG T\u1eea TH\u00c0NH PH\u1ed0 CASABLANCA, M\u1eb6T K\u00cdNH B\u00caN NGO\u00c0I C\u00d3 H\u00ccNH D\u00c1NG C\u1ed4 \u0110I\u1ec2N.<\/p>\n","protected":false},"featured_media":9340,"template":"","meta":[],"product_cat":[750],"product_tag":[702],"origin":[770],"designers":[],"collection":[502],"brands":[123],"class_list":{"0":"post-11243","1":"product","2":"type-product","3":"status-publish","4":"has-post-thumbnail","6":"product_cat-table-lamps-vi","7":"product_tag-lighting-vi-2","8":"origin-european","9":"collection-lisbon-to-casablanca","10":"brands-villa-lumi","12":"first","13":"instock","14":"shipping-taxable","15":"purchasable","16":"product-type-simple"},"_links":{"self":[{"href":"https:\/\/modale.com\/vi\/wp-json\/wp\/v2\/product\/11243","targetHints":{"allow":["GET"]}}],"collection":[{"href":"https:\/\/modale.com\/vi\/wp-json\/wp\/v2\/product"}],"about":[{"href":"https:\/\/modale.com\/vi\/wp-json\/wp\/v2\/types\/product"}],"wp:featuredmedia":[{"embeddable":true,"href":"https:\/\/modale.com\/vi\/wp-json\/wp\/v2\/media\/9340"}],"wp:attachment":[{"href":"https:\/\/modale.com\/vi\/wp-json\/wp\/v2\/media?parent=11243"}],"wp:term":[{"taxonomy":"product_cat","embeddable":true,"href":"https:\/\/modale.com\/vi\/wp-json\/wp\/v2\/product_cat?post=11243"},{"taxonomy":"product_tag","embeddable":true,"href":"https:\/\/modale.com\/vi\/wp-json\/wp\/v2\/product_tag?post=11243"},{"taxonomy":"origin","embeddable":true,"href":"https:\/\/modale.com\/vi\/wp-json\/wp\/v2\/origin?post=11243"},{"taxonomy":"designers","embeddable":true,"href":"https:\/\/modale.com\/vi\/wp-json\/wp\/v2\/designers?post=11243"},{"taxonomy":"collection","embeddable":true,"href":"https:\/\/modale.com\/vi\/wp-json\/wp\/v2\/collection?post=11243"},{"taxonomy":"brands","embeddable":true,"href":"https:\/\/modale.com\/vi\/wp-json\/wp\/v2\/brands?post=11243"}],"curies":[{"name":"wp","href":"https:\/\/api.w.org\/{rel}","templated":true}]}}