{"id":11248,"date":"2023-04-10T17:54:34","date_gmt":"2023-04-10T17:54:34","guid":{"rendered":"https:\/\/modale.com\/product\/capritable-lamp\/"},"modified":"2023-08-10T10:41:21","modified_gmt":"2023-08-10T10:41:21","slug":"capritable-lamp","status":"publish","type":"product","link":"https:\/\/modale.com\/vi\/product\/capritable-lamp\/","title":{"rendered":"<strong>VILLA LUMI <\/strong><br>\u0110\u00c8N B\u00c0N CAPRI"},"content":{"rendered":"<p>\u0110\u00c8N B\u00c0N M\u00c0U XANH NG\u1eccC C\u1ee6A CAPRI \u0110\u01af\u1ee2C L\u1ea4Y C\u1ea2M H\u1ee8NG T\u1eea TH\u00c0NH PH\u1ed0 \u00dd,  CHI\u1ebeC \u0110\u00c8N \u0110\u01af\u1ee2C B\u1eb0NG TH\u1ee6Y TINH TH\u1ed4I B\u1eb0NG TAY V\u00c0 \u0110\u1ed2NG, C\u00d3 PH\u1ee6 L\u1edaP NIKEN, T\u1ea0O \u0110I\u1ec2M NH\u1ea4N \u0110\u1eb6C BI\u1ec6T CHO C\u0102N PH\u00d2NG C\u1ee6A B\u1ea0N.<\/p>\n","protected":false},"excerpt":{"rendered":"<p>\u0110\u00c8N B\u00c0N M\u00c0U XANH NG\u1eccC C\u1ee6A CAPRI \u0110\u01af\u1ee2C L\u1ea4Y C\u1ea2M H\u1ee8NG T\u1eea TH\u00c0NH PH\u1ed0 \u00dd, CHI\u1ebeC \u0110\u00c8N \u0110\u01af\u1ee2C B\u1eb0NG TH\u1ee6Y TINH TH\u1ed4I B\u1eb0NG TAY V\u00c0 \u0110\u1ed2NG, C\u00d3 PH\u1ee6 L\u1edaP NIKEN, T\u1ea0O \u0110I\u1ec2M NH\u1ea4N \u0110\u1eb6C BI\u1ec6T CHO C\u0102N PH\u00d2NG C\u1ee6A B\u1ea0N.<\/p>\n","protected":false},"featured_media":9335,"template":"","meta":[],"product_cat":[750],"product_tag":[702],"origin":[770],"designers":[],"collection":[498],"brands":[123],"class_list":{"0":"post-11248","1":"product","2":"type-product","3":"status-publish","4":"has-post-thumbnail","6":"product_cat-table-lamps-vi","7":"product_tag-lighting-vi-2","8":"origin-european","9":"collection-capri","10":"brands-villa-lumi","12":"first","13":"instock","14":"shipping-taxable","15":"purchasable","16":"product-type-simple"},"_links":{"self":[{"href":"https:\/\/modale.com\/vi\/wp-json\/wp\/v2\/product\/11248","targetHints":{"allow":["GET"]}}],"collection":[{"href":"https:\/\/modale.com\/vi\/wp-json\/wp\/v2\/product"}],"about":[{"href":"https:\/\/modale.com\/vi\/wp-json\/wp\/v2\/types\/product"}],"wp:featuredmedia":[{"embeddable":true,"href":"https:\/\/modale.com\/vi\/wp-json\/wp\/v2\/media\/9335"}],"wp:attachment":[{"href":"https:\/\/modale.com\/vi\/wp-json\/wp\/v2\/media?parent=11248"}],"wp:term":[{"taxonomy":"product_cat","embeddable":true,"href":"https:\/\/modale.com\/vi\/wp-json\/wp\/v2\/product_cat?post=11248"},{"taxonomy":"product_tag","embeddable":true,"href":"https:\/\/modale.com\/vi\/wp-json\/wp\/v2\/product_tag?post=11248"},{"taxonomy":"origin","embeddable":true,"href":"https:\/\/modale.com\/vi\/wp-json\/wp\/v2\/origin?post=11248"},{"taxonomy":"designers","embeddable":true,"href":"https:\/\/modale.com\/vi\/wp-json\/wp\/v2\/designers?post=11248"},{"taxonomy":"collection","embeddable":true,"href":"https:\/\/modale.com\/vi\/wp-json\/wp\/v2\/collection?post=11248"},{"taxonomy":"brands","embeddable":true,"href":"https:\/\/modale.com\/vi\/wp-json\/wp\/v2\/brands?post=11248"}],"curies":[{"name":"wp","href":"https:\/\/api.w.org\/{rel}","templated":true}]}}