{"id":11249,"date":"2023-04-10T17:54:32","date_gmt":"2023-04-10T17:54:32","guid":{"rendered":"https:\/\/modale.com\/product\/lisbon-to-ankaratable-lamp\/"},"modified":"2023-08-10T10:41:21","modified_gmt":"2023-08-10T10:41:21","slug":"lisbon-to-ankaratable-lamp","status":"publish","type":"product","link":"https:\/\/modale.com\/vi\/product\/lisbon-to-ankaratable-lamp\/","title":{"rendered":"<strong>VILLA LUMI <\/strong><br>\u0110\u00c8N B\u00c0N LISBON TO ANKARA"},"content":{"rendered":"<p>\u0110\u00c8N B\u00c0N LISBON TO ANKARA \u0110\u01af\u1ee2C THI\u1ebeT K\u1ebe \u0110\u01af\u01a0NG \u0110\u1ea0I MANG L\u1ea0I PHONG C\u00c1CH RI\u00caNG CHO KH\u00d4NG GIAN C\u1ee6A B\u1ea0N<\/p>\n","protected":false},"excerpt":{"rendered":"<p>\u0110\u00c8N B\u00c0N LISBON TO ANKARA \u0110\u01af\u1ee2C THI\u1ebeT K\u1ebe \u0110\u01af\u01a0NG \u0110\u1ea0I MANG L\u1ea0I PHONG C\u00c1CH RI\u00caNG CHO KH\u00d4NG GIAN C\u1ee6A B\u1ea0N<\/p>\n","protected":false},"featured_media":9334,"template":"","meta":[],"product_cat":[750],"product_tag":[702],"origin":[770],"designers":[],"collection":[497],"brands":[123],"class_list":{"0":"post-11249","1":"product","2":"type-product","3":"status-publish","4":"has-post-thumbnail","6":"product_cat-table-lamps-vi","7":"product_tag-lighting-vi-2","8":"origin-european","9":"collection-lisbon-to-ankara","10":"brands-villa-lumi","12":"first","13":"instock","14":"shipping-taxable","15":"purchasable","16":"product-type-simple"},"_links":{"self":[{"href":"https:\/\/modale.com\/vi\/wp-json\/wp\/v2\/product\/11249","targetHints":{"allow":["GET"]}}],"collection":[{"href":"https:\/\/modale.com\/vi\/wp-json\/wp\/v2\/product"}],"about":[{"href":"https:\/\/modale.com\/vi\/wp-json\/wp\/v2\/types\/product"}],"wp:featuredmedia":[{"embeddable":true,"href":"https:\/\/modale.com\/vi\/wp-json\/wp\/v2\/media\/9334"}],"wp:attachment":[{"href":"https:\/\/modale.com\/vi\/wp-json\/wp\/v2\/media?parent=11249"}],"wp:term":[{"taxonomy":"product_cat","embeddable":true,"href":"https:\/\/modale.com\/vi\/wp-json\/wp\/v2\/product_cat?post=11249"},{"taxonomy":"product_tag","embeddable":true,"href":"https:\/\/modale.com\/vi\/wp-json\/wp\/v2\/product_tag?post=11249"},{"taxonomy":"origin","embeddable":true,"href":"https:\/\/modale.com\/vi\/wp-json\/wp\/v2\/origin?post=11249"},{"taxonomy":"designers","embeddable":true,"href":"https:\/\/modale.com\/vi\/wp-json\/wp\/v2\/designers?post=11249"},{"taxonomy":"collection","embeddable":true,"href":"https:\/\/modale.com\/vi\/wp-json\/wp\/v2\/collection?post=11249"},{"taxonomy":"brands","embeddable":true,"href":"https:\/\/modale.com\/vi\/wp-json\/wp\/v2\/brands?post=11249"}],"curies":[{"name":"wp","href":"https:\/\/api.w.org\/{rel}","templated":true}]}}