{"id":11254,"date":"2023-04-10T17:53:43","date_gmt":"2023-04-10T17:53:43","guid":{"rendered":"https:\/\/modale.com\/product\/tolimanfloor-lamp\/"},"modified":"2023-08-10T10:41:22","modified_gmt":"2023-08-10T10:41:22","slug":"tolimanfloor-lamp","status":"publish","type":"product","link":"https:\/\/modale.com\/vi\/product\/tolimanfloor-lamp\/","title":{"rendered":"<strong>LUMIS <\/strong><br>\u0110\u00c8N S\u00c0N TOLIMA"},"content":{"rendered":"<p>\u0110\u00c8N S\u00c0N TOLIMAN C\u00d3 CH\u00c2N \u0110\u1ebe TR\u00d2N, M\u0168 \u0110\u00c8N B\u1eb0NG KIM LO\u1ea0I S\u01a0N HAI M\u00c0U PH\u1ee6 B\u1eb0NG NIKEN B\u00d3NG.  CHO PH\u00c9P B\u1ea0N L\u1ef0A CH\u1eccN M\u00c0U S\u1eaeC \u0110\u1ec2 PH\u00d9 H\u1ee2P V\u1edaI PHONG C\u00c1CH THI\u1ebeT K\u1ebe C\u1ee6A M\u00ccNH. <\/p>\n","protected":false},"excerpt":{"rendered":"<p>\u0110\u00c8N S\u00c0N TOLIMAN C\u00d3 CH\u00c2N \u0110\u1ebe TR\u00d2N, M\u0168 \u0110\u00c8N B\u1eb0NG KIM LO\u1ea0I S\u01a0N HAI M\u00c0U PH\u1ee6 B\u1eb0NG NIKEN B\u00d3NG. CHO PH\u00c9P B\u1ea0N L\u1ef0A CH\u1eccN M\u00c0U S\u1eaeC \u0110\u1ec2 PH\u00d9 H\u1ee2P V\u1edaI PHONG C\u00c1CH THI\u1ebeT K\u1ebe C\u1ee6A M\u00ccNH.<\/p>\n","protected":false},"featured_media":9329,"template":"","meta":[],"product_cat":[739],"product_tag":[702],"origin":[770],"designers":[],"collection":[493],"brands":[121],"class_list":{"0":"post-11254","1":"product","2":"type-product","3":"status-publish","4":"has-post-thumbnail","6":"product_cat-floor-lamps-vi","7":"product_tag-lighting-vi-2","8":"origin-european","9":"collection-toliman","10":"brands-lumis","12":"first","13":"instock","14":"shipping-taxable","15":"purchasable","16":"product-type-simple"},"_links":{"self":[{"href":"https:\/\/modale.com\/vi\/wp-json\/wp\/v2\/product\/11254","targetHints":{"allow":["GET"]}}],"collection":[{"href":"https:\/\/modale.com\/vi\/wp-json\/wp\/v2\/product"}],"about":[{"href":"https:\/\/modale.com\/vi\/wp-json\/wp\/v2\/types\/product"}],"wp:featuredmedia":[{"embeddable":true,"href":"https:\/\/modale.com\/vi\/wp-json\/wp\/v2\/media\/9329"}],"wp:attachment":[{"href":"https:\/\/modale.com\/vi\/wp-json\/wp\/v2\/media?parent=11254"}],"wp:term":[{"taxonomy":"product_cat","embeddable":true,"href":"https:\/\/modale.com\/vi\/wp-json\/wp\/v2\/product_cat?post=11254"},{"taxonomy":"product_tag","embeddable":true,"href":"https:\/\/modale.com\/vi\/wp-json\/wp\/v2\/product_tag?post=11254"},{"taxonomy":"origin","embeddable":true,"href":"https:\/\/modale.com\/vi\/wp-json\/wp\/v2\/origin?post=11254"},{"taxonomy":"designers","embeddable":true,"href":"https:\/\/modale.com\/vi\/wp-json\/wp\/v2\/designers?post=11254"},{"taxonomy":"collection","embeddable":true,"href":"https:\/\/modale.com\/vi\/wp-json\/wp\/v2\/collection?post=11254"},{"taxonomy":"brands","embeddable":true,"href":"https:\/\/modale.com\/vi\/wp-json\/wp\/v2\/brands?post=11254"}],"curies":[{"name":"wp","href":"https:\/\/api.w.org\/{rel}","templated":true}]}}