{"id":11257,"date":"2023-04-10T17:53:40","date_gmt":"2023-04-10T17:53:40","guid":{"rendered":"https:\/\/modale.com\/product\/vegafloor-lamp\/"},"modified":"2023-08-10T10:41:23","modified_gmt":"2023-08-10T10:41:23","slug":"vegafloor-lamp","status":"publish","type":"product","link":"https:\/\/modale.com\/vi\/product\/vegafloor-lamp\/","title":{"rendered":"<strong>LUMIS <\/strong><br>\u0110\u00c8N S\u00c0N VEGA"},"content":{"rendered":"<p>\u0110\u00c8N S\u00c0N VEGA \u0110\u01af\u1ee2C THI\u1ebeT K\u1ebe HI\u1ec6N \u0110\u1ea0I CHO KH\u00d4NG GIAN N\u1ed8I TH\u1ea4T SANG TR\u1eccNG. PH\u1ea6N TH\u00c2N \u0110\u00c8N C\u00d3 H\u00ccNH D\u1ea0NG CH\u1eee NH\u1eacT V\u1edaI 2 THANH SONG SONG, CH\u00c2N \u0110\u00c8N \u0110\u01af\u1ee2C L\u00c0M B\u1eb0NG KIM LO\u1ea0I CAO C\u1ea4P PH\u1ee6 S\u01a0N CHROME, CH\u1ee4P \u0110\u00c8N \u0110\u01af\u1ee2C B\u1eccC L\u1edaP V\u1ea2I NG\u00c0 \u0110\u1ed8C \u0110\u00c1O<\/p>\n","protected":false},"excerpt":{"rendered":"<p>\u0110\u00c8N S\u00c0N VEGA \u0110\u01af\u1ee2C THI\u1ebeT K\u1ebe HI\u1ec6N \u0110\u1ea0I CHO KH\u00d4NG GIAN N\u1ed8I TH\u1ea4T SANG TR\u1eccNG. PH\u1ea6N TH\u00c2N \u0110\u00c8N C\u00d3 H\u00ccNH D\u1ea0NG CH\u1eee NH\u1eacT V\u1edaI 2 THANH SONG SONG, CH\u00c2N \u0110\u00c8N \u0110\u01af\u1ee2C L\u00c0M B\u1eb0NG KIM LO\u1ea0I CAO C\u1ea4P PH\u1ee6 S\u01a0N CHROME, CH\u1ee4P \u0110\u00c8N \u0110\u01af\u1ee2C B\u1eccC L\u1edaP V\u1ea2I NG\u00c0 \u0110\u1ed8C \u0110\u00c1O<\/p>\n","protected":false},"featured_media":9326,"template":"","meta":[],"product_cat":[739],"product_tag":[702],"origin":[770],"designers":[],"collection":[491],"brands":[121],"class_list":{"0":"post-11257","1":"product","2":"type-product","3":"status-publish","4":"has-post-thumbnail","6":"product_cat-floor-lamps-vi","7":"product_tag-lighting-vi-2","8":"origin-european","9":"collection-vega","10":"brands-lumis","12":"first","13":"instock","14":"shipping-taxable","15":"purchasable","16":"product-type-simple"},"_links":{"self":[{"href":"https:\/\/modale.com\/vi\/wp-json\/wp\/v2\/product\/11257","targetHints":{"allow":["GET"]}}],"collection":[{"href":"https:\/\/modale.com\/vi\/wp-json\/wp\/v2\/product"}],"about":[{"href":"https:\/\/modale.com\/vi\/wp-json\/wp\/v2\/types\/product"}],"wp:featuredmedia":[{"embeddable":true,"href":"https:\/\/modale.com\/vi\/wp-json\/wp\/v2\/media\/9326"}],"wp:attachment":[{"href":"https:\/\/modale.com\/vi\/wp-json\/wp\/v2\/media?parent=11257"}],"wp:term":[{"taxonomy":"product_cat","embeddable":true,"href":"https:\/\/modale.com\/vi\/wp-json\/wp\/v2\/product_cat?post=11257"},{"taxonomy":"product_tag","embeddable":true,"href":"https:\/\/modale.com\/vi\/wp-json\/wp\/v2\/product_tag?post=11257"},{"taxonomy":"origin","embeddable":true,"href":"https:\/\/modale.com\/vi\/wp-json\/wp\/v2\/origin?post=11257"},{"taxonomy":"designers","embeddable":true,"href":"https:\/\/modale.com\/vi\/wp-json\/wp\/v2\/designers?post=11257"},{"taxonomy":"collection","embeddable":true,"href":"https:\/\/modale.com\/vi\/wp-json\/wp\/v2\/collection?post=11257"},{"taxonomy":"brands","embeddable":true,"href":"https:\/\/modale.com\/vi\/wp-json\/wp\/v2\/brands?post=11257"}],"curies":[{"name":"wp","href":"https:\/\/api.w.org\/{rel}","templated":true}]}}