{"id":11263,"date":"2023-04-10T17:53:34","date_gmt":"2023-04-10T17:53:34","guid":{"rendered":"https:\/\/modale.com\/product\/ermestable-lamp\/"},"modified":"2023-08-10T10:41:24","modified_gmt":"2023-08-10T10:41:24","slug":"ermestable-lamp","status":"publish","type":"product","link":"https:\/\/modale.com\/vi\/product\/ermestable-lamp\/","title":{"rendered":"<strong>LUMIS <\/strong><br>\u0110\u00c8N B\u00c0N HERA"},"content":{"rendered":"<p>\u0110\u00c8N B\u00c0N ERMES \u0110\u01af\u1ee2C THI\u1ebeT K\u1ebe V\u1edaI KI\u1ec2U D\u00c1NG THANH L\u1ecaCH V\u00c0 TINH T\u1ebe V\u1edaI NH\u1eeeNG \u0110\u01af\u1edcNG CONG M\u1ec0M M\u1ea0I UY\u1ec2N CHUY\u1ec2N. TH\u00c2N \u0110\u00c8N \u0110\u01af\u1ee2C L\u00c0M T\u1eea \u0110\u1ed2NG THAU M\u1ea0 CHROME, CH\u1ee4P \u0110\u00c8N H\u00ccNH N\u00d3N B\u1eb0NG KIM LO\u1ea0I CAO C\u1ea4P C\u00d3 TH\u1ec2 \u0110I\u1ec0U CH\u1ec8NH, \u0110\u01af\u1ee2C PH\u1ee6 S\u01a0N 2 T\u00d4NG M\u00c0U T\u1ea0O N\u00caN KH\u00d4NG GIAN \u1ea4M C\u00daNG CHO C\u0102N PH\u00d2NG C\u1ee6A B\u1ea0N.<\/p>\n","protected":false},"excerpt":{"rendered":"<p>\u0110\u00c8N B\u00c0N ERMES \u0110\u01af\u1ee2C THI\u1ebeT K\u1ebe V\u1edaI KI\u1ec2U D\u00c1NG THANH L\u1ecaCH V\u00c0 TINH T\u1ebe V\u1edaI NH\u1eeeNG \u0110\u01af\u1edcNG CONG M\u1ec0M M\u1ea0I UY\u1ec2N CHUY\u1ec2N. TH\u00c2N \u0110\u00c8N \u0110\u01af\u1ee2C L\u00c0M T\u1eea \u0110\u1ed2NG THAU M\u1ea0 CHROME, CH\u1ee4P \u0110\u00c8N H\u00ccNH N\u00d3N B\u1eb0NG KIM LO\u1ea0I CAO C\u1ea4P C\u00d3 TH\u1ec2 \u0110I\u1ec0U CH\u1ec8NH, \u0110\u01af\u1ee2C PH\u1ee6 S\u01a0N 2 T\u00d4NG M\u00c0U T\u1ea0O N\u00caN KH\u00d4NG GIAN \u1ea4M [&hellip;]<\/p>\n","protected":false},"featured_media":9320,"template":"","meta":[],"product_cat":[750],"product_tag":[702],"origin":[770],"designers":[],"collection":[485],"brands":[121],"class_list":{"0":"post-11263","1":"product","2":"type-product","3":"status-publish","4":"has-post-thumbnail","6":"product_cat-table-lamps-vi","7":"product_tag-lighting-vi-2","8":"origin-european","9":"collection-ermes","10":"brands-lumis","12":"first","13":"instock","14":"shipping-taxable","15":"purchasable","16":"product-type-simple"},"_links":{"self":[{"href":"https:\/\/modale.com\/vi\/wp-json\/wp\/v2\/product\/11263","targetHints":{"allow":["GET"]}}],"collection":[{"href":"https:\/\/modale.com\/vi\/wp-json\/wp\/v2\/product"}],"about":[{"href":"https:\/\/modale.com\/vi\/wp-json\/wp\/v2\/types\/product"}],"wp:featuredmedia":[{"embeddable":true,"href":"https:\/\/modale.com\/vi\/wp-json\/wp\/v2\/media\/9320"}],"wp:attachment":[{"href":"https:\/\/modale.com\/vi\/wp-json\/wp\/v2\/media?parent=11263"}],"wp:term":[{"taxonomy":"product_cat","embeddable":true,"href":"https:\/\/modale.com\/vi\/wp-json\/wp\/v2\/product_cat?post=11263"},{"taxonomy":"product_tag","embeddable":true,"href":"https:\/\/modale.com\/vi\/wp-json\/wp\/v2\/product_tag?post=11263"},{"taxonomy":"origin","embeddable":true,"href":"https:\/\/modale.com\/vi\/wp-json\/wp\/v2\/origin?post=11263"},{"taxonomy":"designers","embeddable":true,"href":"https:\/\/modale.com\/vi\/wp-json\/wp\/v2\/designers?post=11263"},{"taxonomy":"collection","embeddable":true,"href":"https:\/\/modale.com\/vi\/wp-json\/wp\/v2\/collection?post=11263"},{"taxonomy":"brands","embeddable":true,"href":"https:\/\/modale.com\/vi\/wp-json\/wp\/v2\/brands?post=11263"}],"curies":[{"name":"wp","href":"https:\/\/api.w.org\/{rel}","templated":true}]}}