{"id":11268,"date":"2023-04-10T17:53:29","date_gmt":"2023-04-10T17:53:29","guid":{"rendered":"https:\/\/modale.com\/product\/galassiatable-lamp\/"},"modified":"2023-08-10T10:41:25","modified_gmt":"2023-08-10T10:41:25","slug":"galassiatable-lamp","status":"publish","type":"product","link":"https:\/\/modale.com\/vi\/product\/galassiatable-lamp\/","title":{"rendered":"<strong>LUMIS <\/strong><br>\u0110\u00c8N B\u00c0N GALASSIA"},"content":{"rendered":"<p>\u0110\u00c8N B\u00c0N GALASSIA \u0110\u01af\u1ee2C L\u00c0M B\u1eb0NG K\u00cdNH, THI\u1ebeT K\u1ebe H\u00ccNH TR\u1ee4 V\u00c0 C\u00d3 NHI\u1ec0U M\u00c0U. CH\u1ea4T LI\u1ec6U \u0110\u1ed2NG \u0110\u01af\u1ee2C \u0110\u00c1NH B\u00d3NG NIKEN, CH\u1ee4P \u0110\u00c8N H\u00ccNH TR\u1ee4 B\u1eb0NG V\u1ea2I TR\u1eaeNG. \u0110\u00c2Y L\u00c0 S\u1ea2N PH\u1ea8M N\u1ed8I TH\u1ea4T HI\u1ec6N \u0110\u1ea0I V\u00c0 TINH T\u1ebe<\/p>\n","protected":false},"excerpt":{"rendered":"<p>\u0110\u00c8N B\u00c0N GALASSIA \u0110\u01af\u1ee2C L\u00c0M B\u1eb0NG K\u00cdNH, THI\u1ebeT K\u1ebe H\u00ccNH TR\u1ee4 V\u00c0 C\u00d3 NHI\u1ec0U M\u00c0U. CH\u1ea4T LI\u1ec6U \u0110\u1ed2NG \u0110\u01af\u1ee2C \u0110\u00c1NH B\u00d3NG NIKEN, CH\u1ee4P \u0110\u00c8N H\u00ccNH TR\u1ee4 B\u1eb0NG V\u1ea2I TR\u1eaeNG. \u0110\u00c2Y L\u00c0 S\u1ea2N PH\u1ea8M N\u1ed8I TH\u1ea4T HI\u1ec6N \u0110\u1ea0I V\u00c0 TINH T\u1ebe<\/p>\n","protected":false},"featured_media":9315,"template":"","meta":[],"product_cat":[750],"product_tag":[702],"origin":[770],"designers":[],"collection":[480],"brands":[121],"class_list":{"0":"post-11268","1":"product","2":"type-product","3":"status-publish","4":"has-post-thumbnail","6":"product_cat-table-lamps-vi","7":"product_tag-lighting-vi-2","8":"origin-european","9":"collection-galassia","10":"brands-lumis","12":"first","13":"instock","14":"shipping-taxable","15":"purchasable","16":"product-type-simple"},"_links":{"self":[{"href":"https:\/\/modale.com\/vi\/wp-json\/wp\/v2\/product\/11268","targetHints":{"allow":["GET"]}}],"collection":[{"href":"https:\/\/modale.com\/vi\/wp-json\/wp\/v2\/product"}],"about":[{"href":"https:\/\/modale.com\/vi\/wp-json\/wp\/v2\/types\/product"}],"wp:featuredmedia":[{"embeddable":true,"href":"https:\/\/modale.com\/vi\/wp-json\/wp\/v2\/media\/9315"}],"wp:attachment":[{"href":"https:\/\/modale.com\/vi\/wp-json\/wp\/v2\/media?parent=11268"}],"wp:term":[{"taxonomy":"product_cat","embeddable":true,"href":"https:\/\/modale.com\/vi\/wp-json\/wp\/v2\/product_cat?post=11268"},{"taxonomy":"product_tag","embeddable":true,"href":"https:\/\/modale.com\/vi\/wp-json\/wp\/v2\/product_tag?post=11268"},{"taxonomy":"origin","embeddable":true,"href":"https:\/\/modale.com\/vi\/wp-json\/wp\/v2\/origin?post=11268"},{"taxonomy":"designers","embeddable":true,"href":"https:\/\/modale.com\/vi\/wp-json\/wp\/v2\/designers?post=11268"},{"taxonomy":"collection","embeddable":true,"href":"https:\/\/modale.com\/vi\/wp-json\/wp\/v2\/collection?post=11268"},{"taxonomy":"brands","embeddable":true,"href":"https:\/\/modale.com\/vi\/wp-json\/wp\/v2\/brands?post=11268"}],"curies":[{"name":"wp","href":"https:\/\/api.w.org\/{rel}","templated":true}]}}