{"id":11270,"date":"2023-04-10T17:53:27","date_gmt":"2023-04-10T17:53:27","guid":{"rendered":"https:\/\/modale.com\/product\/achevilletable-lamp\/"},"modified":"2023-08-10T10:41:26","modified_gmt":"2023-08-10T10:41:26","slug":"achevilletable-lamp","status":"publish","type":"product","link":"https:\/\/modale.com\/vi\/product\/achevilletable-lamp\/","title":{"rendered":"<strong>LUMIS <\/strong><br>\u0110\u00c8N B\u00c0N ACHEVILLE"},"content":{"rendered":"<p>\u0110\u00c8N B\u00c0N ACHEVILLE THI\u1ebeT K\u1ebe S\u00c1NG T\u1ea0O V\u00c0 HI\u1ec6N \u0110\u1ea0I, L\u00c0M T\u1eea G\u1ed6 S\u01a0N M\u00c0I, V\u1edaI C\u00c1C CHI TI\u1ebeT M\u1ea0 CHORME C\u00d9NG V\u1edaI CH\u1ee4P \u0110\u00c8N H\u00ccNH CH\u1eee NH\u1eacT B\u1eb0NG V\u1ea2I \u0110EN<\/p>\n","protected":false},"excerpt":{"rendered":"<p>\u0110\u00c8N B\u00c0N ACHEVILLE THI\u1ebeT K\u1ebe S\u00c1NG T\u1ea0O V\u00c0 HI\u1ec6N \u0110\u1ea0I, L\u00c0M T\u1eea G\u1ed6 S\u01a0N M\u00c0I, V\u1edaI C\u00c1C CHI TI\u1ebeT M\u1ea0 CHORME C\u00d9NG V\u1edaI CH\u1ee4P \u0110\u00c8N H\u00ccNH CH\u1eee NH\u1eacT B\u1eb0NG V\u1ea2I \u0110EN<\/p>\n","protected":false},"featured_media":9313,"template":"","meta":[],"product_cat":[750],"product_tag":[702],"origin":[770],"designers":[],"collection":[478],"brands":[121],"class_list":{"0":"post-11270","1":"product","2":"type-product","3":"status-publish","4":"has-post-thumbnail","6":"product_cat-table-lamps-vi","7":"product_tag-lighting-vi-2","8":"origin-european","9":"collection-acheville","10":"brands-lumis","12":"first","13":"instock","14":"shipping-taxable","15":"purchasable","16":"product-type-simple"},"_links":{"self":[{"href":"https:\/\/modale.com\/vi\/wp-json\/wp\/v2\/product\/11270","targetHints":{"allow":["GET"]}}],"collection":[{"href":"https:\/\/modale.com\/vi\/wp-json\/wp\/v2\/product"}],"about":[{"href":"https:\/\/modale.com\/vi\/wp-json\/wp\/v2\/types\/product"}],"wp:featuredmedia":[{"embeddable":true,"href":"https:\/\/modale.com\/vi\/wp-json\/wp\/v2\/media\/9313"}],"wp:attachment":[{"href":"https:\/\/modale.com\/vi\/wp-json\/wp\/v2\/media?parent=11270"}],"wp:term":[{"taxonomy":"product_cat","embeddable":true,"href":"https:\/\/modale.com\/vi\/wp-json\/wp\/v2\/product_cat?post=11270"},{"taxonomy":"product_tag","embeddable":true,"href":"https:\/\/modale.com\/vi\/wp-json\/wp\/v2\/product_tag?post=11270"},{"taxonomy":"origin","embeddable":true,"href":"https:\/\/modale.com\/vi\/wp-json\/wp\/v2\/origin?post=11270"},{"taxonomy":"designers","embeddable":true,"href":"https:\/\/modale.com\/vi\/wp-json\/wp\/v2\/designers?post=11270"},{"taxonomy":"collection","embeddable":true,"href":"https:\/\/modale.com\/vi\/wp-json\/wp\/v2\/collection?post=11270"},{"taxonomy":"brands","embeddable":true,"href":"https:\/\/modale.com\/vi\/wp-json\/wp\/v2\/brands?post=11270"}],"curies":[{"name":"wp","href":"https:\/\/api.w.org\/{rel}","templated":true}]}}