{"id":11275,"date":"2023-04-10T17:53:22","date_gmt":"2023-04-10T17:53:22","guid":{"rendered":"https:\/\/modale.com\/product\/imperotable-lamp\/"},"modified":"2023-08-10T10:41:27","modified_gmt":"2023-08-10T10:41:27","slug":"imperotable-lamp","status":"publish","type":"product","link":"https:\/\/modale.com\/vi\/product\/imperotable-lamp\/","title":{"rendered":"<strong>LUMIS <\/strong><br>\u0110\u00c8N B\u00c0N IMPERO"},"content":{"rendered":"<p>\u0110\u00c8N B\u00c0N IMPERO MANG PHONG C\u00c1CH THANH L\u1ecaCH V\u00c0 HI\u1ec6N \u0110\u1ea0I, V\u1edaI H\u00ccNH D\u00c1NG L\u01af\u1ee2N S\u00d3NG M\u1ea0 CHROME. \u0110\u00c8N \u0110\u01af\u1ee2C TRANG B\u1eca CH\u1ee4P \u0110\u00c8N H\u00ccNH TR\u1ee4 B\u1eb0NG V\u1ea2I TR\u1eaeNG, T\u1ea0O RA KH\u00d4NG KH\u00cd TH\u01af GI\u00c3N V\u00c0 N\u0102NG \u0110\u1ed8NG.<\/p>\n","protected":false},"excerpt":{"rendered":"<p>\u0110\u00c8N B\u00c0N IMPERO MANG PHONG C\u00c1CH THANH L\u1ecaCH V\u00c0 HI\u1ec6N \u0110\u1ea0I, V\u1edaI H\u00ccNH D\u00c1NG L\u01af\u1ee2N S\u00d3NG M\u1ea0 CHROME. \u0110\u00c8N \u0110\u01af\u1ee2C TRANG B\u1eca CH\u1ee4P \u0110\u00c8N H\u00ccNH TR\u1ee4 B\u1eb0NG V\u1ea2I TR\u1eaeNG, T\u1ea0O RA KH\u00d4NG KH\u00cd TH\u01af GI\u00c3N V\u00c0 N\u0102NG \u0110\u1ed8NG.<\/p>\n","protected":false},"featured_media":9308,"template":"","meta":[],"product_cat":[750],"product_tag":[702],"origin":[770],"designers":[],"collection":[473],"brands":[121],"class_list":{"0":"post-11275","1":"product","2":"type-product","3":"status-publish","4":"has-post-thumbnail","6":"product_cat-table-lamps-vi","7":"product_tag-lighting-vi-2","8":"origin-european","9":"collection-impero","10":"brands-lumis","12":"first","13":"instock","14":"shipping-taxable","15":"purchasable","16":"product-type-simple"},"_links":{"self":[{"href":"https:\/\/modale.com\/vi\/wp-json\/wp\/v2\/product\/11275","targetHints":{"allow":["GET"]}}],"collection":[{"href":"https:\/\/modale.com\/vi\/wp-json\/wp\/v2\/product"}],"about":[{"href":"https:\/\/modale.com\/vi\/wp-json\/wp\/v2\/types\/product"}],"wp:featuredmedia":[{"embeddable":true,"href":"https:\/\/modale.com\/vi\/wp-json\/wp\/v2\/media\/9308"}],"wp:attachment":[{"href":"https:\/\/modale.com\/vi\/wp-json\/wp\/v2\/media?parent=11275"}],"wp:term":[{"taxonomy":"product_cat","embeddable":true,"href":"https:\/\/modale.com\/vi\/wp-json\/wp\/v2\/product_cat?post=11275"},{"taxonomy":"product_tag","embeddable":true,"href":"https:\/\/modale.com\/vi\/wp-json\/wp\/v2\/product_tag?post=11275"},{"taxonomy":"origin","embeddable":true,"href":"https:\/\/modale.com\/vi\/wp-json\/wp\/v2\/origin?post=11275"},{"taxonomy":"designers","embeddable":true,"href":"https:\/\/modale.com\/vi\/wp-json\/wp\/v2\/designers?post=11275"},{"taxonomy":"collection","embeddable":true,"href":"https:\/\/modale.com\/vi\/wp-json\/wp\/v2\/collection?post=11275"},{"taxonomy":"brands","embeddable":true,"href":"https:\/\/modale.com\/vi\/wp-json\/wp\/v2\/brands?post=11275"}],"curies":[{"name":"wp","href":"https:\/\/api.w.org\/{rel}","templated":true}]}}