{"id":11276,"date":"2023-04-10T17:53:21","date_gmt":"2023-04-10T17:53:21","guid":{"rendered":"https:\/\/modale.com\/product\/plutonetable-lamp\/"},"modified":"2023-08-10T10:41:27","modified_gmt":"2023-08-10T10:41:27","slug":"plutonetable-lamp","status":"publish","type":"product","link":"https:\/\/modale.com\/vi\/product\/plutonetable-lamp\/","title":{"rendered":"<strong>LUMIS <\/strong><br>\u0110\u00c8N B\u00c0N PLUTONE"},"content":{"rendered":"<p>\u0110\u00c8N B\u00c0N PLUTONE MANG \u0110\u1ebeN S\u1ef0 C\u00c2N B\u1eb0NG V\u00c0 TRANG TR\u1eccNG V\u1ec0 M\u1eb6T H\u00ccNH TH\u1ee8C. C\u1ea4U T\u1ea0O B\u1eb0NG \u0110\u1ed2NG THAU M\u1ea0 CHORME K\u1ebeT H\u1ee2P C\u00d9NG CHI\u1ebeC CH\u1ee4P \u0110\u00c8N H\u00ccNH TR\u1ee4 V\u1ea2I TR\u1eaeNG.<\/p>\n","protected":false},"excerpt":{"rendered":"<p>\u0110\u00c8N B\u00c0N PLUTONE MANG \u0110\u1ebeN S\u1ef0 C\u00c2N B\u1eb0NG V\u00c0 TRANG TR\u1eccNG V\u1ec0 M\u1eb6T H\u00ccNH TH\u1ee8C. C\u1ea4U T\u1ea0O B\u1eb0NG \u0110\u1ed2NG THAU M\u1ea0 CHORME K\u1ebeT H\u1ee2P C\u00d9NG CHI\u1ebeC CH\u1ee4P \u0110\u00c8N H\u00ccNH TR\u1ee4 V\u1ea2I TR\u1eaeNG.<\/p>\n","protected":false},"featured_media":9307,"template":"","meta":[],"product_cat":[750],"product_tag":[702],"origin":[770],"designers":[],"collection":[472],"brands":[121],"class_list":{"0":"post-11276","1":"product","2":"type-product","3":"status-publish","4":"has-post-thumbnail","6":"product_cat-table-lamps-vi","7":"product_tag-lighting-vi-2","8":"origin-european","9":"collection-plutone","10":"brands-lumis","12":"first","13":"instock","14":"shipping-taxable","15":"purchasable","16":"product-type-simple"},"_links":{"self":[{"href":"https:\/\/modale.com\/vi\/wp-json\/wp\/v2\/product\/11276","targetHints":{"allow":["GET"]}}],"collection":[{"href":"https:\/\/modale.com\/vi\/wp-json\/wp\/v2\/product"}],"about":[{"href":"https:\/\/modale.com\/vi\/wp-json\/wp\/v2\/types\/product"}],"wp:featuredmedia":[{"embeddable":true,"href":"https:\/\/modale.com\/vi\/wp-json\/wp\/v2\/media\/9307"}],"wp:attachment":[{"href":"https:\/\/modale.com\/vi\/wp-json\/wp\/v2\/media?parent=11276"}],"wp:term":[{"taxonomy":"product_cat","embeddable":true,"href":"https:\/\/modale.com\/vi\/wp-json\/wp\/v2\/product_cat?post=11276"},{"taxonomy":"product_tag","embeddable":true,"href":"https:\/\/modale.com\/vi\/wp-json\/wp\/v2\/product_tag?post=11276"},{"taxonomy":"origin","embeddable":true,"href":"https:\/\/modale.com\/vi\/wp-json\/wp\/v2\/origin?post=11276"},{"taxonomy":"designers","embeddable":true,"href":"https:\/\/modale.com\/vi\/wp-json\/wp\/v2\/designers?post=11276"},{"taxonomy":"collection","embeddable":true,"href":"https:\/\/modale.com\/vi\/wp-json\/wp\/v2\/collection?post=11276"},{"taxonomy":"brands","embeddable":true,"href":"https:\/\/modale.com\/vi\/wp-json\/wp\/v2\/brands?post=11276"}],"curies":[{"name":"wp","href":"https:\/\/api.w.org\/{rel}","templated":true}]}}