{"id":11277,"date":"2023-04-10T17:53:20","date_gmt":"2023-04-10T17:53:20","guid":{"rendered":"https:\/\/modale.com\/product\/sagiptariustable-lamp\/"},"modified":"2023-08-10T10:41:27","modified_gmt":"2023-08-10T10:41:27","slug":"sagiptariustable-lamp","status":"publish","type":"product","link":"https:\/\/modale.com\/vi\/product\/sagiptariustable-lamp\/","title":{"rendered":"<strong>LUMIS <\/strong><br>\u0110\u00c8N B\u00c0N SAGIPTARIUS"},"content":{"rendered":"<p>\u0110\u00c8N B\u00c0N SAGIPTARIUS THI\u1ebeT K\u1ebe H\u00ccNH TR\u1ee4 B\u1eb0NG KIM LO\u1ea0I, \u0110\u01af\u1ee2C B\u1eccC V\u1ea2I V\u1edaI C\u00c1C CHI TI\u1ebeT M\u1ea0 CHORME, V\u1ea2I NG\u00c0. KI\u1ec2U D\u00c1NG TRANG TR\u1eccNG V\u00c0 V\u1eeeNG CH\u1eaeC, L\u00c0 M\u1ed8T M\u1eaaU N\u1ed8I TH\u1ea4T HI\u1ec6N \u0110\u1ea0I V\u00c0 HO\u00c0N H\u1ea2O<\/p>\n","protected":false},"excerpt":{"rendered":"<p>\u0110\u00c8N B\u00c0N SAGIPTARIUS THI\u1ebeT K\u1ebe H\u00ccNH TR\u1ee4 B\u1eb0NG KIM LO\u1ea0I, \u0110\u01af\u1ee2C B\u1eccC V\u1ea2I V\u1edaI C\u00c1C CHI TI\u1ebeT M\u1ea0 CHORME, V\u1ea2I NG\u00c0. KI\u1ec2U D\u00c1NG TRANG TR\u1eccNG V\u00c0 V\u1eeeNG CH\u1eaeC, L\u00c0 M\u1ed8T M\u1eaaU N\u1ed8I TH\u1ea4T HI\u1ec6N \u0110\u1ea0I V\u00c0 HO\u00c0N H\u1ea2O<\/p>\n","protected":false},"featured_media":9306,"template":"","meta":[],"product_cat":[750],"product_tag":[702],"origin":[770],"designers":[],"collection":[471],"brands":[121],"class_list":{"0":"post-11277","1":"product","2":"type-product","3":"status-publish","4":"has-post-thumbnail","6":"product_cat-table-lamps-vi","7":"product_tag-lighting-vi-2","8":"origin-european","9":"collection-sagiptarius","10":"brands-lumis","12":"first","13":"instock","14":"shipping-taxable","15":"purchasable","16":"product-type-simple"},"_links":{"self":[{"href":"https:\/\/modale.com\/vi\/wp-json\/wp\/v2\/product\/11277","targetHints":{"allow":["GET"]}}],"collection":[{"href":"https:\/\/modale.com\/vi\/wp-json\/wp\/v2\/product"}],"about":[{"href":"https:\/\/modale.com\/vi\/wp-json\/wp\/v2\/types\/product"}],"wp:featuredmedia":[{"embeddable":true,"href":"https:\/\/modale.com\/vi\/wp-json\/wp\/v2\/media\/9306"}],"wp:attachment":[{"href":"https:\/\/modale.com\/vi\/wp-json\/wp\/v2\/media?parent=11277"}],"wp:term":[{"taxonomy":"product_cat","embeddable":true,"href":"https:\/\/modale.com\/vi\/wp-json\/wp\/v2\/product_cat?post=11277"},{"taxonomy":"product_tag","embeddable":true,"href":"https:\/\/modale.com\/vi\/wp-json\/wp\/v2\/product_tag?post=11277"},{"taxonomy":"origin","embeddable":true,"href":"https:\/\/modale.com\/vi\/wp-json\/wp\/v2\/origin?post=11277"},{"taxonomy":"designers","embeddable":true,"href":"https:\/\/modale.com\/vi\/wp-json\/wp\/v2\/designers?post=11277"},{"taxonomy":"collection","embeddable":true,"href":"https:\/\/modale.com\/vi\/wp-json\/wp\/v2\/collection?post=11277"},{"taxonomy":"brands","embeddable":true,"href":"https:\/\/modale.com\/vi\/wp-json\/wp\/v2\/brands?post=11277"}],"curies":[{"name":"wp","href":"https:\/\/api.w.org\/{rel}","templated":true}]}}