{"id":11280,"date":"2023-04-10T17:53:17","date_gmt":"2023-04-10T17:53:17","guid":{"rendered":"https:\/\/modale.com\/product\/adharatable-lamp\/"},"modified":"2023-08-10T10:41:28","modified_gmt":"2023-08-10T10:41:28","slug":"adharatable-lamp","status":"publish","type":"product","link":"https:\/\/modale.com\/vi\/product\/adharatable-lamp\/","title":{"rendered":"<strong>LUMIS <\/strong><br>\u0110\u00c8N B\u00c0N ADHARA"},"content":{"rendered":"<p>B\u00c0N ADHARA C\u00d3 THI\u1ebeT K\u1ebe THANH L\u1ecaCH V\u00c0 TINH T\u1ebe, S\u1eec D\u1ee4NG CHO PH\u00d2NG NG\u1ee6, PH\u00d2NG KH\u00c1CH,&#8230; C\u1ea4U TR\u00daC B\u1eb0NG \u0110\u1ed2NG V\u1edaI THI\u1ebeT K\u1ebe D\u1ea0NG H\u00ccNH H\u1eccC V\u00c0NG NHAT, C\u00d9NG V\u1edaI M\u1ed8T CH\u1ee4P \u0110\u00c8N H\u00ccNH CH\u1eee NH\u1eacT TRONG V\u1ea2I M\u00c0U HAZELNUT<\/p>\n","protected":false},"excerpt":{"rendered":"<p>B\u00c0N ADHARA C\u00d3 THI\u1ebeT K\u1ebe THANH L\u1ecaCH V\u00c0 TINH T\u1ebe, S\u1eec D\u1ee4NG CHO PH\u00d2NG NG\u1ee6, PH\u00d2NG KH\u00c1CH,&#8230; C\u1ea4U TR\u00daC B\u1eb0NG \u0110\u1ed2NG V\u1edaI THI\u1ebeT K\u1ebe D\u1ea0NG H\u00ccNH H\u1eccC V\u00c0NG NHAT, C\u00d9NG V\u1edaI M\u1ed8T CH\u1ee4P \u0110\u00c8N H\u00ccNH CH\u1eee NH\u1eacT TRONG V\u1ea2I M\u00c0U HAZELNUT<\/p>\n","protected":false},"featured_media":9303,"template":"","meta":[],"product_cat":[750],"product_tag":[702],"origin":[770],"designers":[],"collection":[468],"brands":[121],"class_list":{"0":"post-11280","1":"product","2":"type-product","3":"status-publish","4":"has-post-thumbnail","6":"product_cat-table-lamps-vi","7":"product_tag-lighting-vi-2","8":"origin-european","9":"collection-adhara","10":"brands-lumis","12":"first","13":"instock","14":"shipping-taxable","15":"purchasable","16":"product-type-simple"},"_links":{"self":[{"href":"https:\/\/modale.com\/vi\/wp-json\/wp\/v2\/product\/11280","targetHints":{"allow":["GET"]}}],"collection":[{"href":"https:\/\/modale.com\/vi\/wp-json\/wp\/v2\/product"}],"about":[{"href":"https:\/\/modale.com\/vi\/wp-json\/wp\/v2\/types\/product"}],"wp:featuredmedia":[{"embeddable":true,"href":"https:\/\/modale.com\/vi\/wp-json\/wp\/v2\/media\/9303"}],"wp:attachment":[{"href":"https:\/\/modale.com\/vi\/wp-json\/wp\/v2\/media?parent=11280"}],"wp:term":[{"taxonomy":"product_cat","embeddable":true,"href":"https:\/\/modale.com\/vi\/wp-json\/wp\/v2\/product_cat?post=11280"},{"taxonomy":"product_tag","embeddable":true,"href":"https:\/\/modale.com\/vi\/wp-json\/wp\/v2\/product_tag?post=11280"},{"taxonomy":"origin","embeddable":true,"href":"https:\/\/modale.com\/vi\/wp-json\/wp\/v2\/origin?post=11280"},{"taxonomy":"designers","embeddable":true,"href":"https:\/\/modale.com\/vi\/wp-json\/wp\/v2\/designers?post=11280"},{"taxonomy":"collection","embeddable":true,"href":"https:\/\/modale.com\/vi\/wp-json\/wp\/v2\/collection?post=11280"},{"taxonomy":"brands","embeddable":true,"href":"https:\/\/modale.com\/vi\/wp-json\/wp\/v2\/brands?post=11280"}],"curies":[{"name":"wp","href":"https:\/\/api.w.org\/{rel}","templated":true}]}}