{"id":11288,"date":"2023-04-10T17:52:13","date_gmt":"2023-04-10T17:52:13","guid":{"rendered":"https:\/\/modale.com\/product\/rachelpouf\/"},"modified":"2023-08-10T10:41:30","modified_gmt":"2023-08-10T10:41:30","slug":"rachelpouf","status":"publish","type":"product","link":"https:\/\/modale.com\/vi\/product\/rachelpouf\/","title":{"rendered":"<strong>DOMKAPA <\/strong><br>GH\u1ebe \u0110\u00d4N RACHEL"},"content":{"rendered":"<p>GH\u1ebe N\u1ec6M RACHEL \u0110\u01af\u1ee2C THI\u1ebeT K\u1ebe HI\u1ec6N \u0110\u1ea0I V\u1edaI D\u00c1NG GH\u1ebe H\u00ccNH TR\u00d2N SANG TR\u1eccNG C\u00d9NG C\u00c1C N\u1ebeP G\u1ea4P \u1ede B\u1ec0 M\u1eb6T T\u1ea0O S\u1ef0 TAO NH\u00c3 V\u00c0 SANG TR\u1eccNG. GH\u1ebe C\u00d3 2 K\u00cdCH C\u1ee0 KH\u00c1C NHAU, \u0110\u01af\u1ee2C B\u1eccC V\u1ea2I M\u1ec0M V\u00c0 CH\u00c2N \u0110\u1ebe L\u00c0M B\u1eb0NG G\u1ed6 T\u1ef0 NHI\u00caN.<\/p>\n","protected":false},"excerpt":{"rendered":"<p>GH\u1ebe N\u1ec6M RACHEL \u0110\u01af\u1ee2C THI\u1ebeT K\u1ebe HI\u1ec6N \u0110\u1ea0I V\u1edaI D\u00c1NG GH\u1ebe H\u00ccNH TR\u00d2N SANG TR\u1eccNG C\u00d9NG C\u00c1C N\u1ebeP G\u1ea4P \u1ede B\u1ec0 M\u1eb6T T\u1ea0O S\u1ef0 TAO NH\u00c3 V\u00c0 SANG TR\u1eccNG. GH\u1ebe C\u00d3 2 K\u00cdCH C\u1ee0 KH\u00c1C NHAU, \u0110\u01af\u1ee2C B\u1eccC V\u1ea2I M\u1ec0M V\u00c0 CH\u00c2N \u0110\u1ebe L\u00c0M B\u1eb0NG G\u1ed6 T\u1ef0 NHI\u00caN.<\/p>\n","protected":false},"featured_media":9962,"template":"","meta":[],"product_cat":[748],"product_tag":[699],"origin":[770],"designers":[],"collection":[461],"brands":[118],"class_list":{"0":"post-11288","1":"product","2":"type-product","3":"status-publish","4":"has-post-thumbnail","6":"product_cat-stools-poufs-vi","7":"product_tag-bedroom-vi-2","8":"origin-european","9":"collection-rachel","10":"brands-domkapa","12":"first","13":"instock","14":"shipping-taxable","15":"purchasable","16":"product-type-simple"},"_links":{"self":[{"href":"https:\/\/modale.com\/vi\/wp-json\/wp\/v2\/product\/11288","targetHints":{"allow":["GET"]}}],"collection":[{"href":"https:\/\/modale.com\/vi\/wp-json\/wp\/v2\/product"}],"about":[{"href":"https:\/\/modale.com\/vi\/wp-json\/wp\/v2\/types\/product"}],"wp:featuredmedia":[{"embeddable":true,"href":"https:\/\/modale.com\/vi\/wp-json\/wp\/v2\/media\/9962"}],"wp:attachment":[{"href":"https:\/\/modale.com\/vi\/wp-json\/wp\/v2\/media?parent=11288"}],"wp:term":[{"taxonomy":"product_cat","embeddable":true,"href":"https:\/\/modale.com\/vi\/wp-json\/wp\/v2\/product_cat?post=11288"},{"taxonomy":"product_tag","embeddable":true,"href":"https:\/\/modale.com\/vi\/wp-json\/wp\/v2\/product_tag?post=11288"},{"taxonomy":"origin","embeddable":true,"href":"https:\/\/modale.com\/vi\/wp-json\/wp\/v2\/origin?post=11288"},{"taxonomy":"designers","embeddable":true,"href":"https:\/\/modale.com\/vi\/wp-json\/wp\/v2\/designers?post=11288"},{"taxonomy":"collection","embeddable":true,"href":"https:\/\/modale.com\/vi\/wp-json\/wp\/v2\/collection?post=11288"},{"taxonomy":"brands","embeddable":true,"href":"https:\/\/modale.com\/vi\/wp-json\/wp\/v2\/brands?post=11288"}],"curies":[{"name":"wp","href":"https:\/\/api.w.org\/{rel}","templated":true}]}}