{"id":11289,"date":"2023-04-10T17:52:09","date_gmt":"2023-04-10T17:52:09","guid":{"rendered":"https:\/\/modale.com\/product\/zigzagpouf\/"},"modified":"2023-08-10T10:41:30","modified_gmt":"2023-08-10T10:41:30","slug":"zigzagpouf","status":"publish","type":"product","link":"https:\/\/modale.com\/vi\/product\/zigzagpouf\/","title":{"rendered":"<strong>DOMKAPA <\/strong><br>GH\u1ebe \u0110\u00d4N ZIGZAG"},"content":{"rendered":"<p>GH\u1ebe N\u1ec6M ZIGZAG \u0110\u01af\u1ee2C THI\u1ebeT K\u1ebe THEO H\u00ccNH D\u1ea0NG \u0110\u01af\u1edcNG G\u1ea4P KH\u00daC \u0110\u1ed8C \u0110\u00c1O. GH\u1ebe \u0110\u01af\u1ee2C B\u1eccC V\u1ea2I N\u1ec8 B\u1ec0N M\u1ecaN, TRANG TR\u00cd B\u1eb0NG NH\u1eeeNG N\u1ebeP G\u1ea4P NGANG V\u00c0 TH\u1eb2NG MANG L\u1ea0I C\u1ea2M GI\u00c1C \u0110\u1eb6C BI\u1ec6T CHO S\u1ea2N PH\u1ea8M. CHI\u1ebeC GH\u1ebe N\u1ec6M ZIGZAG N\u00c0Y L\u00c0 S\u1ef0 L\u1ef0A CH\u1eccN PH\u00d9 H\u1ee2P CHO M\u1eccI PHONG C\u00c1CH V\u00c0 M\u1eccI KH\u00d4NG GIAN TRONG NG\u00d4I NH\u00c0 C\u1ee6A B\u1ea0N<\/p>\n","protected":false},"excerpt":{"rendered":"<p>GH\u1ebe N\u1ec6M ZIGZAG \u0110\u01af\u1ee2C THI\u1ebeT K\u1ebe THEO H\u00ccNH D\u1ea0NG \u0110\u01af\u1edcNG G\u1ea4P KH\u00daC \u0110\u1ed8C \u0110\u00c1O. GH\u1ebe \u0110\u01af\u1ee2C B\u1eccC V\u1ea2I N\u1ec8 B\u1ec0N M\u1ecaN, TRANG TR\u00cd B\u1eb0NG NH\u1eeeNG N\u1ebeP G\u1ea4P NGANG V\u00c0 TH\u1eb2NG MANG L\u1ea0I C\u1ea2M GI\u00c1C \u0110\u1eb6C BI\u1ec6T CHO S\u1ea2N PH\u1ea8M. CHI\u1ebeC GH\u1ebe N\u1ec6M ZIGZAG N\u00c0Y L\u00c0 S\u1ef0 L\u1ef0A CH\u1eccN PH\u00d9 H\u1ee2P CHO M\u1eccI PHONG C\u00c1CH V\u00c0 [&hellip;]<\/p>\n","protected":false},"featured_media":9970,"template":"","meta":[],"product_cat":[748],"product_tag":[699],"origin":[770],"designers":[],"collection":[460],"brands":[118],"class_list":{"0":"post-11289","1":"product","2":"type-product","3":"status-publish","4":"has-post-thumbnail","6":"product_cat-stools-poufs-vi","7":"product_tag-bedroom-vi-2","8":"origin-european","9":"collection-zigzag","10":"brands-domkapa","12":"first","13":"instock","14":"shipping-taxable","15":"purchasable","16":"product-type-simple"},"_links":{"self":[{"href":"https:\/\/modale.com\/vi\/wp-json\/wp\/v2\/product\/11289","targetHints":{"allow":["GET"]}}],"collection":[{"href":"https:\/\/modale.com\/vi\/wp-json\/wp\/v2\/product"}],"about":[{"href":"https:\/\/modale.com\/vi\/wp-json\/wp\/v2\/types\/product"}],"wp:featuredmedia":[{"embeddable":true,"href":"https:\/\/modale.com\/vi\/wp-json\/wp\/v2\/media\/9970"}],"wp:attachment":[{"href":"https:\/\/modale.com\/vi\/wp-json\/wp\/v2\/media?parent=11289"}],"wp:term":[{"taxonomy":"product_cat","embeddable":true,"href":"https:\/\/modale.com\/vi\/wp-json\/wp\/v2\/product_cat?post=11289"},{"taxonomy":"product_tag","embeddable":true,"href":"https:\/\/modale.com\/vi\/wp-json\/wp\/v2\/product_tag?post=11289"},{"taxonomy":"origin","embeddable":true,"href":"https:\/\/modale.com\/vi\/wp-json\/wp\/v2\/origin?post=11289"},{"taxonomy":"designers","embeddable":true,"href":"https:\/\/modale.com\/vi\/wp-json\/wp\/v2\/designers?post=11289"},{"taxonomy":"collection","embeddable":true,"href":"https:\/\/modale.com\/vi\/wp-json\/wp\/v2\/collection?post=11289"},{"taxonomy":"brands","embeddable":true,"href":"https:\/\/modale.com\/vi\/wp-json\/wp\/v2\/brands?post=11289"}],"curies":[{"name":"wp","href":"https:\/\/api.w.org\/{rel}","templated":true}]}}