{"id":11290,"date":"2023-04-10T17:51:46","date_gmt":"2023-04-10T17:51:46","guid":{"rendered":"https:\/\/modale.com\/product\/grantpouf\/"},"modified":"2023-08-10T10:41:30","modified_gmt":"2023-08-10T10:41:30","slug":"grantpouf","status":"publish","type":"product","link":"https:\/\/modale.com\/vi\/product\/grantpouf\/","title":{"rendered":"<strong>DOMKAPA <\/strong><br>GH\u1ebe \u0110\u00d4N (NH\u1ece) GRANT"},"content":{"rendered":"<p>GH\u1ebe N\u1ec6M POUF GRANT \u0110\u01af\u1ee2C THI\u1ebeT K\u1ebe KH\u00c9O L\u00c9O V\u00c0 TINH T\u1ebe V\u1edaI NHI\u1ec0U CH\u1ee8C N\u0102NG KH\u00c1C NHAU. GH\u1ebe C\u00d3 3 K\u00cdCH C\u1ee0, T\u00d4 \u0110I\u1ec2M TH\u00caM \u0110\u01af\u1edcNG VI\u1ec0N M\u1ec0M M\u1ea0I \u1ede M\u1ed6I G\u00d3C C\u1ee6A GH\u1ebe, \u00d4N TR\u1eccN V\u1eb8N TH\u00c2N GH\u1ebe. GH\u1ebe N\u1ec6M POUR GRANT L\u00c0 S\u1ef0 L\u1ef0A CH\u1eccN HO\u00c0N H\u1ea2O MANG T\u00cdNH TI\u00caN PHONG CHO NG\u00d4I NH\u00c0 C\u1ee6A B\u1ea0N<\/p>\n","protected":false},"excerpt":{"rendered":"<p>GH\u1ebe N\u1ec6M POUF GRANT \u0110\u01af\u1ee2C THI\u1ebeT K\u1ebe KH\u00c9O L\u00c9O V\u00c0 TINH T\u1ebe V\u1edaI NHI\u1ec0U CH\u1ee8C N\u0102NG KH\u00c1C NHAU. GH\u1ebe C\u00d3 3 K\u00cdCH C\u1ee0, T\u00d4 \u0110I\u1ec2M TH\u00caM \u0110\u01af\u1edcNG VI\u1ec0N M\u1ec0M M\u1ea0I \u1ede M\u1ed6I G\u00d3C C\u1ee6A GH\u1ebe, \u00d4N TR\u1eccN V\u1eb8N TH\u00c2N GH\u1ebe. GH\u1ebe N\u1ec6M POUR GRANT L\u00c0 S\u1ef0 L\u1ef0A CH\u1eccN HO\u00c0N H\u1ea2O MANG T\u00cdNH TI\u00caN PHONG CHO [&hellip;]<\/p>\n","protected":false},"featured_media":9976,"template":"","meta":[],"product_cat":[748],"product_tag":[699],"origin":[770],"designers":[],"collection":[459],"brands":[118],"class_list":{"0":"post-11290","1":"product","2":"type-product","3":"status-publish","4":"has-post-thumbnail","6":"product_cat-stools-poufs-vi","7":"product_tag-bedroom-vi-2","8":"origin-european","9":"collection-grant","10":"brands-domkapa","12":"first","13":"instock","14":"shipping-taxable","15":"purchasable","16":"product-type-simple"},"_links":{"self":[{"href":"https:\/\/modale.com\/vi\/wp-json\/wp\/v2\/product\/11290","targetHints":{"allow":["GET"]}}],"collection":[{"href":"https:\/\/modale.com\/vi\/wp-json\/wp\/v2\/product"}],"about":[{"href":"https:\/\/modale.com\/vi\/wp-json\/wp\/v2\/types\/product"}],"wp:featuredmedia":[{"embeddable":true,"href":"https:\/\/modale.com\/vi\/wp-json\/wp\/v2\/media\/9976"}],"wp:attachment":[{"href":"https:\/\/modale.com\/vi\/wp-json\/wp\/v2\/media?parent=11290"}],"wp:term":[{"taxonomy":"product_cat","embeddable":true,"href":"https:\/\/modale.com\/vi\/wp-json\/wp\/v2\/product_cat?post=11290"},{"taxonomy":"product_tag","embeddable":true,"href":"https:\/\/modale.com\/vi\/wp-json\/wp\/v2\/product_tag?post=11290"},{"taxonomy":"origin","embeddable":true,"href":"https:\/\/modale.com\/vi\/wp-json\/wp\/v2\/origin?post=11290"},{"taxonomy":"designers","embeddable":true,"href":"https:\/\/modale.com\/vi\/wp-json\/wp\/v2\/designers?post=11290"},{"taxonomy":"collection","embeddable":true,"href":"https:\/\/modale.com\/vi\/wp-json\/wp\/v2\/collection?post=11290"},{"taxonomy":"brands","embeddable":true,"href":"https:\/\/modale.com\/vi\/wp-json\/wp\/v2\/brands?post=11290"}],"curies":[{"name":"wp","href":"https:\/\/api.w.org\/{rel}","templated":true}]}}