{"id":11291,"date":"2023-04-10T17:51:32","date_gmt":"2023-04-10T17:51:32","guid":{"rendered":"https:\/\/modale.com\/product\/camillechair\/"},"modified":"2023-08-10T10:41:31","modified_gmt":"2023-08-10T10:41:31","slug":"camillechair","status":"publish","type":"product","link":"https:\/\/modale.com\/vi\/product\/camillechair\/","title":{"rendered":"<strong>DOMKAPA <\/strong><br>GH\u1ebe CAMILLE"},"content":{"rendered":"<p>GH\u1ebe T\u1ef0A CAMILLE L\u00c0 M\u1ed8T CHI\u1ebeC GH\u1ebe HO\u00c0N H\u1ea2O MANG V\u1eba \u0110\u1eb8P C\u1ed4 \u0110I\u1ec2N. PH\u1ea6N L\u01afNG T\u1ef0A C\u00d3 NH\u1eeeNG N\u1ebeP G\u1ea4P TINH X\u1ea2O V\u00c0 \u0110\u1ed8C \u0110\u00c1O, KHUNG CH\u00c2N B\u1eb0NG KIM LO\u1ea0I V\u1eeeNG CH\u1eaeC T\u1ea0O N\u00caN T\u00cdNH TH\u1ea8M M\u1ef8, SANG TR\u1eccNG TRONG C\u00c1C D\u1ef0 \u00c1N THI\u1ebeT K\u1ebe N\u1ed8I TH\u1ea4T<\/p>\n","protected":false},"excerpt":{"rendered":"<p>GH\u1ebe T\u1ef0A CAMILLE L\u00c0 M\u1ed8T CHI\u1ebeC GH\u1ebe HO\u00c0N H\u1ea2O MANG V\u1eba \u0110\u1eb8P C\u1ed4 \u0110I\u1ec2N. PH\u1ea6N L\u01afNG T\u1ef0A C\u00d3 NH\u1eeeNG N\u1ebeP G\u1ea4P TINH X\u1ea2O V\u00c0 \u0110\u1ed8C \u0110\u00c1O, KHUNG CH\u00c2N B\u1eb0NG KIM LO\u1ea0I V\u1eeeNG CH\u1eaeC T\u1ea0O N\u00caN T\u00cdNH TH\u1ea8M M\u1ef8, SANG TR\u1eccNG TRONG C\u00c1C D\u1ef0 \u00c1N THI\u1ebeT K\u1ebe N\u1ed8I TH\u1ea4T<\/p>\n","protected":false},"featured_media":9996,"template":"","meta":[],"product_cat":[731],"product_tag":[700],"origin":[770],"designers":[],"collection":[458],"brands":[118],"class_list":{"0":"post-11291","1":"product","2":"type-product","3":"status-publish","4":"has-post-thumbnail","6":"product_cat-chairs-vi","7":"product_tag-dining-vi-2","8":"origin-european","9":"collection-camille","10":"brands-domkapa","12":"first","13":"instock","14":"shipping-taxable","15":"purchasable","16":"product-type-simple"},"_links":{"self":[{"href":"https:\/\/modale.com\/vi\/wp-json\/wp\/v2\/product\/11291","targetHints":{"allow":["GET"]}}],"collection":[{"href":"https:\/\/modale.com\/vi\/wp-json\/wp\/v2\/product"}],"about":[{"href":"https:\/\/modale.com\/vi\/wp-json\/wp\/v2\/types\/product"}],"wp:featuredmedia":[{"embeddable":true,"href":"https:\/\/modale.com\/vi\/wp-json\/wp\/v2\/media\/9996"}],"wp:attachment":[{"href":"https:\/\/modale.com\/vi\/wp-json\/wp\/v2\/media?parent=11291"}],"wp:term":[{"taxonomy":"product_cat","embeddable":true,"href":"https:\/\/modale.com\/vi\/wp-json\/wp\/v2\/product_cat?post=11291"},{"taxonomy":"product_tag","embeddable":true,"href":"https:\/\/modale.com\/vi\/wp-json\/wp\/v2\/product_tag?post=11291"},{"taxonomy":"origin","embeddable":true,"href":"https:\/\/modale.com\/vi\/wp-json\/wp\/v2\/origin?post=11291"},{"taxonomy":"designers","embeddable":true,"href":"https:\/\/modale.com\/vi\/wp-json\/wp\/v2\/designers?post=11291"},{"taxonomy":"collection","embeddable":true,"href":"https:\/\/modale.com\/vi\/wp-json\/wp\/v2\/collection?post=11291"},{"taxonomy":"brands","embeddable":true,"href":"https:\/\/modale.com\/vi\/wp-json\/wp\/v2\/brands?post=11291"}],"curies":[{"name":"wp","href":"https:\/\/api.w.org\/{rel}","templated":true}]}}