{"id":11292,"date":"2023-04-10T17:51:10","date_gmt":"2023-04-10T17:51:10","guid":{"rendered":"https:\/\/modale.com\/product\/viannachair\/"},"modified":"2023-08-10T10:41:31","modified_gmt":"2023-08-10T10:41:31","slug":"viannachair","status":"publish","type":"product","link":"https:\/\/modale.com\/vi\/product\/viannachair\/","title":{"rendered":"<strong>DOMKAPA <\/strong><br>GH\u1ebe VIANNA"},"content":{"rendered":"<p>GH\u1ebe T\u1ef0A VIANNA V\u1edaI THI\u1ebeT K\u1ebe C\u1ed4 \u0110I\u1ec2N G\u1ed2M 4 CH\u00c2N G\u1ed6 V\u1eeeNG CH\u1eaeC, M\u1eb6T GH\u1ebe V\u00c0 L\u01afNG T\u1ef0A \u0110\u01af\u1ee2C B\u1eccC N\u1ec6M M\u1ec0M M\u1ea0I D\u00c0Y D\u1eb6N MANG \u0110\u1ebeN C\u1ea2M GI\u00c1C TH\u01af GI\u00c3N CHO NG\u01af\u1edcI D\u00d9NG. GH\u1ebe C\u00d3 2 PHI\u00caN B\u1ea2N: C\u00d3 TAY V\u1ecaN V\u00c0 KH\u00d4NG C\u00d3 TAY V\u1ecaN, T\u1ef0A L\u01afNG \u0110\u01af\u1ee2C THI\u1ebeT K\u1ebe PH\u00d9 H\u1ee2P \u00d4M TR\u1eccN S\u1ed0NG L\u01afNG, MANG \u0110\u1ebeN S\u1ef0 THO\u1ea2I M\u00c1I SAU M\u1ed8T TH\u1edcI GIAN L\u00c0M VI\u1ec6C M\u1ec6T M\u1eceI.<\/p>\n","protected":false},"excerpt":{"rendered":"<p>GH\u1ebe T\u1ef0A VIANNA V\u1edaI THI\u1ebeT K\u1ebe C\u1ed4 \u0110I\u1ec2N G\u1ed2M 4 CH\u00c2N G\u1ed6 V\u1eeeNG CH\u1eaeC, M\u1eb6T GH\u1ebe V\u00c0 L\u01afNG T\u1ef0A \u0110\u01af\u1ee2C B\u1eccC N\u1ec6M M\u1ec0M M\u1ea0I D\u00c0Y D\u1eb6N MANG \u0110\u1ebeN C\u1ea2M GI\u00c1C TH\u01af GI\u00c3N CHO NG\u01af\u1edcI D\u00d9NG. GH\u1ebe C\u00d3 2 PHI\u00caN B\u1ea2N: C\u00d3 TAY V\u1ecaN V\u00c0 KH\u00d4NG C\u00d3 TAY V\u1ecaN, T\u1ef0A L\u01afNG \u0110\u01af\u1ee2C THI\u1ebeT K\u1ebe PH\u00d9 H\u1ee2P [&hellip;]<\/p>\n","protected":false},"featured_media":10004,"template":"","meta":[],"product_cat":[731],"product_tag":[700],"origin":[770],"designers":[],"collection":[457],"brands":[118],"class_list":{"0":"post-11292","1":"product","2":"type-product","3":"status-publish","4":"has-post-thumbnail","6":"product_cat-chairs-vi","7":"product_tag-dining-vi-2","8":"origin-european","9":"collection-vianna","10":"brands-domkapa","12":"first","13":"instock","14":"shipping-taxable","15":"purchasable","16":"product-type-simple"},"_links":{"self":[{"href":"https:\/\/modale.com\/vi\/wp-json\/wp\/v2\/product\/11292","targetHints":{"allow":["GET"]}}],"collection":[{"href":"https:\/\/modale.com\/vi\/wp-json\/wp\/v2\/product"}],"about":[{"href":"https:\/\/modale.com\/vi\/wp-json\/wp\/v2\/types\/product"}],"wp:featuredmedia":[{"embeddable":true,"href":"https:\/\/modale.com\/vi\/wp-json\/wp\/v2\/media\/10004"}],"wp:attachment":[{"href":"https:\/\/modale.com\/vi\/wp-json\/wp\/v2\/media?parent=11292"}],"wp:term":[{"taxonomy":"product_cat","embeddable":true,"href":"https:\/\/modale.com\/vi\/wp-json\/wp\/v2\/product_cat?post=11292"},{"taxonomy":"product_tag","embeddable":true,"href":"https:\/\/modale.com\/vi\/wp-json\/wp\/v2\/product_tag?post=11292"},{"taxonomy":"origin","embeddable":true,"href":"https:\/\/modale.com\/vi\/wp-json\/wp\/v2\/origin?post=11292"},{"taxonomy":"designers","embeddable":true,"href":"https:\/\/modale.com\/vi\/wp-json\/wp\/v2\/designers?post=11292"},{"taxonomy":"collection","embeddable":true,"href":"https:\/\/modale.com\/vi\/wp-json\/wp\/v2\/collection?post=11292"},{"taxonomy":"brands","embeddable":true,"href":"https:\/\/modale.com\/vi\/wp-json\/wp\/v2\/brands?post=11292"}],"curies":[{"name":"wp","href":"https:\/\/api.w.org\/{rel}","templated":true}]}}