{"id":11297,"date":"2023-04-10T17:49:59","date_gmt":"2023-04-10T17:49:59","guid":{"rendered":"https:\/\/modale.com\/product\/echobed\/"},"modified":"2023-08-10T10:41:32","modified_gmt":"2023-08-10T10:41:32","slug":"echobed","status":"publish","type":"product","link":"https:\/\/modale.com\/vi\/product\/echobed\/","title":{"rendered":"<strong>DOMKAPA <\/strong><br>GI\u01af\u1edcNG ECHO"},"content":{"rendered":"<p>GI\u01af\u1edcNG NG\u1ee6 ECHO \u0110\u01af\u1ee2C THI\u1ebeT K\u1ebe HI\u1ec6N \u0110\u1ea0I, L\u00c0 S\u1ef0 L\u1ef0A CH\u1eccN H\u1ee2P L\u00cd V\u1edaI C\u00c1C T\u00cdNH N\u0102NG TUY\u1ec6T V\u1edcI. \u0110\u1ea6U GI\u01af\u1edcNG CONG, U\u1ed0N L\u01af\u1ee2N \u00d4M TR\u1eccN PH\u1ea6N TH\u00c2N GI\u01af\u1edcNG, \u0110\u01af\u1edcNG MAY T\u1ec8 M\u1ec8, S\u1eaeC S\u1ea2O TR\u00caN L\u1edaP V\u1ea2I B\u1eccC MANG \u0110\u1ebeN S\u1ef0 SANG TR\u1eccNG V\u00c0 H\u00c0I H\u00d2A. V\u1edaI NHI\u1ec0U K\u00cdCH TH\u01af\u1edaC V\u00c0 CH\u1ea4T LI\u1ec6U KH\u00c1C NHAU, QU\u00dd KH\u00c1CH H\u00c0NG C\u00d3 TH\u1ec2 L\u1ef0A CH\u1eccN M\u1eaaU GI\u01af\u1edcNG NG\u1ee6 PH\u00d9 H\u1ee2P CHO C\u0102N PH\u00d2NG C\u1ee6A M\u00ccNH.<\/p>\n","protected":false},"excerpt":{"rendered":"<p>GI\u01af\u1edcNG NG\u1ee6 ECHO \u0110\u01af\u1ee2C THI\u1ebeT K\u1ebe HI\u1ec6N \u0110\u1ea0I, L\u00c0 S\u1ef0 L\u1ef0A CH\u1eccN H\u1ee2P L\u00cd V\u1edaI C\u00c1C T\u00cdNH N\u0102NG TUY\u1ec6T V\u1edcI. \u0110\u1ea6U GI\u01af\u1edcNG CONG, U\u1ed0N L\u01af\u1ee2N \u00d4M TR\u1eccN PH\u1ea6N TH\u00c2N GI\u01af\u1edcNG, \u0110\u01af\u1edcNG MAY T\u1ec8 M\u1ec8, S\u1eaeC S\u1ea2O TR\u00caN L\u1edaP V\u1ea2I B\u1eccC MANG \u0110\u1ebeN S\u1ef0 SANG TR\u1eccNG V\u00c0 H\u00c0I H\u00d2A. V\u1edaI NHI\u1ec0U K\u00cdCH TH\u01af\u1edaC V\u00c0 CH\u1ea4T LI\u1ec6U [&hellip;]<\/p>\n","protected":false},"featured_media":10069,"template":"","meta":[],"product_cat":[726],"product_tag":[699],"origin":[770],"designers":[],"collection":[452],"brands":[118],"class_list":{"0":"post-11297","1":"product","2":"type-product","3":"status-publish","4":"has-post-thumbnail","6":"product_cat-beds-vi","7":"product_tag-bedroom-vi-2","8":"origin-european","9":"collection-echo","10":"brands-domkapa","12":"first","13":"instock","14":"shipping-taxable","15":"purchasable","16":"product-type-simple"},"_links":{"self":[{"href":"https:\/\/modale.com\/vi\/wp-json\/wp\/v2\/product\/11297","targetHints":{"allow":["GET"]}}],"collection":[{"href":"https:\/\/modale.com\/vi\/wp-json\/wp\/v2\/product"}],"about":[{"href":"https:\/\/modale.com\/vi\/wp-json\/wp\/v2\/types\/product"}],"wp:featuredmedia":[{"embeddable":true,"href":"https:\/\/modale.com\/vi\/wp-json\/wp\/v2\/media\/10069"}],"wp:attachment":[{"href":"https:\/\/modale.com\/vi\/wp-json\/wp\/v2\/media?parent=11297"}],"wp:term":[{"taxonomy":"product_cat","embeddable":true,"href":"https:\/\/modale.com\/vi\/wp-json\/wp\/v2\/product_cat?post=11297"},{"taxonomy":"product_tag","embeddable":true,"href":"https:\/\/modale.com\/vi\/wp-json\/wp\/v2\/product_tag?post=11297"},{"taxonomy":"origin","embeddable":true,"href":"https:\/\/modale.com\/vi\/wp-json\/wp\/v2\/origin?post=11297"},{"taxonomy":"designers","embeddable":true,"href":"https:\/\/modale.com\/vi\/wp-json\/wp\/v2\/designers?post=11297"},{"taxonomy":"collection","embeddable":true,"href":"https:\/\/modale.com\/vi\/wp-json\/wp\/v2\/collection?post=11297"},{"taxonomy":"brands","embeddable":true,"href":"https:\/\/modale.com\/vi\/wp-json\/wp\/v2\/brands?post=11297"}],"curies":[{"name":"wp","href":"https:\/\/api.w.org\/{rel}","templated":true}]}}