{"id":11298,"date":"2023-04-10T17:49:45","date_gmt":"2023-04-10T17:49:45","guid":{"rendered":"https:\/\/modale.com\/product\/margotbed\/"},"modified":"2023-08-10T10:41:32","modified_gmt":"2023-08-10T10:41:32","slug":"margotbed","status":"publish","type":"product","link":"https:\/\/modale.com\/vi\/product\/margotbed\/","title":{"rendered":"<strong>DOMKAPA <\/strong><br>GI\u01af\u1edcNG MARGOT"},"content":{"rendered":"<p>GI\u01af\u1edcNG NG\u1ee6 MARGOT \u0110\u01af\u1ee2C THI\u1ebeT K\u1ebe S\u00c1NG T\u1ea0O K\u1ebeT H\u1ee2P V\u1edaI C\u00c1C H\u00ccNH D\u1ea0NG V\u00c0 NHI\u1ec0U CH\u1ee8C N\u0102NG \u0110\u1eb6C BI\u1ec6T. \u0110\u1ea6U GI\u01af\u1edcNG R\u1ed8NG \u0110\u01af\u1ee2C PH\u00c2N C\u00c1CH TH\u00c0NH 2 B\u1ed8 \u0110\u1ec6M V\u00c0 KHUNG CH\u00c2N KIM LO\u1ea0I CH\u1eaeC CH\u1eaeN T\u1ea0O C\u1ea2M GI\u00c1C THO\u1ea2I M\u00c1I, L\u00c0M T\u0102NG T\u00cdNH TH\u1ea8M M\u1ef8 CHO S\u1ea2N PH\u1ea8M<\/p>\n","protected":false},"excerpt":{"rendered":"<p>GI\u01af\u1edcNG NG\u1ee6 MARGOT \u0110\u01af\u1ee2C THI\u1ebeT K\u1ebe S\u00c1NG T\u1ea0O K\u1ebeT H\u1ee2P V\u1edaI C\u00c1C H\u00ccNH D\u1ea0NG V\u00c0 NHI\u1ec0U CH\u1ee8C N\u0102NG \u0110\u1eb6C BI\u1ec6T. \u0110\u1ea6U GI\u01af\u1edcNG R\u1ed8NG \u0110\u01af\u1ee2C PH\u00c2N C\u00c1CH TH\u00c0NH 2 B\u1ed8 \u0110\u1ec6M V\u00c0 KHUNG CH\u00c2N KIM LO\u1ea0I CH\u1eaeC CH\u1eaeN T\u1ea0O C\u1ea2M GI\u00c1C THO\u1ea2I M\u00c1I, L\u00c0M T\u0102NG T\u00cdNH TH\u1ea8M M\u1ef8 CHO S\u1ea2N PH\u1ea8M<\/p>\n","protected":false},"featured_media":10077,"template":"","meta":[],"product_cat":[726],"product_tag":[699],"origin":[770],"designers":[],"collection":[451],"brands":[118],"class_list":{"0":"post-11298","1":"product","2":"type-product","3":"status-publish","4":"has-post-thumbnail","6":"product_cat-beds-vi","7":"product_tag-bedroom-vi-2","8":"origin-european","9":"collection-margot","10":"brands-domkapa","12":"first","13":"instock","14":"shipping-taxable","15":"purchasable","16":"product-type-simple"},"_links":{"self":[{"href":"https:\/\/modale.com\/vi\/wp-json\/wp\/v2\/product\/11298","targetHints":{"allow":["GET"]}}],"collection":[{"href":"https:\/\/modale.com\/vi\/wp-json\/wp\/v2\/product"}],"about":[{"href":"https:\/\/modale.com\/vi\/wp-json\/wp\/v2\/types\/product"}],"wp:featuredmedia":[{"embeddable":true,"href":"https:\/\/modale.com\/vi\/wp-json\/wp\/v2\/media\/10077"}],"wp:attachment":[{"href":"https:\/\/modale.com\/vi\/wp-json\/wp\/v2\/media?parent=11298"}],"wp:term":[{"taxonomy":"product_cat","embeddable":true,"href":"https:\/\/modale.com\/vi\/wp-json\/wp\/v2\/product_cat?post=11298"},{"taxonomy":"product_tag","embeddable":true,"href":"https:\/\/modale.com\/vi\/wp-json\/wp\/v2\/product_tag?post=11298"},{"taxonomy":"origin","embeddable":true,"href":"https:\/\/modale.com\/vi\/wp-json\/wp\/v2\/origin?post=11298"},{"taxonomy":"designers","embeddable":true,"href":"https:\/\/modale.com\/vi\/wp-json\/wp\/v2\/designers?post=11298"},{"taxonomy":"collection","embeddable":true,"href":"https:\/\/modale.com\/vi\/wp-json\/wp\/v2\/collection?post=11298"},{"taxonomy":"brands","embeddable":true,"href":"https:\/\/modale.com\/vi\/wp-json\/wp\/v2\/brands?post=11298"}],"curies":[{"name":"wp","href":"https:\/\/api.w.org\/{rel}","templated":true}]}}