{"id":11302,"date":"2023-04-10T17:48:58","date_gmt":"2023-04-10T17:48:58","guid":{"rendered":"https:\/\/modale.com\/product\/stellasofa-2\/"},"modified":"2023-08-10T10:41:33","modified_gmt":"2023-08-10T10:41:33","slug":"stellasofa-2","status":"publish","type":"product","link":"https:\/\/modale.com\/vi\/product\/stellasofa-2\/","title":{"rendered":"<strong>DOMKAPA <\/strong><br>SOFA STELLA"},"content":{"rendered":"<p>GH\u1ebe SOFA STELLA L\u00c0 M\u1ed8T CHI\u1ebeC GH\u1ebe SOFA CU\u1ed8N V\u1edaI PH\u1ea6N L\u01afNG L\u1ed2I S\u00c2U, KHUNG CH\u00c2N B\u1eb0NG G\u1ed6 CH\u1eaeC CH\u1eaeN, \u0110\u01af\u1edcNG N\u00c9T M\u1ec0M M\u1ea0I UY\u1ec2N CHUY\u1ec2N T\u1ea0O \u1ea4N T\u01af\u1ee2NG M\u1ea0NH CHO NG\u01af\u1edcI S\u1eec D\u1ee4NG. \u0110\u1eb6C BI\u1ec6T, CHI\u1ebeC GH\u1ebe N\u00c0Y PH\u00d9 H\u1ee2P CHO NH\u1eeeNG NG\u00d4I NH\u00c0 NH\u1ece HO\u1eb6C KH\u00d4NG GIAN KH\u00d4NG QU\u00c1 L\u1edaN.<\/p>\n","protected":false},"excerpt":{"rendered":"<p>GH\u1ebe SOFA STELLA L\u00c0 M\u1ed8T CHI\u1ebeC GH\u1ebe SOFA CU\u1ed8N V\u1edaI PH\u1ea6N L\u01afNG L\u1ed2I S\u00c2U, KHUNG CH\u00c2N B\u1eb0NG G\u1ed6 CH\u1eaeC CH\u1eaeN, \u0110\u01af\u1edcNG N\u00c9T M\u1ec0M M\u1ea0I UY\u1ec2N CHUY\u1ec2N T\u1ea0O \u1ea4N T\u01af\u1ee2NG M\u1ea0NH CHO NG\u01af\u1edcI S\u1eec D\u1ee4NG. \u0110\u1eb6C BI\u1ec6T, CHI\u1ebeC GH\u1ebe N\u00c0Y PH\u00d9 H\u1ee2P CHO NH\u1eeeNG NG\u00d4I NH\u00c0 NH\u1ece HO\u1eb6C KH\u00d4NG GIAN KH\u00d4NG QU\u00c1 L\u1edaN.<\/p>\n","protected":false},"featured_media":9246,"template":"","meta":[],"product_cat":[747],"product_tag":[703],"origin":[770],"designers":[],"collection":[447],"brands":[118],"class_list":{"0":"post-11302","1":"product","2":"type-product","3":"status-publish","4":"has-post-thumbnail","6":"product_cat-sofas-vi","7":"product_tag-living-vi-2","8":"origin-european","9":"collection-stella","10":"brands-domkapa","12":"first","13":"instock","14":"shipping-taxable","15":"purchasable","16":"product-type-simple"},"_links":{"self":[{"href":"https:\/\/modale.com\/vi\/wp-json\/wp\/v2\/product\/11302","targetHints":{"allow":["GET"]}}],"collection":[{"href":"https:\/\/modale.com\/vi\/wp-json\/wp\/v2\/product"}],"about":[{"href":"https:\/\/modale.com\/vi\/wp-json\/wp\/v2\/types\/product"}],"wp:featuredmedia":[{"embeddable":true,"href":"https:\/\/modale.com\/vi\/wp-json\/wp\/v2\/media\/9246"}],"wp:attachment":[{"href":"https:\/\/modale.com\/vi\/wp-json\/wp\/v2\/media?parent=11302"}],"wp:term":[{"taxonomy":"product_cat","embeddable":true,"href":"https:\/\/modale.com\/vi\/wp-json\/wp\/v2\/product_cat?post=11302"},{"taxonomy":"product_tag","embeddable":true,"href":"https:\/\/modale.com\/vi\/wp-json\/wp\/v2\/product_tag?post=11302"},{"taxonomy":"origin","embeddable":true,"href":"https:\/\/modale.com\/vi\/wp-json\/wp\/v2\/origin?post=11302"},{"taxonomy":"designers","embeddable":true,"href":"https:\/\/modale.com\/vi\/wp-json\/wp\/v2\/designers?post=11302"},{"taxonomy":"collection","embeddable":true,"href":"https:\/\/modale.com\/vi\/wp-json\/wp\/v2\/collection?post=11302"},{"taxonomy":"brands","embeddable":true,"href":"https:\/\/modale.com\/vi\/wp-json\/wp\/v2\/brands?post=11302"}],"curies":[{"name":"wp","href":"https:\/\/api.w.org\/{rel}","templated":true}]}}