{"id":11304,"date":"2023-04-10T17:48:02","date_gmt":"2023-04-10T17:48:02","guid":{"rendered":"https:\/\/modale.com\/product\/shintosofa\/"},"modified":"2023-08-10T10:41:34","modified_gmt":"2023-08-10T10:41:34","slug":"shintosofa","status":"publish","type":"product","link":"https:\/\/modale.com\/vi\/product\/shintosofa\/","title":{"rendered":"<strong>DOMKAPA <\/strong><br>SOFA SHINTO"},"content":{"rendered":"<p>GH\u1ebe SOFA SHINTO \u0110\u01af\u1ee2C THI\u1ebeT K\u1ebe \u0110\u1ed8C \u0110\u00c1O V\u1edaI 3 KI\u1ec2U D\u00c1NG KH\u00c1C NHAU: GH\u1ebe \u0110\u01a0N, GH\u1ebe T\u1ef0A \u0110\u01a0N K\u1ebeT H\u1ee2P V\u1edaI GH\u1ebe D\u00c0I V\u00c0 GH\u00ca POUF. M\u1ed6I MODULE C\u00d3 2 THANH TH\u00c9P \u0110EN LI\u00caN K\u1ebeT V\u1edaI \u0110\u00c1Y GH\u1ebe C\u00d9NG C\u00c1C CHI TI\u1ebeT NH\u1ece B\u1eb0NG TH\u00c9P V\u00c0NG T\u1ea0O \u0110I\u1ec2M NH\u1ea4N TINH T\u1ebe, MANG L\u1ea0I THO\u1ea2I M\u00c1I CHO NG\u01af\u1edcI S\u1eec D\u1ee4NG<\/p>\n","protected":false},"excerpt":{"rendered":"<p>GH\u1ebe SOFA SHINTO \u0110\u01af\u1ee2C THI\u1ebeT K\u1ebe \u0110\u1ed8C \u0110\u00c1O V\u1edaI 3 KI\u1ec2U D\u00c1NG KH\u00c1C NHAU: GH\u1ebe \u0110\u01a0N, GH\u1ebe T\u1ef0A \u0110\u01a0N K\u1ebeT H\u1ee2P V\u1edaI GH\u1ebe D\u00c0I V\u00c0 GH\u00ca POUF. M\u1ed6I MODULE C\u00d3 2 THANH TH\u00c9P \u0110EN LI\u00caN K\u1ebeT V\u1edaI \u0110\u00c1Y GH\u1ebe C\u00d9NG C\u00c1C CHI TI\u1ebeT NH\u1ece B\u1eb0NG TH\u00c9P V\u00c0NG T\u1ea0O \u0110I\u1ec2M NH\u1ea4N TINH T\u1ebe, MANG L\u1ea0I THO\u1ea2I [&hellip;]<\/p>\n","protected":false},"featured_media":10129,"template":"","meta":[],"product_cat":[747],"product_tag":[703],"origin":[770],"designers":[],"collection":[445],"brands":[118],"class_list":{"0":"post-11304","1":"product","2":"type-product","3":"status-publish","4":"has-post-thumbnail","6":"product_cat-sofas-vi","7":"product_tag-living-vi-2","8":"origin-european","9":"collection-shinto","10":"brands-domkapa","12":"first","13":"instock","14":"shipping-taxable","15":"purchasable","16":"product-type-simple"},"_links":{"self":[{"href":"https:\/\/modale.com\/vi\/wp-json\/wp\/v2\/product\/11304","targetHints":{"allow":["GET"]}}],"collection":[{"href":"https:\/\/modale.com\/vi\/wp-json\/wp\/v2\/product"}],"about":[{"href":"https:\/\/modale.com\/vi\/wp-json\/wp\/v2\/types\/product"}],"wp:featuredmedia":[{"embeddable":true,"href":"https:\/\/modale.com\/vi\/wp-json\/wp\/v2\/media\/10129"}],"wp:attachment":[{"href":"https:\/\/modale.com\/vi\/wp-json\/wp\/v2\/media?parent=11304"}],"wp:term":[{"taxonomy":"product_cat","embeddable":true,"href":"https:\/\/modale.com\/vi\/wp-json\/wp\/v2\/product_cat?post=11304"},{"taxonomy":"product_tag","embeddable":true,"href":"https:\/\/modale.com\/vi\/wp-json\/wp\/v2\/product_tag?post=11304"},{"taxonomy":"origin","embeddable":true,"href":"https:\/\/modale.com\/vi\/wp-json\/wp\/v2\/origin?post=11304"},{"taxonomy":"designers","embeddable":true,"href":"https:\/\/modale.com\/vi\/wp-json\/wp\/v2\/designers?post=11304"},{"taxonomy":"collection","embeddable":true,"href":"https:\/\/modale.com\/vi\/wp-json\/wp\/v2\/collection?post=11304"},{"taxonomy":"brands","embeddable":true,"href":"https:\/\/modale.com\/vi\/wp-json\/wp\/v2\/brands?post=11304"}],"curies":[{"name":"wp","href":"https:\/\/api.w.org\/{rel}","templated":true}]}}