{"id":11330,"date":"2023-04-10T17:41:42","date_gmt":"2023-04-10T17:41:42","guid":{"rendered":"https:\/\/modale.com\/product\/ragtimelow-square-marble-coffee-table\/"},"modified":"2023-08-10T10:41:40","modified_gmt":"2023-08-10T10:41:40","slug":"ragtimelow-square-marble-coffee-table","status":"publish","type":"product","link":"https:\/\/modale.com\/vi\/product\/ragtimelow-square-marble-coffee-table\/","title":{"rendered":"<strong>CASAMANIA &amp; HORM <\/strong><br>B\u00c0N CAFE ALBINO"},"content":{"rendered":"<p>B\u00c0N CAFE RAGTIME C\u00d3 C\u1ea4U TR\u00daC B\u1eb0NG \u0110\u1ed2NG \u0110\u01af\u1ee2C M\u1ea0 KIM LO\u1ea0I. M\u1eb6T B\u00c0N L\u00c0M B\u1eb0NG \u0110\u00c1 CARRARA, EMPERADOR V\u00c0 \u0110\u00c1 C\u1ea8M TH\u1ea0CH.<\/p>\n","protected":false},"excerpt":{"rendered":"<p>B\u00c0N CAFE RAGTIME C\u00d3 C\u1ea4U TR\u00daC B\u1eb0NG \u0110\u1ed2NG \u0110\u01af\u1ee2C M\u1ea0 KIM LO\u1ea0I. M\u1eb6T B\u00c0N L\u00c0M B\u1eb0NG \u0110\u00c1 CARRARA, EMPERADOR V\u00c0 \u0110\u00c1 C\u1ea8M TH\u1ea0CH.<\/p>\n","protected":false},"featured_media":9163,"template":"","meta":[],"product_cat":[734],"product_tag":[703],"origin":[770],"designers":[412],"collection":[413],"brands":[116],"class_list":{"0":"post-11330","1":"product","2":"type-product","3":"status-publish","4":"has-post-thumbnail","6":"product_cat-coffee-tables-vi","7":"product_tag-living-vi-2","8":"origin-european","9":"designers-ludovica-roberto-palomba","10":"collection-ragtime","11":"brands-casamania-horm","13":"first","14":"instock","15":"shipping-taxable","16":"purchasable","17":"product-type-simple"},"_links":{"self":[{"href":"https:\/\/modale.com\/vi\/wp-json\/wp\/v2\/product\/11330","targetHints":{"allow":["GET"]}}],"collection":[{"href":"https:\/\/modale.com\/vi\/wp-json\/wp\/v2\/product"}],"about":[{"href":"https:\/\/modale.com\/vi\/wp-json\/wp\/v2\/types\/product"}],"wp:featuredmedia":[{"embeddable":true,"href":"https:\/\/modale.com\/vi\/wp-json\/wp\/v2\/media\/9163"}],"wp:attachment":[{"href":"https:\/\/modale.com\/vi\/wp-json\/wp\/v2\/media?parent=11330"}],"wp:term":[{"taxonomy":"product_cat","embeddable":true,"href":"https:\/\/modale.com\/vi\/wp-json\/wp\/v2\/product_cat?post=11330"},{"taxonomy":"product_tag","embeddable":true,"href":"https:\/\/modale.com\/vi\/wp-json\/wp\/v2\/product_tag?post=11330"},{"taxonomy":"origin","embeddable":true,"href":"https:\/\/modale.com\/vi\/wp-json\/wp\/v2\/origin?post=11330"},{"taxonomy":"designers","embeddable":true,"href":"https:\/\/modale.com\/vi\/wp-json\/wp\/v2\/designers?post=11330"},{"taxonomy":"collection","embeddable":true,"href":"https:\/\/modale.com\/vi\/wp-json\/wp\/v2\/collection?post=11330"},{"taxonomy":"brands","embeddable":true,"href":"https:\/\/modale.com\/vi\/wp-json\/wp\/v2\/brands?post=11330"}],"curies":[{"name":"wp","href":"https:\/\/api.w.org\/{rel}","templated":true}]}}