{"id":11331,"date":"2023-04-10T17:41:28","date_gmt":"2023-04-10T17:41:28","guid":{"rendered":"https:\/\/modale.com\/product\/raybureau-wooden-secretary-desk\/"},"modified":"2023-08-10T10:41:40","modified_gmt":"2023-08-10T10:41:40","slug":"raybureau-wooden-secretary-desk","status":"publish","type":"product","link":"https:\/\/modale.com\/vi\/product\/raybureau-wooden-secretary-desk\/","title":{"rendered":"<strong>CASAMANIA &amp; HORM <\/strong><br>B\u00c0N TH\u01af K\u00dd BUREAU RAY"},"content":{"rendered":"<p>B\u00c0N L\u00c0M VI\u1ec6C BUREAU L\u00c0 L\u1ef0A CH\u1eccN L\u00dd T\u01af\u1edeNG CHO NH\u1eeeNG NG\u00d4I NH\u00c0 NH\u1ece B\u1edeI T\u00cdNH LINH HO\u1ea0T NH\u1edc V\u00c0O KH\u1ea2 N\u0102NG C\u00d3 TH\u1ec2 T\u1ef0 \u0110\u00d3NG, CH\u00c2N B\u00c0N C\u1ee8NG C\u00c1P V\u1edaI PH\u1ea6N M\u1eb6T \u0110\u01af\u1ee2C L\u00c0M T\u1eea V\u00c1N G\u1ed6 \u00c9P C\u00d3 \u0110I\u1ec2M V\u1ebeT LOANG M\u00c0U \u00d3C CH\u00d3. B\u00c0N \u0110\u01af\u1ee2C PH\u1ee6 L\u1edaP S\u01a0N M\u00c0I MDF, \u0110\u1ebe C\u00d3 TH\u1ec2 K\u00c9O M\u1ede, V\u00c0 \u0110\u00c8N LED V\u1edaI \u1ed4 C\u1eaeM C\u00c1P B\u00caN TRONG.<\/p>\n","protected":false},"excerpt":{"rendered":"<p>B\u00c0N L\u00c0M VI\u1ec6C BUREAU L\u00c0 L\u1ef0A CH\u1eccN L\u00dd T\u01af\u1edeNG CHO NH\u1eeeNG NG\u00d4I NH\u00c0 NH\u1ece B\u1edeI T\u00cdNH LINH HO\u1ea0T NH\u1edc V\u00c0O KH\u1ea2 N\u0102NG C\u00d3 TH\u1ec2 T\u1ef0 \u0110\u00d3NG, CH\u00c2N B\u00c0N C\u1ee8NG C\u00c1P V\u1edaI PH\u1ea6N M\u1eb6T \u0110\u01af\u1ee2C L\u00c0M T\u1eea V\u00c1N G\u1ed6 \u00c9P C\u00d3 \u0110I\u1ec2M V\u1ebeT LOANG M\u00c0U \u00d3C CH\u00d3. B\u00c0N \u0110\u01af\u1ee2C PH\u1ee6 L\u1edaP S\u01a0N M\u00c0I MDF, \u0110\u1ebe C\u00d3 [&hellip;]<\/p>\n","protected":false},"featured_media":9160,"template":"","meta":[],"product_cat":[736],"product_tag":[701],"origin":[770],"designers":[],"collection":[411],"brands":[116],"class_list":{"0":"post-11331","1":"product","2":"type-product","3":"status-publish","4":"has-post-thumbnail","6":"product_cat-desks-vi","7":"product_tag-home-office-vi-2","8":"origin-european","9":"collection-ray","10":"brands-casamania-horm","12":"first","13":"instock","14":"shipping-taxable","15":"purchasable","16":"product-type-simple"},"_links":{"self":[{"href":"https:\/\/modale.com\/vi\/wp-json\/wp\/v2\/product\/11331","targetHints":{"allow":["GET"]}}],"collection":[{"href":"https:\/\/modale.com\/vi\/wp-json\/wp\/v2\/product"}],"about":[{"href":"https:\/\/modale.com\/vi\/wp-json\/wp\/v2\/types\/product"}],"wp:featuredmedia":[{"embeddable":true,"href":"https:\/\/modale.com\/vi\/wp-json\/wp\/v2\/media\/9160"}],"wp:attachment":[{"href":"https:\/\/modale.com\/vi\/wp-json\/wp\/v2\/media?parent=11331"}],"wp:term":[{"taxonomy":"product_cat","embeddable":true,"href":"https:\/\/modale.com\/vi\/wp-json\/wp\/v2\/product_cat?post=11331"},{"taxonomy":"product_tag","embeddable":true,"href":"https:\/\/modale.com\/vi\/wp-json\/wp\/v2\/product_tag?post=11331"},{"taxonomy":"origin","embeddable":true,"href":"https:\/\/modale.com\/vi\/wp-json\/wp\/v2\/origin?post=11331"},{"taxonomy":"designers","embeddable":true,"href":"https:\/\/modale.com\/vi\/wp-json\/wp\/v2\/designers?post=11331"},{"taxonomy":"collection","embeddable":true,"href":"https:\/\/modale.com\/vi\/wp-json\/wp\/v2\/collection?post=11331"},{"taxonomy":"brands","embeddable":true,"href":"https:\/\/modale.com\/vi\/wp-json\/wp\/v2\/brands?post=11331"}],"curies":[{"name":"wp","href":"https:\/\/api.w.org\/{rel}","templated":true}]}}