{"id":11335,"date":"2023-04-10T17:41:15","date_gmt":"2023-04-10T17:41:15","guid":{"rendered":"https:\/\/modale.com\/product\/barbararound-marble-table\/"},"modified":"2023-08-10T10:41:41","modified_gmt":"2023-08-10T10:41:41","slug":"barbararound-marble-table","status":"publish","type":"product","link":"https:\/\/modale.com\/vi\/product\/barbararound-marble-table\/","title":{"rendered":"<strong>CASAMANIA &amp; HORM <\/strong><br>B\u00c0N \u0110\u00c1 C\u1ea8M TH\u1ea0CH BARBARA"},"content":{"rendered":"<p>B\u00c0N \u0102N BARBARA C\u00d3 K\u1ebeT C\u1ea4U M\u1eb6T B\u00c0N H\u00ccNH B\u1ea6U D\u1ee4C HO\u1eb6C H\u00ccNH TR\u00d2N B\u1eb0NG \u0110\u00c1 C\u1ea8M TH\u1ea0CH EMPERADOR HO\u1eb6C MARQUINIA. S\u1ea2N PH\u1ea8M L\u1ea4Y C\u1ea2M H\u1ee8NG T\u1eea C\u00c1C T\u00c1C PH\u1ea8M C\u1ee6A NH\u00c0 \u0110I\u00caU KH\u1eaeC NG\u01af\u1edcI ANH JOCELYN BARBARA HEPWORTH (1903-1975), V\u00c0 T\u1eea NGHI\u00caN C\u1ee8U KH\u00d4NG NG\u1eeaNG C\u1ee6A C\u00d4 V\u1ec0 M\u1ed0I QUAN H\u1ec6 GI\u1eeeA CON NG\u01af\u1edcI, M\u00d4I TR\u01af\u1edcNG T\u1ef0 NHI\u00caN V\u00c0 V\u1eacT LI\u1ec6U. H\u00ccNH D\u1ea0NG \u0110I\u00caU KH\u1eaeC, K\u00cdCH TH\u01af\u1edaC L\u1edaN V\u00c0 CH\u1ea4T LI\u1ec6U \u0110\u00c1 C\u1ea8M TH\u1ea0CH QU\u00dd G\u00d3P PH\u1ea6N MANG \u0110\u1ebeN CHO B\u00c0N M\u1ed8T V\u1eba NGO\u00c0I SANG TR\u1eccNG V\u00c0 HI\u1ec6N \u0110\u1ea0I V\u1edaI C\u00c1 T\u00cdNH N\u1ed4I B\u1eacT.<\/p>\n","protected":false},"excerpt":{"rendered":"<p>B\u00c0N \u0102N BARBARA C\u00d3 K\u1ebeT C\u1ea4U M\u1eb6T B\u00c0N H\u00ccNH B\u1ea6U D\u1ee4C HO\u1eb6C H\u00ccNH TR\u00d2N B\u1eb0NG \u0110\u00c1 C\u1ea8M TH\u1ea0CH EMPERADOR HO\u1eb6C MARQUINIA. S\u1ea2N PH\u1ea8M L\u1ea4Y C\u1ea2M H\u1ee8NG T\u1eea C\u00c1C T\u00c1C PH\u1ea8M C\u1ee6A NH\u00c0 \u0110I\u00caU KH\u1eaeC NG\u01af\u1edcI ANH JOCELYN BARBARA HEPWORTH (1903-1975), V\u00c0 T\u1eea NGHI\u00caN C\u1ee8U KH\u00d4NG NG\u1eeaNG C\u1ee6A C\u00d4 V\u1ec0 M\u1ed0I QUAN H\u1ec6 GI\u1eeeA CON NG\u01af\u1edcI, [&hellip;]<\/p>\n","protected":false},"featured_media":9153,"template":"","meta":[],"product_cat":[737],"product_tag":[700],"origin":[770],"designers":[408],"collection":[407],"brands":[116],"class_list":{"0":"post-11335","1":"product","2":"type-product","3":"status-publish","4":"has-post-thumbnail","6":"product_cat-dining-tables-vi","7":"product_tag-dining-vi-2","8":"origin-european","9":"designers-studio-balutto-associati","10":"collection-barbara","11":"brands-casamania-horm","13":"first","14":"instock","15":"shipping-taxable","16":"purchasable","17":"product-type-simple"},"_links":{"self":[{"href":"https:\/\/modale.com\/vi\/wp-json\/wp\/v2\/product\/11335","targetHints":{"allow":["GET"]}}],"collection":[{"href":"https:\/\/modale.com\/vi\/wp-json\/wp\/v2\/product"}],"about":[{"href":"https:\/\/modale.com\/vi\/wp-json\/wp\/v2\/types\/product"}],"wp:featuredmedia":[{"embeddable":true,"href":"https:\/\/modale.com\/vi\/wp-json\/wp\/v2\/media\/9153"}],"wp:attachment":[{"href":"https:\/\/modale.com\/vi\/wp-json\/wp\/v2\/media?parent=11335"}],"wp:term":[{"taxonomy":"product_cat","embeddable":true,"href":"https:\/\/modale.com\/vi\/wp-json\/wp\/v2\/product_cat?post=11335"},{"taxonomy":"product_tag","embeddable":true,"href":"https:\/\/modale.com\/vi\/wp-json\/wp\/v2\/product_tag?post=11335"},{"taxonomy":"origin","embeddable":true,"href":"https:\/\/modale.com\/vi\/wp-json\/wp\/v2\/origin?post=11335"},{"taxonomy":"designers","embeddable":true,"href":"https:\/\/modale.com\/vi\/wp-json\/wp\/v2\/designers?post=11335"},{"taxonomy":"collection","embeddable":true,"href":"https:\/\/modale.com\/vi\/wp-json\/wp\/v2\/collection?post=11335"},{"taxonomy":"brands","embeddable":true,"href":"https:\/\/modale.com\/vi\/wp-json\/wp\/v2\/brands?post=11335"}],"curies":[{"name":"wp","href":"https:\/\/api.w.org\/{rel}","templated":true}]}}