{"id":11339,"date":"2023-04-10T17:40:38","date_gmt":"2023-04-10T17:40:38","guid":{"rendered":"https:\/\/modale.com\/product\/siennaarmchair-with-armrests\/"},"modified":"2023-08-10T10:41:42","modified_gmt":"2023-08-10T10:41:42","slug":"siennaarmchair-with-armrests","status":"publish","type":"product","link":"https:\/\/modale.com\/vi\/product\/siennaarmchair-with-armrests\/","title":{"rendered":"<strong>CASAMANIA &amp; HORM <\/strong><br>GH\u1ebe B\u00c0NH C\u00d3 T\u1ef0A TAY SIENNA"},"content":{"rendered":"<p>GH\u1ebe B\u00c0NH SIENNA C\u00d3 PH\u1ea6N TR\u1ee4 G\u1ed6 G\u1ee2I NH\u1eda PHONG C\u00c1CH THI\u1ebeT K\u1ebe KI\u1ec2U TH\u1ee4Y \u0110I\u1ec2N C\u1ee6A NH\u1eeeNG N\u0102M 70. \u0110A N\u0102NG V\u00c0 LINH HO\u1ea0T, GH\u1ebe PH\u00d9 H\u1ee2P CHO NH\u1eeeNG AI Y\u00caU TH\u00cdCH S\u1ef0 THANH L\u1ecaCH V\u00c0 TINH T\u1ebe.<\/p>\n","protected":false},"excerpt":{"rendered":"<p>GH\u1ebe B\u00c0NH SIENNA C\u00d3 PH\u1ea6N TR\u1ee4 G\u1ed6 G\u1ee2I NH\u1eda PHONG C\u00c1CH THI\u1ebeT K\u1ebe KI\u1ec2U TH\u1ee4Y \u0110I\u1ec2N C\u1ee6A NH\u1eeeNG N\u0102M 70. \u0110A N\u0102NG V\u00c0 LINH HO\u1ea0T, GH\u1ebe PH\u00d9 H\u1ee2P CHO NH\u1eeeNG AI Y\u00caU TH\u00cdCH S\u1ef0 THANH L\u1ecaCH V\u00c0 TINH T\u1ebe.<\/p>\n","protected":false},"featured_media":9145,"template":"","meta":[],"product_cat":[724],"product_tag":[703],"origin":[770],"designers":[],"collection":[403],"brands":[116],"class_list":{"0":"post-11339","1":"product","2":"type-product","3":"status-publish","4":"has-post-thumbnail","6":"product_cat-armchairs-vi","7":"product_tag-living-vi-2","8":"origin-european","9":"collection-sienna","10":"brands-casamania-horm","12":"first","13":"instock","14":"shipping-taxable","15":"purchasable","16":"product-type-simple"},"_links":{"self":[{"href":"https:\/\/modale.com\/vi\/wp-json\/wp\/v2\/product\/11339","targetHints":{"allow":["GET"]}}],"collection":[{"href":"https:\/\/modale.com\/vi\/wp-json\/wp\/v2\/product"}],"about":[{"href":"https:\/\/modale.com\/vi\/wp-json\/wp\/v2\/types\/product"}],"wp:featuredmedia":[{"embeddable":true,"href":"https:\/\/modale.com\/vi\/wp-json\/wp\/v2\/media\/9145"}],"wp:attachment":[{"href":"https:\/\/modale.com\/vi\/wp-json\/wp\/v2\/media?parent=11339"}],"wp:term":[{"taxonomy":"product_cat","embeddable":true,"href":"https:\/\/modale.com\/vi\/wp-json\/wp\/v2\/product_cat?post=11339"},{"taxonomy":"product_tag","embeddable":true,"href":"https:\/\/modale.com\/vi\/wp-json\/wp\/v2\/product_tag?post=11339"},{"taxonomy":"origin","embeddable":true,"href":"https:\/\/modale.com\/vi\/wp-json\/wp\/v2\/origin?post=11339"},{"taxonomy":"designers","embeddable":true,"href":"https:\/\/modale.com\/vi\/wp-json\/wp\/v2\/designers?post=11339"},{"taxonomy":"collection","embeddable":true,"href":"https:\/\/modale.com\/vi\/wp-json\/wp\/v2\/collection?post=11339"},{"taxonomy":"brands","embeddable":true,"href":"https:\/\/modale.com\/vi\/wp-json\/wp\/v2\/brands?post=11339"}],"curies":[{"name":"wp","href":"https:\/\/api.w.org\/{rel}","templated":true}]}}