{"id":11342,"date":"2023-04-10T17:40:15","date_gmt":"2023-04-10T17:40:15","guid":{"rendered":"https:\/\/modale.com\/product\/ripplessolid-wood-bench\/"},"modified":"2023-08-10T10:41:42","modified_gmt":"2023-08-10T10:41:42","slug":"ripplessolid-wood-bench","status":"publish","type":"product","link":"https:\/\/modale.com\/vi\/product\/ripplessolid-wood-bench\/","title":{"rendered":"<strong>CASAMANIA &amp; HORM <\/strong><br>GH\u1ebe B\u0102NG RIPPLES"},"content":{"rendered":"<p>GH\u1ebe B\u00c0NH RIPPLES \u0110\u01af\u1ee2C L\u00c0M T\u1eea CH\u1ea4T LI\u1ec6U T\u1ed4NG H\u1ee2P C\u1ee6A N\u0102M LO\u1ea0I G\u1ed6 R\u1eaeN KH\u00c1C NHAU G\u1ed2M G\u1ed6 \u00d3C CH\u00d3, G\u1ed6 G\u1ee4, G\u1ed6 CHERRY, G\u1ed6 S\u1ed2I, G\u1ed6 M\u00c0U KH\u00d3I, \u0110\u01af\u1ee2C CH\u1ea0M KH\u1eaeC TINH X\u1ea2O, PH\u00d9 H\u1ee2P CHO M\u1eccI GIA \u0110\u00ccNH, M\u00d4I TR\u01af\u1edcNG C\u00d4NG S\u1ede V\u00c0 KH\u00d4NG GIAN C\u00d4NG C\u1ed8NG. <\/p>\n","protected":false},"excerpt":{"rendered":"<p>GH\u1ebe B\u00c0NH RIPPLES \u0110\u01af\u1ee2C L\u00c0M T\u1eea CH\u1ea4T LI\u1ec6U T\u1ed4NG H\u1ee2P C\u1ee6A N\u0102M LO\u1ea0I G\u1ed6 R\u1eaeN KH\u00c1C NHAU G\u1ed2M G\u1ed6 \u00d3C CH\u00d3, G\u1ed6 G\u1ee4, G\u1ed6 CHERRY, G\u1ed6 S\u1ed2I, G\u1ed6 M\u00c0U KH\u00d3I, \u0110\u01af\u1ee2C CH\u1ea0M KH\u1eaeC TINH X\u1ea2O, PH\u00d9 H\u1ee2P CHO M\u1eccI GIA \u0110\u00ccNH, M\u00d4I TR\u01af\u1edcNG C\u00d4NG S\u1ede V\u00c0 KH\u00d4NG GIAN C\u00d4NG C\u1ed8NG.<\/p>\n","protected":false},"featured_media":9953,"template":"","meta":[],"product_cat":[728],"product_tag":[699],"origin":[770],"designers":[],"collection":[400],"brands":[116],"class_list":{"0":"post-11342","1":"product","2":"type-product","3":"status-publish","4":"has-post-thumbnail","6":"product_cat-benches-vi","7":"product_tag-bedroom-vi-2","8":"origin-european","9":"collection-ripples","10":"brands-casamania-horm","12":"first","13":"instock","14":"shipping-taxable","15":"purchasable","16":"product-type-simple"},"_links":{"self":[{"href":"https:\/\/modale.com\/vi\/wp-json\/wp\/v2\/product\/11342","targetHints":{"allow":["GET"]}}],"collection":[{"href":"https:\/\/modale.com\/vi\/wp-json\/wp\/v2\/product"}],"about":[{"href":"https:\/\/modale.com\/vi\/wp-json\/wp\/v2\/types\/product"}],"wp:featuredmedia":[{"embeddable":true,"href":"https:\/\/modale.com\/vi\/wp-json\/wp\/v2\/media\/9953"}],"wp:attachment":[{"href":"https:\/\/modale.com\/vi\/wp-json\/wp\/v2\/media?parent=11342"}],"wp:term":[{"taxonomy":"product_cat","embeddable":true,"href":"https:\/\/modale.com\/vi\/wp-json\/wp\/v2\/product_cat?post=11342"},{"taxonomy":"product_tag","embeddable":true,"href":"https:\/\/modale.com\/vi\/wp-json\/wp\/v2\/product_tag?post=11342"},{"taxonomy":"origin","embeddable":true,"href":"https:\/\/modale.com\/vi\/wp-json\/wp\/v2\/origin?post=11342"},{"taxonomy":"designers","embeddable":true,"href":"https:\/\/modale.com\/vi\/wp-json\/wp\/v2\/designers?post=11342"},{"taxonomy":"collection","embeddable":true,"href":"https:\/\/modale.com\/vi\/wp-json\/wp\/v2\/collection?post=11342"},{"taxonomy":"brands","embeddable":true,"href":"https:\/\/modale.com\/vi\/wp-json\/wp\/v2\/brands?post=11342"}],"curies":[{"name":"wp","href":"https:\/\/api.w.org\/{rel}","templated":true}]}}