{"id":11349,"date":"2023-04-10T17:39:22","date_gmt":"2023-04-10T17:39:22","guid":{"rendered":"https:\/\/modale.com\/product\/zenitxl-bed\/"},"modified":"2023-09-29T06:25:39","modified_gmt":"2023-09-29T06:25:39","slug":"zenitxl-bed","status":"publish","type":"product","link":"https:\/\/modale.com\/vi\/product\/zenitxl-bed\/","title":{"rendered":"<strong>PACHECO&#8217;S <\/strong><br>GI\u01af\u1edcNG XL ZENIT"},"content":{"rendered":"<p>GI\u01af\u1edcNG ZENIT XL S\u1ede H\u1eeeU PH\u1ea6N \u0110\u1ea6U GI\u01af\u1edcNG L\u1edaN H\u01a0N, L\u00dd T\u01af\u1edeNG KHI \u0110\u1eb6T C\u00d9NG HAI B\u00c0N C\u1ea0NH GI\u01af\u1edcNG \u0110\u1ec2 TRANG TR\u00cd, L\u00c0 \u0110I\u1ec2M THU H\u00daT \u00c1NH NH\u00ccN CH\u00cdNH CHO PH\u00d2NG NG\u1ee6 C\u1ee6A B\u1ea0N.<\/p>\n","protected":false},"excerpt":{"rendered":"<p>GI\u01af\u1edcNG ZENIT XL S\u1ede H\u1eeeU PH\u1ea6N \u0110\u1ea6U GI\u01af\u1edcNG L\u1edaN H\u01a0N, L\u00dd T\u01af\u1edeNG KHI \u0110\u1eb6T C\u00d9NG HAI B\u00c0N C\u1ea0NH GI\u01af\u1edcNG \u0110\u1ec2 TRANG TR\u00cd, L\u00c0 \u0110I\u1ec2M THU H\u00daT \u00c1NH NH\u00ccN CH\u00cdNH CHO PH\u00d2NG NG\u1ee6 C\u1ee6A B\u1ea0N.<\/p>\n","protected":false},"featured_media":10398,"template":"","meta":[],"product_cat":[726],"product_tag":[699],"origin":[770],"designers":[],"collection":[395],"brands":[115],"class_list":{"0":"post-11349","1":"product","2":"type-product","3":"status-publish","4":"has-post-thumbnail","6":"product_cat-beds-vi","7":"product_tag-bedroom-vi-2","8":"origin-european","9":"collection-zenit","10":"brands-pachecos","12":"first","13":"instock","14":"shipping-taxable","15":"purchasable","16":"product-type-simple"},"_links":{"self":[{"href":"https:\/\/modale.com\/vi\/wp-json\/wp\/v2\/product\/11349","targetHints":{"allow":["GET"]}}],"collection":[{"href":"https:\/\/modale.com\/vi\/wp-json\/wp\/v2\/product"}],"about":[{"href":"https:\/\/modale.com\/vi\/wp-json\/wp\/v2\/types\/product"}],"wp:featuredmedia":[{"embeddable":true,"href":"https:\/\/modale.com\/vi\/wp-json\/wp\/v2\/media\/10398"}],"wp:attachment":[{"href":"https:\/\/modale.com\/vi\/wp-json\/wp\/v2\/media?parent=11349"}],"wp:term":[{"taxonomy":"product_cat","embeddable":true,"href":"https:\/\/modale.com\/vi\/wp-json\/wp\/v2\/product_cat?post=11349"},{"taxonomy":"product_tag","embeddable":true,"href":"https:\/\/modale.com\/vi\/wp-json\/wp\/v2\/product_tag?post=11349"},{"taxonomy":"origin","embeddable":true,"href":"https:\/\/modale.com\/vi\/wp-json\/wp\/v2\/origin?post=11349"},{"taxonomy":"designers","embeddable":true,"href":"https:\/\/modale.com\/vi\/wp-json\/wp\/v2\/designers?post=11349"},{"taxonomy":"collection","embeddable":true,"href":"https:\/\/modale.com\/vi\/wp-json\/wp\/v2\/collection?post=11349"},{"taxonomy":"brands","embeddable":true,"href":"https:\/\/modale.com\/vi\/wp-json\/wp\/v2\/brands?post=11349"}],"curies":[{"name":"wp","href":"https:\/\/api.w.org\/{rel}","templated":true}]}}