{"id":11351,"date":"2023-04-10T17:39:18","date_gmt":"2023-04-10T17:39:18","guid":{"rendered":"https:\/\/modale.com\/product\/zenittall-dresser\/"},"modified":"2023-09-29T06:25:38","modified_gmt":"2023-09-29T06:25:38","slug":"zenittall-dresser","status":"publish","type":"product","link":"https:\/\/modale.com\/vi\/product\/zenittall-dresser\/","title":{"rendered":"<strong>PACHECO&#8217;S <\/strong><br>T\u1ee6 QU\u1ea6N \u00c1O CAO ZENIT"},"content":{"rendered":"<p>T\u1ee6 QU\u1ea6N \u00c1O TR\u1eaeNG C\u00d3 HO\u1ea0 TI\u1ebeT TRANG TR\u00cd NH\u1ece M\u00c0U V\u00c0NG, G\u1ed2M 5 NG\u0102N K\u00c9O V\u00c0 KH\u00d4NG GIAN L\u1edaN \u0110\u1ee6 \u0110\u1ec2 L\u01afU TR\u1eee T\u1ea4T C\u1ea2 QU\u1ea6N \u00c1O V\u00c0 GI\u00c0Y C\u1ee6A B\u1ea0N. S\u1ea2N PH\u1ea8M C\u00d3 TH\u1ec2 \u0110\u01af\u1ee2C \u0110I\u1ec0U CH\u1ec8NH TU\u1ef2 THEO NHU C\u1ea6U KH\u00c1CH H\u00c0NG.<\/p>\n","protected":false},"excerpt":{"rendered":"<p>T\u1ee6 QU\u1ea6N \u00c1O TR\u1eaeNG C\u00d3 HO\u1ea0 TI\u1ebeT TRANG TR\u00cd NH\u1ece M\u00c0U V\u00c0NG, G\u1ed2M 5 NG\u0102N K\u00c9O V\u00c0 KH\u00d4NG GIAN L\u1edaN \u0110\u1ee6 \u0110\u1ec2 L\u01afU TR\u1eee T\u1ea4T C\u1ea2 QU\u1ea6N \u00c1O V\u00c0 GI\u00c0Y C\u1ee6A B\u1ea0N. S\u1ea2N PH\u1ea8M C\u00d3 TH\u1ec2 \u0110\u01af\u1ee2C \u0110I\u1ec0U CH\u1ec8NH TU\u1ef2 THEO NHU C\u1ea6U KH\u00c1CH H\u00c0NG.<\/p>\n","protected":false},"featured_media":9113,"template":"","meta":[],"product_cat":[733],"product_tag":[699],"origin":[770],"designers":[],"collection":[395],"brands":[115],"class_list":{"0":"post-11351","1":"product","2":"type-product","3":"status-publish","4":"has-post-thumbnail","6":"product_cat-chests-dressers-vi","7":"product_tag-bedroom-vi-2","8":"origin-european","9":"collection-zenit","10":"brands-pachecos","12":"first","13":"instock","14":"shipping-taxable","15":"purchasable","16":"product-type-simple"},"_links":{"self":[{"href":"https:\/\/modale.com\/vi\/wp-json\/wp\/v2\/product\/11351","targetHints":{"allow":["GET"]}}],"collection":[{"href":"https:\/\/modale.com\/vi\/wp-json\/wp\/v2\/product"}],"about":[{"href":"https:\/\/modale.com\/vi\/wp-json\/wp\/v2\/types\/product"}],"wp:featuredmedia":[{"embeddable":true,"href":"https:\/\/modale.com\/vi\/wp-json\/wp\/v2\/media\/9113"}],"wp:attachment":[{"href":"https:\/\/modale.com\/vi\/wp-json\/wp\/v2\/media?parent=11351"}],"wp:term":[{"taxonomy":"product_cat","embeddable":true,"href":"https:\/\/modale.com\/vi\/wp-json\/wp\/v2\/product_cat?post=11351"},{"taxonomy":"product_tag","embeddable":true,"href":"https:\/\/modale.com\/vi\/wp-json\/wp\/v2\/product_tag?post=11351"},{"taxonomy":"origin","embeddable":true,"href":"https:\/\/modale.com\/vi\/wp-json\/wp\/v2\/origin?post=11351"},{"taxonomy":"designers","embeddable":true,"href":"https:\/\/modale.com\/vi\/wp-json\/wp\/v2\/designers?post=11351"},{"taxonomy":"collection","embeddable":true,"href":"https:\/\/modale.com\/vi\/wp-json\/wp\/v2\/collection?post=11351"},{"taxonomy":"brands","embeddable":true,"href":"https:\/\/modale.com\/vi\/wp-json\/wp\/v2\/brands?post=11351"}],"curies":[{"name":"wp","href":"https:\/\/api.w.org\/{rel}","templated":true}]}}