{"id":11354,"date":"2023-04-10T17:33:17","date_gmt":"2023-04-10T17:33:17","guid":{"rendered":"https:\/\/modale.com\/product\/zenitsmall-bookcase\/"},"modified":"2023-09-29T06:25:37","modified_gmt":"2023-09-29T06:25:37","slug":"zenitsmall-bookcase","status":"publish","type":"product","link":"https:\/\/modale.com\/vi\/product\/zenitsmall-bookcase\/","title":{"rendered":"<strong>PACHECO&#8217;S <\/strong><br>T\u1ee6 S\u00c1CH NH\u1ece ZENIT"},"content":{"rendered":"<p>T\u1ee6 S\u00c1CH V\u1edaI CH\u1ea4T LI\u1ec6U G\u1ed6 H\u1ed2 \u0110\u00c0O V\u00c0 SATIN TR\u1eaeNG. N\u01a0I L\u01afU TR\u1eee S\u00c1CH V\u00c0 V\u1eacT D\u1ee4NG TRANG TR\u00cd. V\u1eacT D\u1ee4NG L\u00dd T\u01af\u1edeNG \u0110\u1ec2 K\u1ebeT N\u1ed0I PH\u00d2NG KH\u00c1CH V\u00c0 PH\u00d2NG \u0102N. T\u1ee6 S\u00c1CH N\u00c0Y C\u0168NG C\u00d3 TH\u1ec2 D\u00d9NG T\u1ea0I B\u1ea4T K\u1ef2 V\u0102N PH\u00d2NG N\u00c0O.<\/p>\n","protected":false},"excerpt":{"rendered":"<p>T\u1ee6 S\u00c1CH V\u1edaI CH\u1ea4T LI\u1ec6U G\u1ed6 H\u1ed2 \u0110\u00c0O V\u00c0 SATIN TR\u1eaeNG. N\u01a0I L\u01afU TR\u1eee S\u00c1CH V\u00c0 V\u1eacT D\u1ee4NG TRANG TR\u00cd. V\u1eacT D\u1ee4NG L\u00dd T\u01af\u1edeNG \u0110\u1ec2 K\u1ebeT N\u1ed0I PH\u00d2NG KH\u00c1CH V\u00c0 PH\u00d2NG \u0102N. T\u1ee6 S\u00c1CH N\u00c0Y C\u0168NG C\u00d3 TH\u1ec2 D\u00d9NG T\u1ea0I B\u1ea4T K\u1ef2 V\u0102N PH\u00d2NG N\u00c0O.<\/p>\n","protected":false},"featured_media":9104,"template":"","meta":[],"product_cat":[729],"product_tag":[703],"origin":[770],"designers":[],"collection":[395],"brands":[115],"class_list":{"0":"post-11354","1":"product","2":"type-product","3":"status-publish","4":"has-post-thumbnail","6":"product_cat-cabinets-vi","7":"product_tag-living-vi-2","8":"origin-european","9":"collection-zenit","10":"brands-pachecos","12":"first","13":"instock","14":"shipping-taxable","15":"purchasable","16":"product-type-simple"},"_links":{"self":[{"href":"https:\/\/modale.com\/vi\/wp-json\/wp\/v2\/product\/11354","targetHints":{"allow":["GET"]}}],"collection":[{"href":"https:\/\/modale.com\/vi\/wp-json\/wp\/v2\/product"}],"about":[{"href":"https:\/\/modale.com\/vi\/wp-json\/wp\/v2\/types\/product"}],"wp:featuredmedia":[{"embeddable":true,"href":"https:\/\/modale.com\/vi\/wp-json\/wp\/v2\/media\/9104"}],"wp:attachment":[{"href":"https:\/\/modale.com\/vi\/wp-json\/wp\/v2\/media?parent=11354"}],"wp:term":[{"taxonomy":"product_cat","embeddable":true,"href":"https:\/\/modale.com\/vi\/wp-json\/wp\/v2\/product_cat?post=11354"},{"taxonomy":"product_tag","embeddable":true,"href":"https:\/\/modale.com\/vi\/wp-json\/wp\/v2\/product_tag?post=11354"},{"taxonomy":"origin","embeddable":true,"href":"https:\/\/modale.com\/vi\/wp-json\/wp\/v2\/origin?post=11354"},{"taxonomy":"designers","embeddable":true,"href":"https:\/\/modale.com\/vi\/wp-json\/wp\/v2\/designers?post=11354"},{"taxonomy":"collection","embeddable":true,"href":"https:\/\/modale.com\/vi\/wp-json\/wp\/v2\/collection?post=11354"},{"taxonomy":"brands","embeddable":true,"href":"https:\/\/modale.com\/vi\/wp-json\/wp\/v2\/brands?post=11354"}],"curies":[{"name":"wp","href":"https:\/\/api.w.org\/{rel}","templated":true}]}}