{"id":11355,"date":"2023-04-10T17:33:14","date_gmt":"2023-04-10T17:33:14","guid":{"rendered":"https:\/\/modale.com\/product\/zenitsideboard-with-4-doors\/"},"modified":"2023-09-29T06:25:37","modified_gmt":"2023-09-29T06:25:37","slug":"zenitsideboard-with-4-doors","status":"publish","type":"product","link":"https:\/\/modale.com\/vi\/product\/zenitsideboard-with-4-doors\/","title":{"rendered":"<strong>PACHECO&#8217;S <\/strong><br>T\u1ee6 SIDEBOARD 4 C\u1eecA ZENIT"},"content":{"rendered":"<p>B\u00c0N TRANG TR\u00cd ZENIT B\u1ed0N C\u1eecA L\u00c0M B\u1eb0NG G\u1ed6 V\u1edaI C\u00c1C CHI TI\u1ebeT M\u00c0U V\u00c0NG, M\u1ed8T S\u1ea2N PH\u1ea8M KH\u00d4NG TH\u1ec2 B\u1ece QUA TRONG PH\u00d2NG KH\u00c1CH HAY PH\u00d2NG \u0102N C\u1ee6A B\u1ea0N<\/p>\n","protected":false},"excerpt":{"rendered":"<p>B\u00c0N TRANG TR\u00cd ZENIT B\u1ed0N C\u1eecA L\u00c0M B\u1eb0NG G\u1ed6 V\u1edaI C\u00c1C CHI TI\u1ebeT M\u00c0U V\u00c0NG, M\u1ed8T S\u1ea2N PH\u1ea8M KH\u00d4NG TH\u1ec2 B\u1ece QUA TRONG PH\u00d2NG KH\u00c1CH HAY PH\u00d2NG \u0102N C\u1ee6A B\u1ea0N<\/p>\n","protected":false},"featured_media":9101,"template":"","meta":[],"product_cat":[745],"product_tag":[700],"origin":[770],"designers":[],"collection":[395],"brands":[115],"class_list":{"0":"post-11355","1":"product","2":"type-product","3":"status-publish","4":"has-post-thumbnail","6":"product_cat-sideboards-vi","7":"product_tag-dining-vi-2","8":"origin-european","9":"collection-zenit","10":"brands-pachecos","12":"first","13":"instock","14":"shipping-taxable","15":"purchasable","16":"product-type-simple"},"_links":{"self":[{"href":"https:\/\/modale.com\/vi\/wp-json\/wp\/v2\/product\/11355","targetHints":{"allow":["GET"]}}],"collection":[{"href":"https:\/\/modale.com\/vi\/wp-json\/wp\/v2\/product"}],"about":[{"href":"https:\/\/modale.com\/vi\/wp-json\/wp\/v2\/types\/product"}],"wp:featuredmedia":[{"embeddable":true,"href":"https:\/\/modale.com\/vi\/wp-json\/wp\/v2\/media\/9101"}],"wp:attachment":[{"href":"https:\/\/modale.com\/vi\/wp-json\/wp\/v2\/media?parent=11355"}],"wp:term":[{"taxonomy":"product_cat","embeddable":true,"href":"https:\/\/modale.com\/vi\/wp-json\/wp\/v2\/product_cat?post=11355"},{"taxonomy":"product_tag","embeddable":true,"href":"https:\/\/modale.com\/vi\/wp-json\/wp\/v2\/product_tag?post=11355"},{"taxonomy":"origin","embeddable":true,"href":"https:\/\/modale.com\/vi\/wp-json\/wp\/v2\/origin?post=11355"},{"taxonomy":"designers","embeddable":true,"href":"https:\/\/modale.com\/vi\/wp-json\/wp\/v2\/designers?post=11355"},{"taxonomy":"collection","embeddable":true,"href":"https:\/\/modale.com\/vi\/wp-json\/wp\/v2\/collection?post=11355"},{"taxonomy":"brands","embeddable":true,"href":"https:\/\/modale.com\/vi\/wp-json\/wp\/v2\/brands?post=11355"}],"curies":[{"name":"wp","href":"https:\/\/api.w.org\/{rel}","templated":true}]}}