{"id":11363,"date":"2023-04-10T17:32:56","date_gmt":"2023-04-10T17:32:56","guid":{"rendered":"https:\/\/modale.com\/product\/zenitlarge-bookcase\/"},"modified":"2023-09-29T06:25:35","modified_gmt":"2023-09-29T06:25:35","slug":"zenitlarge-bookcase","status":"publish","type":"product","link":"https:\/\/modale.com\/vi\/product\/zenitlarge-bookcase\/","title":{"rendered":"<strong>PACHECO&#8217;S <\/strong><br>T\u1ee6 S\u00c1CH L\u1edaN ZENIT"},"content":{"rendered":"<p>T\u1ee6 S\u00c1CH ZENIT \u0110\u01af\u1ee2C L\u00c0M B\u1eb0NG G\u1ed6 \u00d3C CH\u00d3 M\u00c0U TR\u1eaeNG, L\u00dd T\u01af\u1edeNG CHO NHI\u1ec0U KH\u00d4NG GIAN S\u1ed0NG KH\u00c1C NHAU.<\/p>\n","protected":false},"excerpt":{"rendered":"<p>T\u1ee6 S\u00c1CH ZENIT \u0110\u01af\u1ee2C L\u00c0M B\u1eb0NG G\u1ed6 \u00d3C CH\u00d3 M\u00c0U TR\u1eaeNG, L\u00dd T\u01af\u1edeNG CHO NHI\u1ec0U KH\u00d4NG GIAN S\u1ed0NG KH\u00c1C NHAU.<\/p>\n","protected":false},"featured_media":9079,"template":"","meta":[],"product_cat":[729],"product_tag":[703],"origin":[770],"designers":[],"collection":[395],"brands":[115],"class_list":{"0":"post-11363","1":"product","2":"type-product","3":"status-publish","4":"has-post-thumbnail","6":"product_cat-cabinets-vi","7":"product_tag-living-vi-2","8":"origin-european","9":"collection-zenit","10":"brands-pachecos","12":"first","13":"instock","14":"shipping-taxable","15":"purchasable","16":"product-type-simple"},"_links":{"self":[{"href":"https:\/\/modale.com\/vi\/wp-json\/wp\/v2\/product\/11363","targetHints":{"allow":["GET"]}}],"collection":[{"href":"https:\/\/modale.com\/vi\/wp-json\/wp\/v2\/product"}],"about":[{"href":"https:\/\/modale.com\/vi\/wp-json\/wp\/v2\/types\/product"}],"wp:featuredmedia":[{"embeddable":true,"href":"https:\/\/modale.com\/vi\/wp-json\/wp\/v2\/media\/9079"}],"wp:attachment":[{"href":"https:\/\/modale.com\/vi\/wp-json\/wp\/v2\/media?parent=11363"}],"wp:term":[{"taxonomy":"product_cat","embeddable":true,"href":"https:\/\/modale.com\/vi\/wp-json\/wp\/v2\/product_cat?post=11363"},{"taxonomy":"product_tag","embeddable":true,"href":"https:\/\/modale.com\/vi\/wp-json\/wp\/v2\/product_tag?post=11363"},{"taxonomy":"origin","embeddable":true,"href":"https:\/\/modale.com\/vi\/wp-json\/wp\/v2\/origin?post=11363"},{"taxonomy":"designers","embeddable":true,"href":"https:\/\/modale.com\/vi\/wp-json\/wp\/v2\/designers?post=11363"},{"taxonomy":"collection","embeddable":true,"href":"https:\/\/modale.com\/vi\/wp-json\/wp\/v2\/collection?post=11363"},{"taxonomy":"brands","embeddable":true,"href":"https:\/\/modale.com\/vi\/wp-json\/wp\/v2\/brands?post=11363"}],"curies":[{"name":"wp","href":"https:\/\/api.w.org\/{rel}","templated":true}]}}