{"id":11367,"date":"2023-04-10T17:32:47","date_gmt":"2023-04-10T17:32:47","guid":{"rendered":"https:\/\/modale.com\/product\/zenitcoffee-table\/"},"modified":"2023-09-29T06:25:34","modified_gmt":"2023-09-29T06:25:34","slug":"zenitcoffee-table","status":"publish","type":"product","link":"https:\/\/modale.com\/vi\/product\/zenitcoffee-table\/","title":{"rendered":"<strong>PACHECO&#8217;S <\/strong><br>B\u00c0N CAFE ZENIT"},"content":{"rendered":"<p>B\u00c0N CAFE ZENIT H\u00ccNH CH\u1eee NH\u1eacT C\u00d3 PH\u1ea6N KHUNG B\u1eb0NG G\u1ed6 V\u00c0 C\u00c1C CHI TI\u1ebeT M\u00c0U V\u00c0NG, L\u00c0 S\u1ef0 K\u1ebeT H\u1ee2P HO\u00c0N H\u1ea2O GI\u1eeeA C\u00d4NG N\u0102NG V\u00c0 THI\u1ebeT K\u1ebe THANH L\u1ecaCH.<\/p>\n","protected":false},"excerpt":{"rendered":"<p>B\u00c0N CAFE ZENIT H\u00ccNH CH\u1eee NH\u1eacT C\u00d3 PH\u1ea6N KHUNG B\u1eb0NG G\u1ed6 V\u00c0 C\u00c1C CHI TI\u1ebeT M\u00c0U V\u00c0NG, L\u00c0 S\u1ef0 K\u1ebeT H\u1ee2P HO\u00c0N H\u1ea2O GI\u1eeeA C\u00d4NG N\u0102NG V\u00c0 THI\u1ebeT K\u1ebe THANH L\u1ecaCH.<\/p>\n","protected":false},"featured_media":9067,"template":"","meta":[],"product_cat":[734],"product_tag":[703],"origin":[770],"designers":[],"collection":[395],"brands":[115],"class_list":{"0":"post-11367","1":"product","2":"type-product","3":"status-publish","4":"has-post-thumbnail","6":"product_cat-coffee-tables-vi","7":"product_tag-living-vi-2","8":"origin-european","9":"collection-zenit","10":"brands-pachecos","12":"first","13":"instock","14":"shipping-taxable","15":"purchasable","16":"product-type-simple"},"_links":{"self":[{"href":"https:\/\/modale.com\/vi\/wp-json\/wp\/v2\/product\/11367","targetHints":{"allow":["GET"]}}],"collection":[{"href":"https:\/\/modale.com\/vi\/wp-json\/wp\/v2\/product"}],"about":[{"href":"https:\/\/modale.com\/vi\/wp-json\/wp\/v2\/types\/product"}],"wp:featuredmedia":[{"embeddable":true,"href":"https:\/\/modale.com\/vi\/wp-json\/wp\/v2\/media\/9067"}],"wp:attachment":[{"href":"https:\/\/modale.com\/vi\/wp-json\/wp\/v2\/media?parent=11367"}],"wp:term":[{"taxonomy":"product_cat","embeddable":true,"href":"https:\/\/modale.com\/vi\/wp-json\/wp\/v2\/product_cat?post=11367"},{"taxonomy":"product_tag","embeddable":true,"href":"https:\/\/modale.com\/vi\/wp-json\/wp\/v2\/product_tag?post=11367"},{"taxonomy":"origin","embeddable":true,"href":"https:\/\/modale.com\/vi\/wp-json\/wp\/v2\/origin?post=11367"},{"taxonomy":"designers","embeddable":true,"href":"https:\/\/modale.com\/vi\/wp-json\/wp\/v2\/designers?post=11367"},{"taxonomy":"collection","embeddable":true,"href":"https:\/\/modale.com\/vi\/wp-json\/wp\/v2\/collection?post=11367"},{"taxonomy":"brands","embeddable":true,"href":"https:\/\/modale.com\/vi\/wp-json\/wp\/v2\/brands?post=11367"}],"curies":[{"name":"wp","href":"https:\/\/api.w.org\/{rel}","templated":true}]}}