{"id":11369,"date":"2023-04-10T17:32:43","date_gmt":"2023-04-10T17:32:43","guid":{"rendered":"https:\/\/modale.com\/product\/zenitchair\/"},"modified":"2023-09-29T06:25:33","modified_gmt":"2023-09-29T06:25:33","slug":"zenitchair","status":"publish","type":"product","link":"https:\/\/modale.com\/vi\/product\/zenitchair\/","title":{"rendered":"<strong>PACHECO&#8217;S <\/strong><br>GH\u1ebe ZENIT"},"content":{"rendered":"<p>GH\u1ebe ZENIT M\u00c0U N\u00c2U, CH\u00c2N GH\u1ebe B\u1eb0NG G\u1ed6, PH\u00d9 H\u1ee2P CHO C\u1ea2 KH\u00d4NG GIAN HI\u1ec6N \u0110\u1ea0I L\u1eaaN C\u1ed4 \u0110I\u1ec2N.<\/p>\n","protected":false},"excerpt":{"rendered":"<p>GH\u1ebe ZENIT M\u00c0U N\u00c2U, CH\u00c2N GH\u1ebe B\u1eb0NG G\u1ed6, PH\u00d9 H\u1ee2P CHO C\u1ea2 KH\u00d4NG GIAN HI\u1ec6N \u0110\u1ea0I L\u1eaaN C\u1ed4 \u0110I\u1ec2N.<\/p>\n","protected":false},"featured_media":9061,"template":"","meta":[],"product_cat":[731],"product_tag":[700],"origin":[770],"designers":[],"collection":[395],"brands":[115],"class_list":{"0":"post-11369","1":"product","2":"type-product","3":"status-publish","4":"has-post-thumbnail","6":"product_cat-chairs-vi","7":"product_tag-dining-vi-2","8":"origin-european","9":"collection-zenit","10":"brands-pachecos","12":"first","13":"instock","14":"shipping-taxable","15":"purchasable","16":"product-type-simple"},"_links":{"self":[{"href":"https:\/\/modale.com\/vi\/wp-json\/wp\/v2\/product\/11369","targetHints":{"allow":["GET"]}}],"collection":[{"href":"https:\/\/modale.com\/vi\/wp-json\/wp\/v2\/product"}],"about":[{"href":"https:\/\/modale.com\/vi\/wp-json\/wp\/v2\/types\/product"}],"wp:featuredmedia":[{"embeddable":true,"href":"https:\/\/modale.com\/vi\/wp-json\/wp\/v2\/media\/9061"}],"wp:attachment":[{"href":"https:\/\/modale.com\/vi\/wp-json\/wp\/v2\/media?parent=11369"}],"wp:term":[{"taxonomy":"product_cat","embeddable":true,"href":"https:\/\/modale.com\/vi\/wp-json\/wp\/v2\/product_cat?post=11369"},{"taxonomy":"product_tag","embeddable":true,"href":"https:\/\/modale.com\/vi\/wp-json\/wp\/v2\/product_tag?post=11369"},{"taxonomy":"origin","embeddable":true,"href":"https:\/\/modale.com\/vi\/wp-json\/wp\/v2\/origin?post=11369"},{"taxonomy":"designers","embeddable":true,"href":"https:\/\/modale.com\/vi\/wp-json\/wp\/v2\/designers?post=11369"},{"taxonomy":"collection","embeddable":true,"href":"https:\/\/modale.com\/vi\/wp-json\/wp\/v2\/collection?post=11369"},{"taxonomy":"brands","embeddable":true,"href":"https:\/\/modale.com\/vi\/wp-json\/wp\/v2\/brands?post=11369"}],"curies":[{"name":"wp","href":"https:\/\/api.w.org\/{rel}","templated":true}]}}