{"id":11375,"date":"2023-04-10T17:32:28","date_gmt":"2023-04-10T17:32:28","guid":{"rendered":"https:\/\/modale.com\/product\/sohoxlux-sideboard-with-3-doors\/"},"modified":"2023-09-29T06:25:32","modified_gmt":"2023-09-29T06:25:32","slug":"sohoxlux-sideboard-with-3-doors","status":"publish","type":"product","link":"https:\/\/modale.com\/vi\/product\/sohoxlux-sideboard-with-3-doors\/","title":{"rendered":"<strong>PACHECO&#8217;S <\/strong><br>T\u1ee6 SIDEBOARD 3 C\u1eecA SOHO"},"content":{"rendered":"<p>B\u00c0N TRANG TR\u00cd SOHO XLUX \u0110\u01af\u1ee2C THI\u1ebeT K\u1ebe TINH T\u1ebe, HI\u1ec6N \u0110\u1ea0I V\u00c0 THEO H\u01a0I H\u01af\u1edaNG V\u1eca LAI, MANG T\u1edaI N\u00c9T SANG TR\u1eccNG CHO L\u1ed0I V\u00c0O C\u1ee6A NG\u00d4I NH\u00c0.<\/p>\n","protected":false},"excerpt":{"rendered":"<p>B\u00c0N TRANG TR\u00cd SOHO XLUX \u0110\u01af\u1ee2C THI\u1ebeT K\u1ebe TINH T\u1ebe, HI\u1ec6N \u0110\u1ea0I V\u00c0 THEO H\u01a0I H\u01af\u1edaNG V\u1eca LAI, MANG T\u1edaI N\u00c9T SANG TR\u1eccNG CHO L\u1ed0I V\u00c0O C\u1ee6A NG\u00d4I NH\u00c0.<\/p>\n","protected":false},"featured_media":9043,"template":"","meta":[],"product_cat":[745],"product_tag":[700],"origin":[770],"designers":[],"collection":[394],"brands":[115],"class_list":{"0":"post-11375","1":"product","2":"type-product","3":"status-publish","4":"has-post-thumbnail","6":"product_cat-sideboards-vi","7":"product_tag-dining-vi-2","8":"origin-european","9":"collection-soho","10":"brands-pachecos","12":"first","13":"instock","14":"shipping-taxable","15":"purchasable","16":"product-type-simple"},"_links":{"self":[{"href":"https:\/\/modale.com\/vi\/wp-json\/wp\/v2\/product\/11375","targetHints":{"allow":["GET"]}}],"collection":[{"href":"https:\/\/modale.com\/vi\/wp-json\/wp\/v2\/product"}],"about":[{"href":"https:\/\/modale.com\/vi\/wp-json\/wp\/v2\/types\/product"}],"wp:featuredmedia":[{"embeddable":true,"href":"https:\/\/modale.com\/vi\/wp-json\/wp\/v2\/media\/9043"}],"wp:attachment":[{"href":"https:\/\/modale.com\/vi\/wp-json\/wp\/v2\/media?parent=11375"}],"wp:term":[{"taxonomy":"product_cat","embeddable":true,"href":"https:\/\/modale.com\/vi\/wp-json\/wp\/v2\/product_cat?post=11375"},{"taxonomy":"product_tag","embeddable":true,"href":"https:\/\/modale.com\/vi\/wp-json\/wp\/v2\/product_tag?post=11375"},{"taxonomy":"origin","embeddable":true,"href":"https:\/\/modale.com\/vi\/wp-json\/wp\/v2\/origin?post=11375"},{"taxonomy":"designers","embeddable":true,"href":"https:\/\/modale.com\/vi\/wp-json\/wp\/v2\/designers?post=11375"},{"taxonomy":"collection","embeddable":true,"href":"https:\/\/modale.com\/vi\/wp-json\/wp\/v2\/collection?post=11375"},{"taxonomy":"brands","embeddable":true,"href":"https:\/\/modale.com\/vi\/wp-json\/wp\/v2\/brands?post=11375"}],"curies":[{"name":"wp","href":"https:\/\/api.w.org\/{rel}","templated":true}]}}