{"id":11376,"date":"2023-04-10T17:32:26","date_gmt":"2023-04-10T17:32:26","guid":{"rendered":"https:\/\/modale.com\/product\/sohoxlux-console\/"},"modified":"2023-09-29T06:25:32","modified_gmt":"2023-09-29T06:25:32","slug":"sohoxlux-console","status":"publish","type":"product","link":"https:\/\/modale.com\/vi\/product\/sohoxlux-console\/","title":{"rendered":"<strong>PACHECO&#8217;S <\/strong><br>T\u1ee6 CONSOLE XLUX SOHO"},"content":{"rendered":"<p>B\u00c0N CONSOLE SOHO XLUX \u0110\u01af\u1ee2C THI\u1ebeT K\u1ebe V\u1edaI NH\u1eeeNG \u0110\u01af\u1edcNG CONG M\u1ec0M M\u1ea0I, C\u00d9NG CH\u00c2N B\u00c0N M\u00c0U V\u00c0NG, L\u00c0M B\u1eeaNG S\u00c1NG KH\u00d4NG GIAN C\u1ee6A B\u1ea0N.<\/p>\n","protected":false},"excerpt":{"rendered":"<p>B\u00c0N CONSOLE SOHO XLUX \u0110\u01af\u1ee2C THI\u1ebeT K\u1ebe V\u1edaI NH\u1eeeNG \u0110\u01af\u1edcNG CONG M\u1ec0M M\u1ea0I, C\u00d9NG CH\u00c2N B\u00c0N M\u00c0U V\u00c0NG, L\u00c0M B\u1eeaNG S\u00c1NG KH\u00d4NG GIAN C\u1ee6A B\u1ea0N.<\/p>\n","protected":false},"featured_media":9040,"template":"","meta":[],"product_cat":[735],"product_tag":[703],"origin":[770],"designers":[],"collection":[394],"brands":[115],"class_list":{"0":"post-11376","1":"product","2":"type-product","3":"status-publish","4":"has-post-thumbnail","6":"product_cat-consoles-vi","7":"product_tag-living-vi-2","8":"origin-european","9":"collection-soho","10":"brands-pachecos","12":"first","13":"instock","14":"shipping-taxable","15":"purchasable","16":"product-type-simple"},"_links":{"self":[{"href":"https:\/\/modale.com\/vi\/wp-json\/wp\/v2\/product\/11376","targetHints":{"allow":["GET"]}}],"collection":[{"href":"https:\/\/modale.com\/vi\/wp-json\/wp\/v2\/product"}],"about":[{"href":"https:\/\/modale.com\/vi\/wp-json\/wp\/v2\/types\/product"}],"wp:featuredmedia":[{"embeddable":true,"href":"https:\/\/modale.com\/vi\/wp-json\/wp\/v2\/media\/9040"}],"wp:attachment":[{"href":"https:\/\/modale.com\/vi\/wp-json\/wp\/v2\/media?parent=11376"}],"wp:term":[{"taxonomy":"product_cat","embeddable":true,"href":"https:\/\/modale.com\/vi\/wp-json\/wp\/v2\/product_cat?post=11376"},{"taxonomy":"product_tag","embeddable":true,"href":"https:\/\/modale.com\/vi\/wp-json\/wp\/v2\/product_tag?post=11376"},{"taxonomy":"origin","embeddable":true,"href":"https:\/\/modale.com\/vi\/wp-json\/wp\/v2\/origin?post=11376"},{"taxonomy":"designers","embeddable":true,"href":"https:\/\/modale.com\/vi\/wp-json\/wp\/v2\/designers?post=11376"},{"taxonomy":"collection","embeddable":true,"href":"https:\/\/modale.com\/vi\/wp-json\/wp\/v2\/collection?post=11376"},{"taxonomy":"brands","embeddable":true,"href":"https:\/\/modale.com\/vi\/wp-json\/wp\/v2\/brands?post=11376"}],"curies":[{"name":"wp","href":"https:\/\/api.w.org\/{rel}","templated":true}]}}